{"id":6279,"date":"2023-12-13T11:21:01","date_gmt":"2023-12-13T10:21:01","guid":{"rendered":"https:\/\/www.roamtechnology.com\/applications-industrielles\/desinfection-des-surfaces\/"},"modified":"2023-12-13T11:21:02","modified_gmt":"2023-12-13T10:21:02","slug":"desinfection-des-surfaces","status":"publish","type":"page","link":"https:\/\/www.roamtechnology.com\/fr\/applications-industrielles\/desinfection-des-surfaces\/","title":{"rendered":"D\u00e9sinfection des surfaces"},"content":{"rendered":"<p>Il est de plus en plus important de cr\u00e9er un environnement de production s\u00fbr et sain en utilisant des solutions durables. Les installations de fabrication doivent maintenir une zone de production propre et hygi\u00e9nique, y compris les laboratoires et les entrep\u00f4ts. Le contr\u00f4le de cet environnement propre est de la plus haute importance.<\/p>\n<p>&nbsp;<\/p>\n<p>&nbsp;<\/p>\n","protected":false},"excerpt":{"rendered":"<p>Il est de plus en plus important de cr\u00e9er un environnement de production s\u00fbr et sain en utilisant des solutions durables. Les installations de fabrication doivent maintenir une zone de production propre et hygi\u00e9nique, y compris les laboratoires et les entrep\u00f4ts. Le contr\u00f4le de cet environnement propre est de la plus haute importance. &nbsp; &nbsp;<\/p>\n","protected":false},"author":2,"featured_media":3771,"parent":6258,"menu_order":0,"comment_status":"closed","ping_status":"closed","template":"","meta":{"inline_featured_image":false,"footnotes":""},"class_list":["post-6279","page","type-page","status-publish","has-post-thumbnail","hentry"],"acf":[],"yoast_head":"<!-- This site is optimized with the Yoast SEO plugin v23.9 - https:\/\/yoast.com\/wordpress\/plugins\/seo\/ -->\n<title>D\u00e9sinfection des surfaces - Roam Technology<\/title>\n<meta name=\"robots\" content=\"index, follow, max-snippet:-1, max-image-preview:large, max-video-preview:-1\" \/>\n<link rel=\"canonical\" href=\"https:\/\/www.roamtechnology.com\/fr\/applications-industrielles\/desinfection-des-surfaces\/\" \/>\n<meta property=\"og:locale\" content=\"fr_FR\" \/>\n<meta property=\"og:type\" content=\"article\" \/>\n<meta property=\"og:title\" content=\"D\u00e9sinfection des surfaces - Roam Technology\" \/>\n<meta property=\"og:description\" content=\"Il est de plus en plus important de cr\u00e9er un environnement de production s\u00fbr et sain en utilisant des solutions durables. Les installations de fabrication doivent maintenir une zone de production propre et hygi\u00e9nique, y compris les laboratoires et les entrep\u00f4ts. Le contr\u00f4le de cet environnement propre est de la plus haute importance. &nbsp; &nbsp;\" \/>\n<meta property=\"og:url\" content=\"https:\/\/www.roamtechnology.com\/fr\/applications-industrielles\/desinfection-des-surfaces\/\" \/>\n<meta property=\"og:site_name\" content=\"Roam Technology\" \/>\n<meta property=\"article:modified_time\" content=\"2023-12-13T10:21:02+00:00\" \/>\n<meta property=\"og:image\" content=\"https:\/\/www.roamtechnology.com\/app\/uploads\/2021\/11\/shutterstock_674397079-1440x960.jpg\" \/>\n\t<meta property=\"og:image:width\" content=\"1440\" \/>\n\t<meta property=\"og:image:height\" content=\"960\" \/>\n\t<meta property=\"og:image:type\" content=\"image\/jpeg\" \/>\n<meta name=\"twitter:card\" content=\"summary_large_image\" \/>\n<script type=\"application\/ld+json\" class=\"yoast-schema-graph\">{\"@context\":\"https:\/\/schema.org\",\"@graph\":[{\"@type\":\"WebPage\",\"@id\":\"https:\/\/www.roamtechnology.com\/fr\/applications-industrielles\/desinfection-des-surfaces\/\",\"url\":\"https:\/\/www.roamtechnology.com\/fr\/applications-industrielles\/desinfection-des-surfaces\/\",\"name\":\"D\u00e9sinfection des surfaces - Roam Technology\",\"isPartOf\":{\"@id\":\"https:\/\/www.roamtechnology.com\/fr\/#website\"},\"primaryImageOfPage\":{\"@id\":\"https:\/\/www.roamtechnology.com\/fr\/applications-industrielles\/desinfection-des-surfaces\/#primaryimage\"},\"image\":{\"@id\":\"https:\/\/www.roamtechnology.com\/fr\/applications-industrielles\/desinfection-des-surfaces\/#primaryimage\"},\"thumbnailUrl\":\"https:\/\/www.roamtechnology.com\/app\/uploads\/2021\/11\/shutterstock_674397079.jpg\",\"datePublished\":\"2023-12-13T10:21:01+00:00\",\"dateModified\":\"2023-12-13T10:21:02+00:00\",\"breadcrumb\":{\"@id\":\"https:\/\/www.roamtechnology.com\/fr\/applications-industrielles\/desinfection-des-surfaces\/#breadcrumb\"},\"inLanguage\":\"fr-FR\",\"potentialAction\":[{\"@type\":\"ReadAction\",\"target\":[\"https:\/\/www.roamtechnology.com\/fr\/applications-industrielles\/desinfection-des-surfaces\/\"]}]},{\"@type\":\"ImageObject\",\"inLanguage\":\"fr-FR\",\"@id\":\"https:\/\/www.roamtechnology.com\/fr\/applications-industrielles\/desinfection-des-surfaces\/#primaryimage\",\"url\":\"https:\/\/www.roamtechnology.com\/app\/uploads\/2021\/11\/shutterstock_674397079.jpg\",\"contentUrl\":\"https:\/\/www.roamtechnology.com\/app\/uploads\/2021\/11\/shutterstock_674397079.jpg\",\"width\":5000,\"height\":3333},{\"@type\":\"BreadcrumbList\",\"@id\":\"https:\/\/www.roamtechnology.com\/fr\/applications-industrielles\/desinfection-des-surfaces\/#breadcrumb\",\"itemListElement\":[{\"@type\":\"ListItem\",\"position\":1,\"name\":\"Home\",\"item\":\"https:\/\/www.roamtechnology.com\/fr\/\"},{\"@type\":\"ListItem\",\"position\":2,\"name\":\"Industrial Applications\",\"item\":\"https:\/\/www.roamtechnology.com\/fr\/applications-industrielles\/\"},{\"@type\":\"ListItem\",\"position\":3,\"name\":\"D\u00e9sinfection des surfaces\"}]},{\"@type\":\"WebSite\",\"@id\":\"https:\/\/www.roamtechnology.com\/fr\/#website\",\"url\":\"https:\/\/www.roamtechnology.com\/fr\/\",\"name\":\"Roam Technology\",\"description\":\"Scientific By Nature\",\"potentialAction\":[{\"@type\":\"SearchAction\",\"target\":{\"@type\":\"EntryPoint\",\"urlTemplate\":\"https:\/\/www.roamtechnology.com\/fr\/?s={search_term_string}\"},\"query-input\":{\"@type\":\"PropertyValueSpecification\",\"valueRequired\":true,\"valueName\":\"search_term_string\"}}],\"inLanguage\":\"fr-FR\"}]}<\/script>\n<!-- \/ Yoast SEO plugin. -->","yoast_head_json":{"title":"D\u00e9sinfection des surfaces - Roam Technology","robots":{"index":"index","follow":"follow","max-snippet":"max-snippet:-1","max-image-preview":"max-image-preview:large","max-video-preview":"max-video-preview:-1"},"canonical":"https:\/\/www.roamtechnology.com\/fr\/applications-industrielles\/desinfection-des-surfaces\/","og_locale":"fr_FR","og_type":"article","og_title":"D\u00e9sinfection des surfaces - Roam Technology","og_description":"Il est de plus en plus important de cr\u00e9er un environnement de production s\u00fbr et sain en utilisant des solutions durables. Les installations de fabrication doivent maintenir une zone de production propre et hygi\u00e9nique, y compris les laboratoires et les entrep\u00f4ts. Le contr\u00f4le de cet environnement propre est de la plus haute importance. &nbsp; &nbsp;","og_url":"https:\/\/www.roamtechnology.com\/fr\/applications-industrielles\/desinfection-des-surfaces\/","og_site_name":"Roam Technology","article_modified_time":"2023-12-13T10:21:02+00:00","og_image":[{"width":1440,"height":960,"url":"https:\/\/www.roamtechnology.com\/app\/uploads\/2021\/11\/shutterstock_674397079-1440x960.jpg","type":"image\/jpeg"}],"twitter_card":"summary_large_image","schema":{"@context":"https:\/\/schema.org","@graph":[{"@type":"WebPage","@id":"https:\/\/www.roamtechnology.com\/fr\/applications-industrielles\/desinfection-des-surfaces\/","url":"https:\/\/www.roamtechnology.com\/fr\/applications-industrielles\/desinfection-des-surfaces\/","name":"D\u00e9sinfection des surfaces - Roam Technology","isPartOf":{"@id":"https:\/\/www.roamtechnology.com\/fr\/#website"},"primaryImageOfPage":{"@id":"https:\/\/www.roamtechnology.com\/fr\/applications-industrielles\/desinfection-des-surfaces\/#primaryimage"},"image":{"@id":"https:\/\/www.roamtechnology.com\/fr\/applications-industrielles\/desinfection-des-surfaces\/#primaryimage"},"thumbnailUrl":"https:\/\/www.roamtechnology.com\/app\/uploads\/2021\/11\/shutterstock_674397079.jpg","datePublished":"2023-12-13T10:21:01+00:00","dateModified":"2023-12-13T10:21:02+00:00","breadcrumb":{"@id":"https:\/\/www.roamtechnology.com\/fr\/applications-industrielles\/desinfection-des-surfaces\/#breadcrumb"},"inLanguage":"fr-FR","potentialAction":[{"@type":"ReadAction","target":["https:\/\/www.roamtechnology.com\/fr\/applications-industrielles\/desinfection-des-surfaces\/"]}]},{"@type":"ImageObject","inLanguage":"fr-FR","@id":"https:\/\/www.roamtechnology.com\/fr\/applications-industrielles\/desinfection-des-surfaces\/#primaryimage","url":"https:\/\/www.roamtechnology.com\/app\/uploads\/2021\/11\/shutterstock_674397079.jpg","contentUrl":"https:\/\/www.roamtechnology.com\/app\/uploads\/2021\/11\/shutterstock_674397079.jpg","width":5000,"height":3333},{"@type":"BreadcrumbList","@id":"https:\/\/www.roamtechnology.com\/fr\/applications-industrielles\/desinfection-des-surfaces\/#breadcrumb","itemListElement":[{"@type":"ListItem","position":1,"name":"Home","item":"https:\/\/www.roamtechnology.com\/fr\/"},{"@type":"ListItem","position":2,"name":"Industrial Applications","item":"https:\/\/www.roamtechnology.com\/fr\/applications-industrielles\/"},{"@type":"ListItem","position":3,"name":"D\u00e9sinfection des surfaces"}]},{"@type":"WebSite","@id":"https:\/\/www.roamtechnology.com\/fr\/#website","url":"https:\/\/www.roamtechnology.com\/fr\/","name":"Roam Technology","description":"Scientific By Nature","potentialAction":[{"@type":"SearchAction","target":{"@type":"EntryPoint","urlTemplate":"https:\/\/www.roamtechnology.com\/fr\/?s={search_term_string}"},"query-input":{"@type":"PropertyValueSpecification","valueRequired":true,"valueName":"search_term_string"}}],"inLanguage":"fr-FR"}]}},"_links":{"self":[{"href":"https:\/\/www.roamtechnology.com\/fr\/wp-json\/wp\/v2\/pages\/6279","targetHints":{"allow":["GET"]}}],"collection":[{"href":"https:\/\/www.roamtechnology.com\/fr\/wp-json\/wp\/v2\/pages"}],"about":[{"href":"https:\/\/www.roamtechnology.com\/fr\/wp-json\/wp\/v2\/types\/page"}],"author":[{"embeddable":true,"href":"https:\/\/www.roamtechnology.com\/fr\/wp-json\/wp\/v2\/users\/2"}],"replies":[{"embeddable":true,"href":"https:\/\/www.roamtechnology.com\/fr\/wp-json\/wp\/v2\/comments?post=6279"}],"version-history":[{"count":1,"href":"https:\/\/www.roamtechnology.com\/fr\/wp-json\/wp\/v2\/pages\/6279\/revisions"}],"predecessor-version":[{"id":6280,"href":"https:\/\/www.roamtechnology.com\/fr\/wp-json\/wp\/v2\/pages\/6279\/revisions\/6280"}],"up":[{"embeddable":true,"href":"https:\/\/www.roamtechnology.com\/fr\/wp-json\/wp\/v2\/pages\/6258"}],"wp:featuredmedia":[{"embeddable":true,"href":"https:\/\/www.roamtechnology.com\/fr\/wp-json\/wp\/v2\/media\/3771"}],"wp:attachment":[{"href":"https:\/\/www.roamtechnology.com\/fr\/wp-json\/wp\/v2\/media?parent=6279"}],"curies":[{"name":"wp","href":"https:\/\/api.w.org\/{rel}","templated":true}]}}