{"id":6275,"date":"2023-12-13T11:04:44","date_gmt":"2023-12-13T10:04:44","guid":{"rendered":"https:\/\/www.roamtechnology.com\/lelevage\/biosecurite\/"},"modified":"2023-12-13T11:04:45","modified_gmt":"2023-12-13T10:04:45","slug":"biosecurite","status":"publish","type":"page","link":"https:\/\/www.roamtechnology.com\/fr\/agro-solutions-2\/lelevage\/biosecurite\/","title":{"rendered":"Bios\u00e9curit\u00e9"},"content":{"rendered":"<p>La bios\u00e9curit\u00e9 d\u00e9signe les mesures de pr\u00e9caution et les pratiques de gestion qui r\u00e9duisent le risque que des maladies animales s&#8217;infiltrent dans l&#8217;exploitation et s&#8217;y propagent. Un bon plan de bios\u00e9curit\u00e9 comprend un ensemble de mesures pratiques rapides et faciles \u00e0 mettre en \u0153uvre.<\/p>\n","protected":false},"excerpt":{"rendered":"<p>La bios\u00e9curit\u00e9 d\u00e9signe les mesures de pr\u00e9caution et les pratiques de gestion qui r\u00e9duisent le risque que des maladies animales s&#8217;infiltrent dans l&#8217;exploitation et s&#8217;y propagent. Un bon plan de bios\u00e9curit\u00e9 comprend un ensemble de mesures pratiques rapides et faciles \u00e0 mettre en \u0153uvre.<\/p>\n","protected":false},"author":2,"featured_media":2721,"parent":6250,"menu_order":0,"comment_status":"closed","ping_status":"closed","template":"","meta":{"inline_featured_image":false,"footnotes":""},"class_list":["post-6275","page","type-page","status-publish","has-post-thumbnail","hentry"],"acf":[],"yoast_head":"<!-- This site is optimized with the Yoast SEO plugin v23.9 - https:\/\/yoast.com\/wordpress\/plugins\/seo\/ -->\n<title>Bios\u00e9curit\u00e9 - Roam Technology<\/title>\n<meta name=\"robots\" content=\"index, follow, max-snippet:-1, max-image-preview:large, max-video-preview:-1\" \/>\n<link rel=\"canonical\" href=\"https:\/\/www.roamtechnology.com\/fr\/agro-solutions-2\/lelevage\/biosecurite\/\" \/>\n<meta property=\"og:locale\" content=\"fr_FR\" \/>\n<meta property=\"og:type\" content=\"article\" \/>\n<meta property=\"og:title\" content=\"Bios\u00e9curit\u00e9 - Roam Technology\" \/>\n<meta property=\"og:description\" content=\"La bios\u00e9curit\u00e9 d\u00e9signe les mesures de pr\u00e9caution et les pratiques de gestion qui r\u00e9duisent le risque que des maladies animales s&#8217;infiltrent dans l&#8217;exploitation et s&#8217;y propagent. Un bon plan de bios\u00e9curit\u00e9 comprend un ensemble de mesures pratiques rapides et faciles \u00e0 mettre en \u0153uvre.\" \/>\n<meta property=\"og:url\" content=\"https:\/\/www.roamtechnology.com\/fr\/agro-solutions-2\/lelevage\/biosecurite\/\" \/>\n<meta property=\"og:site_name\" content=\"Roam Technology\" \/>\n<meta property=\"article:modified_time\" content=\"2023-12-13T10:04:45+00:00\" \/>\n<meta property=\"og:image\" content=\"https:\/\/www.roamtechnology.com\/app\/uploads\/2021\/11\/Farmlife_509308930.jpg\" \/>\n\t<meta property=\"og:image:width\" content=\"2234\" \/>\n\t<meta property=\"og:image:height\" content=\"1078\" \/>\n\t<meta property=\"og:image:type\" content=\"image\/jpeg\" \/>\n<meta name=\"twitter:card\" content=\"summary_large_image\" \/>\n<script type=\"application\/ld+json\" class=\"yoast-schema-graph\">{\"@context\":\"https:\/\/schema.org\",\"@graph\":[{\"@type\":\"WebPage\",\"@id\":\"https:\/\/www.roamtechnology.com\/fr\/agro-solutions-2\/lelevage\/biosecurite\/\",\"url\":\"https:\/\/www.roamtechnology.com\/fr\/agro-solutions-2\/lelevage\/biosecurite\/\",\"name\":\"Bios\u00e9curit\u00e9 - Roam Technology\",\"isPartOf\":{\"@id\":\"https:\/\/www.roamtechnology.com\/fr\/#website\"},\"primaryImageOfPage\":{\"@id\":\"https:\/\/www.roamtechnology.com\/fr\/agro-solutions-2\/lelevage\/biosecurite\/#primaryimage\"},\"image\":{\"@id\":\"https:\/\/www.roamtechnology.com\/fr\/agro-solutions-2\/lelevage\/biosecurite\/#primaryimage\"},\"thumbnailUrl\":\"https:\/\/www.roamtechnology.com\/app\/uploads\/2021\/11\/Farmlife_509308930.jpg\",\"datePublished\":\"2023-12-13T10:04:44+00:00\",\"dateModified\":\"2023-12-13T10:04:45+00:00\",\"breadcrumb\":{\"@id\":\"https:\/\/www.roamtechnology.com\/fr\/agro-solutions-2\/lelevage\/biosecurite\/#breadcrumb\"},\"inLanguage\":\"fr-FR\",\"potentialAction\":[{\"@type\":\"ReadAction\",\"target\":[\"https:\/\/www.roamtechnology.com\/fr\/agro-solutions-2\/lelevage\/biosecurite\/\"]}]},{\"@type\":\"ImageObject\",\"inLanguage\":\"fr-FR\",\"@id\":\"https:\/\/www.roamtechnology.com\/fr\/agro-solutions-2\/lelevage\/biosecurite\/#primaryimage\",\"url\":\"https:\/\/www.roamtechnology.com\/app\/uploads\/2021\/11\/Farmlife_509308930.jpg\",\"contentUrl\":\"https:\/\/www.roamtechnology.com\/app\/uploads\/2021\/11\/Farmlife_509308930.jpg\",\"width\":2234,\"height\":1078,\"caption\":\"Biosecurity_on_farm\"},{\"@type\":\"BreadcrumbList\",\"@id\":\"https:\/\/www.roamtechnology.com\/fr\/agro-solutions-2\/lelevage\/biosecurite\/#breadcrumb\",\"itemListElement\":[{\"@type\":\"ListItem\",\"position\":1,\"name\":\"Home\",\"item\":\"https:\/\/www.roamtechnology.com\/fr\/\"},{\"@type\":\"ListItem\",\"position\":2,\"name\":\"L&#8217;\u00e9levage\",\"item\":\"https:\/\/www.roamtechnology.com\/fr\/lelevage\/\"},{\"@type\":\"ListItem\",\"position\":3,\"name\":\"Bios\u00e9curit\u00e9\"}]},{\"@type\":\"WebSite\",\"@id\":\"https:\/\/www.roamtechnology.com\/fr\/#website\",\"url\":\"https:\/\/www.roamtechnology.com\/fr\/\",\"name\":\"Roam Technology\",\"description\":\"Scientific By Nature\",\"potentialAction\":[{\"@type\":\"SearchAction\",\"target\":{\"@type\":\"EntryPoint\",\"urlTemplate\":\"https:\/\/www.roamtechnology.com\/fr\/?s={search_term_string}\"},\"query-input\":{\"@type\":\"PropertyValueSpecification\",\"valueRequired\":true,\"valueName\":\"search_term_string\"}}],\"inLanguage\":\"fr-FR\"}]}<\/script>\n<!-- \/ Yoast SEO plugin. -->","yoast_head_json":{"title":"Bios\u00e9curit\u00e9 - Roam Technology","robots":{"index":"index","follow":"follow","max-snippet":"max-snippet:-1","max-image-preview":"max-image-preview:large","max-video-preview":"max-video-preview:-1"},"canonical":"https:\/\/www.roamtechnology.com\/fr\/agro-solutions-2\/lelevage\/biosecurite\/","og_locale":"fr_FR","og_type":"article","og_title":"Bios\u00e9curit\u00e9 - Roam Technology","og_description":"La bios\u00e9curit\u00e9 d\u00e9signe les mesures de pr\u00e9caution et les pratiques de gestion qui r\u00e9duisent le risque que des maladies animales s&#8217;infiltrent dans l&#8217;exploitation et s&#8217;y propagent. Un bon plan de bios\u00e9curit\u00e9 comprend un ensemble de mesures pratiques rapides et faciles \u00e0 mettre en \u0153uvre.","og_url":"https:\/\/www.roamtechnology.com\/fr\/agro-solutions-2\/lelevage\/biosecurite\/","og_site_name":"Roam Technology","article_modified_time":"2023-12-13T10:04:45+00:00","og_image":[{"width":2234,"height":1078,"url":"https:\/\/www.roamtechnology.com\/app\/uploads\/2021\/11\/Farmlife_509308930.jpg","type":"image\/jpeg"}],"twitter_card":"summary_large_image","schema":{"@context":"https:\/\/schema.org","@graph":[{"@type":"WebPage","@id":"https:\/\/www.roamtechnology.com\/fr\/agro-solutions-2\/lelevage\/biosecurite\/","url":"https:\/\/www.roamtechnology.com\/fr\/agro-solutions-2\/lelevage\/biosecurite\/","name":"Bios\u00e9curit\u00e9 - Roam Technology","isPartOf":{"@id":"https:\/\/www.roamtechnology.com\/fr\/#website"},"primaryImageOfPage":{"@id":"https:\/\/www.roamtechnology.com\/fr\/agro-solutions-2\/lelevage\/biosecurite\/#primaryimage"},"image":{"@id":"https:\/\/www.roamtechnology.com\/fr\/agro-solutions-2\/lelevage\/biosecurite\/#primaryimage"},"thumbnailUrl":"https:\/\/www.roamtechnology.com\/app\/uploads\/2021\/11\/Farmlife_509308930.jpg","datePublished":"2023-12-13T10:04:44+00:00","dateModified":"2023-12-13T10:04:45+00:00","breadcrumb":{"@id":"https:\/\/www.roamtechnology.com\/fr\/agro-solutions-2\/lelevage\/biosecurite\/#breadcrumb"},"inLanguage":"fr-FR","potentialAction":[{"@type":"ReadAction","target":["https:\/\/www.roamtechnology.com\/fr\/agro-solutions-2\/lelevage\/biosecurite\/"]}]},{"@type":"ImageObject","inLanguage":"fr-FR","@id":"https:\/\/www.roamtechnology.com\/fr\/agro-solutions-2\/lelevage\/biosecurite\/#primaryimage","url":"https:\/\/www.roamtechnology.com\/app\/uploads\/2021\/11\/Farmlife_509308930.jpg","contentUrl":"https:\/\/www.roamtechnology.com\/app\/uploads\/2021\/11\/Farmlife_509308930.jpg","width":2234,"height":1078,"caption":"Biosecurity_on_farm"},{"@type":"BreadcrumbList","@id":"https:\/\/www.roamtechnology.com\/fr\/agro-solutions-2\/lelevage\/biosecurite\/#breadcrumb","itemListElement":[{"@type":"ListItem","position":1,"name":"Home","item":"https:\/\/www.roamtechnology.com\/fr\/"},{"@type":"ListItem","position":2,"name":"L&#8217;\u00e9levage","item":"https:\/\/www.roamtechnology.com\/fr\/lelevage\/"},{"@type":"ListItem","position":3,"name":"Bios\u00e9curit\u00e9"}]},{"@type":"WebSite","@id":"https:\/\/www.roamtechnology.com\/fr\/#website","url":"https:\/\/www.roamtechnology.com\/fr\/","name":"Roam Technology","description":"Scientific By Nature","potentialAction":[{"@type":"SearchAction","target":{"@type":"EntryPoint","urlTemplate":"https:\/\/www.roamtechnology.com\/fr\/?s={search_term_string}"},"query-input":{"@type":"PropertyValueSpecification","valueRequired":true,"valueName":"search_term_string"}}],"inLanguage":"fr-FR"}]}},"_links":{"self":[{"href":"https:\/\/www.roamtechnology.com\/fr\/wp-json\/wp\/v2\/pages\/6275","targetHints":{"allow":["GET"]}}],"collection":[{"href":"https:\/\/www.roamtechnology.com\/fr\/wp-json\/wp\/v2\/pages"}],"about":[{"href":"https:\/\/www.roamtechnology.com\/fr\/wp-json\/wp\/v2\/types\/page"}],"author":[{"embeddable":true,"href":"https:\/\/www.roamtechnology.com\/fr\/wp-json\/wp\/v2\/users\/2"}],"replies":[{"embeddable":true,"href":"https:\/\/www.roamtechnology.com\/fr\/wp-json\/wp\/v2\/comments?post=6275"}],"version-history":[{"count":1,"href":"https:\/\/www.roamtechnology.com\/fr\/wp-json\/wp\/v2\/pages\/6275\/revisions"}],"predecessor-version":[{"id":6276,"href":"https:\/\/www.roamtechnology.com\/fr\/wp-json\/wp\/v2\/pages\/6275\/revisions\/6276"}],"up":[{"embeddable":true,"href":"https:\/\/www.roamtechnology.com\/fr\/wp-json\/wp\/v2\/pages\/6250"}],"wp:featuredmedia":[{"embeddable":true,"href":"https:\/\/www.roamtechnology.com\/fr\/wp-json\/wp\/v2\/media\/2721"}],"wp:attachment":[{"href":"https:\/\/www.roamtechnology.com\/fr\/wp-json\/wp\/v2\/media?parent=6275"}],"curies":[{"name":"wp","href":"https:\/\/api.w.org\/{rel}","templated":true}]}}