{"id":6260,"date":"2023-12-13T10:49:00","date_gmt":"2023-12-13T09:49:00","guid":{"rendered":"https:\/\/www.roamtechnology.com\/soutien-medical\/"},"modified":"2024-04-25T11:11:26","modified_gmt":"2024-04-25T09:11:26","slug":"soutien-medical","status":"publish","type":"page","link":"https:\/\/www.roamtechnology.com\/fr\/soutien-medical\/","title":{"rendered":"Medical Support"},"content":{"rendered":"<p>Chez Roam Technology, nous proposons une gamme de produits m\u00e9dicaux hautement qualitatifs et innovants, bas\u00e9s sur des connaissances scientifiques de niveau international et des recherches approfondies. Nous nous engageons \u00e0 respecter les normes et les r\u00e9glementations les plus strictes afin de remplir notre mission, qui est de fournir des solutions s\u00fbres et durables au secteur des soins de sant\u00e9.<\/p>\n","protected":false},"excerpt":{"rendered":"<p>Chez Roam Technology, nous proposons une gamme de produits m\u00e9dicaux hautement qualitatifs et innovants, bas\u00e9s sur des connaissances scientifiques de niveau international et des recherches approfondies. Nous nous engageons \u00e0 respecter les normes et les r\u00e9glementations les plus strictes afin de remplir notre mission, qui est de fournir des solutions s\u00fbres et durables au secteur [&hellip;]<\/p>\n","protected":false},"author":1,"featured_media":2500,"parent":0,"menu_order":0,"comment_status":"closed","ping_status":"closed","template":"","meta":{"inline_featured_image":false,"footnotes":""},"class_list":["post-6260","page","type-page","status-publish","has-post-thumbnail","hentry"],"acf":[],"yoast_head":"<!-- This site is optimized with the Yoast SEO plugin v23.9 - https:\/\/yoast.com\/wordpress\/plugins\/seo\/ -->\n<title>Medical Support - Roam Technology<\/title>\n<meta name=\"robots\" content=\"index, follow, max-snippet:-1, max-image-preview:large, max-video-preview:-1\" \/>\n<link rel=\"canonical\" href=\"https:\/\/www.roamtechnology.com\/fr\/soutien-medical\/\" \/>\n<meta property=\"og:locale\" content=\"fr_FR\" \/>\n<meta property=\"og:type\" content=\"article\" \/>\n<meta property=\"og:title\" content=\"Medical Support - Roam Technology\" \/>\n<meta property=\"og:description\" content=\"Chez Roam Technology, nous proposons une gamme de produits m\u00e9dicaux hautement qualitatifs et innovants, bas\u00e9s sur des connaissances scientifiques de niveau international et des recherches approfondies. Nous nous engageons \u00e0 respecter les normes et les r\u00e9glementations les plus strictes afin de remplir notre mission, qui est de fournir des solutions s\u00fbres et durables au secteur [&hellip;]\" \/>\n<meta property=\"og:url\" content=\"https:\/\/www.roamtechnology.com\/fr\/soutien-medical\/\" \/>\n<meta property=\"og:site_name\" content=\"Roam Technology\" \/>\n<meta property=\"article:modified_time\" content=\"2024-04-25T09:11:26+00:00\" \/>\n<meta property=\"og:image\" content=\"https:\/\/www.roamtechnology.com\/app\/uploads\/2021\/11\/Huwa-SanFogger_brochure2.jpg\" \/>\n\t<meta property=\"og:image:width\" content=\"5428\" \/>\n\t<meta property=\"og:image:height\" content=\"3836\" \/>\n\t<meta property=\"og:image:type\" content=\"image\/jpeg\" \/>\n<meta name=\"twitter:card\" content=\"summary_large_image\" \/>\n<meta name=\"twitter:label1\" content=\"Est. reading time\" \/>\n\t<meta name=\"twitter:data1\" content=\"1 minute\" \/>\n<script type=\"application\/ld+json\" class=\"yoast-schema-graph\">{\"@context\":\"https:\/\/schema.org\",\"@graph\":[{\"@type\":\"WebPage\",\"@id\":\"https:\/\/www.roamtechnology.com\/fr\/soutien-medical\/\",\"url\":\"https:\/\/www.roamtechnology.com\/fr\/soutien-medical\/\",\"name\":\"Medical Support - Roam Technology\",\"isPartOf\":{\"@id\":\"https:\/\/www.roamtechnology.com\/fr\/#website\"},\"primaryImageOfPage\":{\"@id\":\"https:\/\/www.roamtechnology.com\/fr\/soutien-medical\/#primaryimage\"},\"image\":{\"@id\":\"https:\/\/www.roamtechnology.com\/fr\/soutien-medical\/#primaryimage\"},\"thumbnailUrl\":\"https:\/\/www.roamtechnology.com\/app\/uploads\/2021\/11\/Huwa-SanFogger_brochure2.jpg\",\"datePublished\":\"2023-12-13T09:49:00+00:00\",\"dateModified\":\"2024-04-25T09:11:26+00:00\",\"breadcrumb\":{\"@id\":\"https:\/\/www.roamtechnology.com\/fr\/soutien-medical\/#breadcrumb\"},\"inLanguage\":\"fr-FR\",\"potentialAction\":[{\"@type\":\"ReadAction\",\"target\":[\"https:\/\/www.roamtechnology.com\/fr\/soutien-medical\/\"]}]},{\"@type\":\"ImageObject\",\"inLanguage\":\"fr-FR\",\"@id\":\"https:\/\/www.roamtechnology.com\/fr\/soutien-medical\/#primaryimage\",\"url\":\"https:\/\/www.roamtechnology.com\/app\/uploads\/2021\/11\/Huwa-SanFogger_brochure2.jpg\",\"contentUrl\":\"https:\/\/www.roamtechnology.com\/app\/uploads\/2021\/11\/Huwa-SanFogger_brochure2.jpg\",\"width\":5428,\"height\":3836,\"caption\":\"Huwa-San Fogger visual\"},{\"@type\":\"BreadcrumbList\",\"@id\":\"https:\/\/www.roamtechnology.com\/fr\/soutien-medical\/#breadcrumb\",\"itemListElement\":[{\"@type\":\"ListItem\",\"position\":1,\"name\":\"Home\",\"item\":\"https:\/\/www.roamtechnology.com\/fr\/\"},{\"@type\":\"ListItem\",\"position\":2,\"name\":\"Medical Support\"}]},{\"@type\":\"WebSite\",\"@id\":\"https:\/\/www.roamtechnology.com\/fr\/#website\",\"url\":\"https:\/\/www.roamtechnology.com\/fr\/\",\"name\":\"Roam Technology\",\"description\":\"Scientific By Nature\",\"potentialAction\":[{\"@type\":\"SearchAction\",\"target\":{\"@type\":\"EntryPoint\",\"urlTemplate\":\"https:\/\/www.roamtechnology.com\/fr\/?s={search_term_string}\"},\"query-input\":{\"@type\":\"PropertyValueSpecification\",\"valueRequired\":true,\"valueName\":\"search_term_string\"}}],\"inLanguage\":\"fr-FR\"}]}<\/script>\n<!-- \/ Yoast SEO plugin. -->","yoast_head_json":{"title":"Medical Support - Roam Technology","robots":{"index":"index","follow":"follow","max-snippet":"max-snippet:-1","max-image-preview":"max-image-preview:large","max-video-preview":"max-video-preview:-1"},"canonical":"https:\/\/www.roamtechnology.com\/fr\/soutien-medical\/","og_locale":"fr_FR","og_type":"article","og_title":"Medical Support - Roam Technology","og_description":"Chez Roam Technology, nous proposons une gamme de produits m\u00e9dicaux hautement qualitatifs et innovants, bas\u00e9s sur des connaissances scientifiques de niveau international et des recherches approfondies. Nous nous engageons \u00e0 respecter les normes et les r\u00e9glementations les plus strictes afin de remplir notre mission, qui est de fournir des solutions s\u00fbres et durables au secteur [&hellip;]","og_url":"https:\/\/www.roamtechnology.com\/fr\/soutien-medical\/","og_site_name":"Roam Technology","article_modified_time":"2024-04-25T09:11:26+00:00","og_image":[{"width":5428,"height":3836,"url":"https:\/\/www.roamtechnology.com\/app\/uploads\/2021\/11\/Huwa-SanFogger_brochure2.jpg","type":"image\/jpeg"}],"twitter_card":"summary_large_image","twitter_misc":{"Est. reading time":"1 minute"},"schema":{"@context":"https:\/\/schema.org","@graph":[{"@type":"WebPage","@id":"https:\/\/www.roamtechnology.com\/fr\/soutien-medical\/","url":"https:\/\/www.roamtechnology.com\/fr\/soutien-medical\/","name":"Medical Support - Roam Technology","isPartOf":{"@id":"https:\/\/www.roamtechnology.com\/fr\/#website"},"primaryImageOfPage":{"@id":"https:\/\/www.roamtechnology.com\/fr\/soutien-medical\/#primaryimage"},"image":{"@id":"https:\/\/www.roamtechnology.com\/fr\/soutien-medical\/#primaryimage"},"thumbnailUrl":"https:\/\/www.roamtechnology.com\/app\/uploads\/2021\/11\/Huwa-SanFogger_brochure2.jpg","datePublished":"2023-12-13T09:49:00+00:00","dateModified":"2024-04-25T09:11:26+00:00","breadcrumb":{"@id":"https:\/\/www.roamtechnology.com\/fr\/soutien-medical\/#breadcrumb"},"inLanguage":"fr-FR","potentialAction":[{"@type":"ReadAction","target":["https:\/\/www.roamtechnology.com\/fr\/soutien-medical\/"]}]},{"@type":"ImageObject","inLanguage":"fr-FR","@id":"https:\/\/www.roamtechnology.com\/fr\/soutien-medical\/#primaryimage","url":"https:\/\/www.roamtechnology.com\/app\/uploads\/2021\/11\/Huwa-SanFogger_brochure2.jpg","contentUrl":"https:\/\/www.roamtechnology.com\/app\/uploads\/2021\/11\/Huwa-SanFogger_brochure2.jpg","width":5428,"height":3836,"caption":"Huwa-San Fogger visual"},{"@type":"BreadcrumbList","@id":"https:\/\/www.roamtechnology.com\/fr\/soutien-medical\/#breadcrumb","itemListElement":[{"@type":"ListItem","position":1,"name":"Home","item":"https:\/\/www.roamtechnology.com\/fr\/"},{"@type":"ListItem","position":2,"name":"Medical Support"}]},{"@type":"WebSite","@id":"https:\/\/www.roamtechnology.com\/fr\/#website","url":"https:\/\/www.roamtechnology.com\/fr\/","name":"Roam Technology","description":"Scientific By Nature","potentialAction":[{"@type":"SearchAction","target":{"@type":"EntryPoint","urlTemplate":"https:\/\/www.roamtechnology.com\/fr\/?s={search_term_string}"},"query-input":{"@type":"PropertyValueSpecification","valueRequired":true,"valueName":"search_term_string"}}],"inLanguage":"fr-FR"}]}},"_links":{"self":[{"href":"https:\/\/www.roamtechnology.com\/fr\/wp-json\/wp\/v2\/pages\/6260","targetHints":{"allow":["GET"]}}],"collection":[{"href":"https:\/\/www.roamtechnology.com\/fr\/wp-json\/wp\/v2\/pages"}],"about":[{"href":"https:\/\/www.roamtechnology.com\/fr\/wp-json\/wp\/v2\/types\/page"}],"author":[{"embeddable":true,"href":"https:\/\/www.roamtechnology.com\/fr\/wp-json\/wp\/v2\/users\/1"}],"replies":[{"embeddable":true,"href":"https:\/\/www.roamtechnology.com\/fr\/wp-json\/wp\/v2\/comments?post=6260"}],"version-history":[{"count":1,"href":"https:\/\/www.roamtechnology.com\/fr\/wp-json\/wp\/v2\/pages\/6260\/revisions"}],"predecessor-version":[{"id":7059,"href":"https:\/\/www.roamtechnology.com\/fr\/wp-json\/wp\/v2\/pages\/6260\/revisions\/7059"}],"wp:featuredmedia":[{"embeddable":true,"href":"https:\/\/www.roamtechnology.com\/fr\/wp-json\/wp\/v2\/media\/2500"}],"wp:attachment":[{"href":"https:\/\/www.roamtechnology.com\/fr\/wp-json\/wp\/v2\/media?parent=6260"}],"curies":[{"name":"wp","href":"https:\/\/api.w.org\/{rel}","templated":true}]}}