{"id":6258,"date":"2023-12-13T10:39:17","date_gmt":"2023-12-13T09:39:17","guid":{"rendered":"https:\/\/www.roamtechnology.com\/applications-industrielles\/"},"modified":"2024-04-25T11:08:58","modified_gmt":"2024-04-25T09:08:58","slug":"applications-industrielles","status":"publish","type":"page","link":"https:\/\/www.roamtechnology.com\/fr\/applications-industrielles\/","title":{"rendered":"Industrial Applications"},"content":{"rendered":"<p>Les applications industrielles sont une unit\u00e9 commerciale mondiale ax\u00e9e sur les projets. Adapt\u00e9e \u00e0 vos besoins, notre gamme de produits de haute qualit\u00e9, bas\u00e9e sur des connaissances scientifiques de premier ordre et des recherches approfondies, vous permet de relever les nombreux d\u00e9fis du traitement de l&#8217;eau ou de l&#8217;assainissement des surfaces. Que vous ayez un proc\u00e9d\u00e9 n\u00e9cessitant de grandes quantit\u00e9s d&#8217;eau propre ou que vous cherchiez une solution \u00e9cologique pour la d\u00e9sinfection des surfaces, notre \u00e9quipe de sp\u00e9cialistes techniques peut vous aider !<\/p>\n","protected":false},"excerpt":{"rendered":"<p>Les applications industrielles sont une unit\u00e9 commerciale mondiale ax\u00e9e sur les projets. Adapt\u00e9e \u00e0 vos besoins, notre gamme de produits de haute qualit\u00e9, bas\u00e9e sur des connaissances scientifiques de premier ordre et des recherches approfondies, vous permet de relever les nombreux d\u00e9fis du traitement de l&#8217;eau ou de l&#8217;assainissement des surfaces. Que vous ayez un [&hellip;]<\/p>\n","protected":false},"author":1,"featured_media":3501,"parent":0,"menu_order":0,"comment_status":"closed","ping_status":"closed","template":"","meta":{"inline_featured_image":false,"footnotes":""},"class_list":["post-6258","page","type-page","status-publish","has-post-thumbnail","hentry"],"acf":[],"yoast_head":"<!-- This site is optimized with the Yoast SEO plugin v23.9 - https:\/\/yoast.com\/wordpress\/plugins\/seo\/ -->\n<title>Industrial Applications - Roam Technology<\/title>\n<meta name=\"robots\" content=\"index, follow, max-snippet:-1, max-image-preview:large, max-video-preview:-1\" \/>\n<link rel=\"canonical\" href=\"https:\/\/www.roamtechnology.com\/fr\/applications-industrielles\/\" \/>\n<meta property=\"og:locale\" content=\"fr_FR\" \/>\n<meta property=\"og:type\" content=\"article\" \/>\n<meta property=\"og:title\" content=\"Industrial Applications - Roam Technology\" \/>\n<meta property=\"og:description\" content=\"Les applications industrielles sont une unit\u00e9 commerciale mondiale ax\u00e9e sur les projets. Adapt\u00e9e \u00e0 vos besoins, notre gamme de produits de haute qualit\u00e9, bas\u00e9e sur des connaissances scientifiques de premier ordre et des recherches approfondies, vous permet de relever les nombreux d\u00e9fis du traitement de l&#8217;eau ou de l&#8217;assainissement des surfaces. Que vous ayez un [&hellip;]\" \/>\n<meta property=\"og:url\" content=\"https:\/\/www.roamtechnology.com\/fr\/applications-industrielles\/\" \/>\n<meta property=\"og:site_name\" content=\"Roam Technology\" \/>\n<meta property=\"article:modified_time\" content=\"2024-04-25T09:08:58+00:00\" \/>\n<meta property=\"og:image\" content=\"https:\/\/www.roamtechnology.com\/app\/uploads\/2021\/11\/shutterstock_1553656739-1440x853.jpg\" \/>\n\t<meta property=\"og:image:width\" content=\"1440\" \/>\n\t<meta property=\"og:image:height\" content=\"853\" \/>\n\t<meta property=\"og:image:type\" content=\"image\/jpeg\" \/>\n<meta name=\"twitter:card\" content=\"summary_large_image\" \/>\n<meta name=\"twitter:label1\" content=\"Est. reading time\" \/>\n\t<meta name=\"twitter:data1\" content=\"1 minute\" \/>\n<script type=\"application\/ld+json\" class=\"yoast-schema-graph\">{\"@context\":\"https:\/\/schema.org\",\"@graph\":[{\"@type\":\"WebPage\",\"@id\":\"https:\/\/www.roamtechnology.com\/fr\/applications-industrielles\/\",\"url\":\"https:\/\/www.roamtechnology.com\/fr\/applications-industrielles\/\",\"name\":\"Industrial Applications - Roam Technology\",\"isPartOf\":{\"@id\":\"https:\/\/www.roamtechnology.com\/fr\/#website\"},\"primaryImageOfPage\":{\"@id\":\"https:\/\/www.roamtechnology.com\/fr\/applications-industrielles\/#primaryimage\"},\"image\":{\"@id\":\"https:\/\/www.roamtechnology.com\/fr\/applications-industrielles\/#primaryimage\"},\"thumbnailUrl\":\"https:\/\/www.roamtechnology.com\/app\/uploads\/2021\/11\/shutterstock_1553656739-e1762267057856.jpg\",\"datePublished\":\"2023-12-13T09:39:17+00:00\",\"dateModified\":\"2024-04-25T09:08:58+00:00\",\"breadcrumb\":{\"@id\":\"https:\/\/www.roamtechnology.com\/fr\/applications-industrielles\/#breadcrumb\"},\"inLanguage\":\"fr-FR\",\"potentialAction\":[{\"@type\":\"ReadAction\",\"target\":[\"https:\/\/www.roamtechnology.com\/fr\/applications-industrielles\/\"]}]},{\"@type\":\"ImageObject\",\"inLanguage\":\"fr-FR\",\"@id\":\"https:\/\/www.roamtechnology.com\/fr\/applications-industrielles\/#primaryimage\",\"url\":\"https:\/\/www.roamtechnology.com\/app\/uploads\/2021\/11\/shutterstock_1553656739-e1762267057856.jpg\",\"contentUrl\":\"https:\/\/www.roamtechnology.com\/app\/uploads\/2021\/11\/shutterstock_1553656739-e1762267057856.jpg\",\"width\":5806,\"height\":3438},{\"@type\":\"BreadcrumbList\",\"@id\":\"https:\/\/www.roamtechnology.com\/fr\/applications-industrielles\/#breadcrumb\",\"itemListElement\":[{\"@type\":\"ListItem\",\"position\":1,\"name\":\"Home\",\"item\":\"https:\/\/www.roamtechnology.com\/fr\/\"},{\"@type\":\"ListItem\",\"position\":2,\"name\":\"Industrial Applications\"}]},{\"@type\":\"WebSite\",\"@id\":\"https:\/\/www.roamtechnology.com\/fr\/#website\",\"url\":\"https:\/\/www.roamtechnology.com\/fr\/\",\"name\":\"Roam Technology\",\"description\":\"Scientific By Nature\",\"potentialAction\":[{\"@type\":\"SearchAction\",\"target\":{\"@type\":\"EntryPoint\",\"urlTemplate\":\"https:\/\/www.roamtechnology.com\/fr\/?s={search_term_string}\"},\"query-input\":{\"@type\":\"PropertyValueSpecification\",\"valueRequired\":true,\"valueName\":\"search_term_string\"}}],\"inLanguage\":\"fr-FR\"}]}<\/script>\n<!-- \/ Yoast SEO plugin. -->","yoast_head_json":{"title":"Industrial Applications - Roam Technology","robots":{"index":"index","follow":"follow","max-snippet":"max-snippet:-1","max-image-preview":"max-image-preview:large","max-video-preview":"max-video-preview:-1"},"canonical":"https:\/\/www.roamtechnology.com\/fr\/applications-industrielles\/","og_locale":"fr_FR","og_type":"article","og_title":"Industrial Applications - Roam Technology","og_description":"Les applications industrielles sont une unit\u00e9 commerciale mondiale ax\u00e9e sur les projets. Adapt\u00e9e \u00e0 vos besoins, notre gamme de produits de haute qualit\u00e9, bas\u00e9e sur des connaissances scientifiques de premier ordre et des recherches approfondies, vous permet de relever les nombreux d\u00e9fis du traitement de l&#8217;eau ou de l&#8217;assainissement des surfaces. Que vous ayez un [&hellip;]","og_url":"https:\/\/www.roamtechnology.com\/fr\/applications-industrielles\/","og_site_name":"Roam Technology","article_modified_time":"2024-04-25T09:08:58+00:00","og_image":[{"width":1440,"height":853,"url":"https:\/\/www.roamtechnology.com\/app\/uploads\/2021\/11\/shutterstock_1553656739-1440x853.jpg","type":"image\/jpeg"}],"twitter_card":"summary_large_image","twitter_misc":{"Est. reading time":"1 minute"},"schema":{"@context":"https:\/\/schema.org","@graph":[{"@type":"WebPage","@id":"https:\/\/www.roamtechnology.com\/fr\/applications-industrielles\/","url":"https:\/\/www.roamtechnology.com\/fr\/applications-industrielles\/","name":"Industrial Applications - Roam Technology","isPartOf":{"@id":"https:\/\/www.roamtechnology.com\/fr\/#website"},"primaryImageOfPage":{"@id":"https:\/\/www.roamtechnology.com\/fr\/applications-industrielles\/#primaryimage"},"image":{"@id":"https:\/\/www.roamtechnology.com\/fr\/applications-industrielles\/#primaryimage"},"thumbnailUrl":"https:\/\/www.roamtechnology.com\/app\/uploads\/2021\/11\/shutterstock_1553656739-e1762267057856.jpg","datePublished":"2023-12-13T09:39:17+00:00","dateModified":"2024-04-25T09:08:58+00:00","breadcrumb":{"@id":"https:\/\/www.roamtechnology.com\/fr\/applications-industrielles\/#breadcrumb"},"inLanguage":"fr-FR","potentialAction":[{"@type":"ReadAction","target":["https:\/\/www.roamtechnology.com\/fr\/applications-industrielles\/"]}]},{"@type":"ImageObject","inLanguage":"fr-FR","@id":"https:\/\/www.roamtechnology.com\/fr\/applications-industrielles\/#primaryimage","url":"https:\/\/www.roamtechnology.com\/app\/uploads\/2021\/11\/shutterstock_1553656739-e1762267057856.jpg","contentUrl":"https:\/\/www.roamtechnology.com\/app\/uploads\/2021\/11\/shutterstock_1553656739-e1762267057856.jpg","width":5806,"height":3438},{"@type":"BreadcrumbList","@id":"https:\/\/www.roamtechnology.com\/fr\/applications-industrielles\/#breadcrumb","itemListElement":[{"@type":"ListItem","position":1,"name":"Home","item":"https:\/\/www.roamtechnology.com\/fr\/"},{"@type":"ListItem","position":2,"name":"Industrial Applications"}]},{"@type":"WebSite","@id":"https:\/\/www.roamtechnology.com\/fr\/#website","url":"https:\/\/www.roamtechnology.com\/fr\/","name":"Roam Technology","description":"Scientific By Nature","potentialAction":[{"@type":"SearchAction","target":{"@type":"EntryPoint","urlTemplate":"https:\/\/www.roamtechnology.com\/fr\/?s={search_term_string}"},"query-input":{"@type":"PropertyValueSpecification","valueRequired":true,"valueName":"search_term_string"}}],"inLanguage":"fr-FR"}]}},"_links":{"self":[{"href":"https:\/\/www.roamtechnology.com\/fr\/wp-json\/wp\/v2\/pages\/6258","targetHints":{"allow":["GET"]}}],"collection":[{"href":"https:\/\/www.roamtechnology.com\/fr\/wp-json\/wp\/v2\/pages"}],"about":[{"href":"https:\/\/www.roamtechnology.com\/fr\/wp-json\/wp\/v2\/types\/page"}],"author":[{"embeddable":true,"href":"https:\/\/www.roamtechnology.com\/fr\/wp-json\/wp\/v2\/users\/1"}],"replies":[{"embeddable":true,"href":"https:\/\/www.roamtechnology.com\/fr\/wp-json\/wp\/v2\/comments?post=6258"}],"version-history":[{"count":3,"href":"https:\/\/www.roamtechnology.com\/fr\/wp-json\/wp\/v2\/pages\/6258\/revisions"}],"predecessor-version":[{"id":7055,"href":"https:\/\/www.roamtechnology.com\/fr\/wp-json\/wp\/v2\/pages\/6258\/revisions\/7055"}],"wp:featuredmedia":[{"embeddable":true,"href":"https:\/\/www.roamtechnology.com\/fr\/wp-json\/wp\/v2\/media\/3501"}],"wp:attachment":[{"href":"https:\/\/www.roamtechnology.com\/fr\/wp-json\/wp\/v2\/media?parent=6258"}],"curies":[{"name":"wp","href":"https:\/\/api.w.org\/{rel}","templated":true}]}}