{"id":6256,"date":"2023-12-13T10:38:38","date_gmt":"2023-12-13T09:38:38","guid":{"rendered":"https:\/\/www.roamtechnology.com\/agro-solutions-2\/"},"modified":"2025-04-28T12:28:44","modified_gmt":"2025-04-28T10:28:44","slug":"agro-solutions-2","status":"publish","type":"page","link":"https:\/\/www.roamtechnology.com\/fr\/agro-solutions-2\/","title":{"rendered":"Agro Solutions"},"content":{"rendered":"<p>Chez Roam Technology, nous offrons aux agriculteurs une gamme de produits hautement qualitatifs et innovants, bas\u00e9s sur des connaissances scientifiques de niveau international et des recherches approfondies. Nous nous engageons \u00e0 respecter les normes et les r\u00e9glementations les plus strictes, afin de remplir notre mission qui est de fournir des solutions agroalimentaires s\u00fbres et durables.<\/p>\n<p>Nous aidons les agriculteurs \u00e0 contrer les menaces qui p\u00e8sent sur leur production et proposons des solutions dans les secteurs de l&#8217;\u00e9levage, de l&#8217;agriculture et de l&#8217;horticulture, ainsi que dans le secteur de la p\u00eache. Notre gamme de produits s&#8217;accompagne de conseils complets, de techniques de surveillance de pointe et d&#8217;orientations d\u00e9taill\u00e9es sur la mani\u00e8re d&#8217;am\u00e9liorer la bios\u00e9curit\u00e9 dans les exploitations agricoles.<\/p>\n","protected":false},"excerpt":{"rendered":"<p>Chez Roam Technology, nous offrons aux agriculteurs une gamme de produits hautement qualitatifs et innovants, bas\u00e9s sur des connaissances scientifiques de niveau international et des recherches approfondies. Nous nous engageons \u00e0 respecter les normes et les r\u00e9glementations les plus strictes, afin de remplir notre mission qui est de fournir des solutions agroalimentaires s\u00fbres et durables. [&hellip;]<\/p>\n","protected":false},"author":1,"featured_media":2075,"parent":0,"menu_order":0,"comment_status":"closed","ping_status":"closed","template":"","meta":{"inline_featured_image":false,"footnotes":""},"class_list":["post-6256","page","type-page","status-publish","has-post-thumbnail","hentry"],"acf":[],"yoast_head":"<!-- This site is optimized with the Yoast SEO plugin v23.9 - https:\/\/yoast.com\/wordpress\/plugins\/seo\/ -->\n<title>Agro Solutions - Roam Technology<\/title>\n<meta name=\"description\" content=\"Chez Roam Technology, nous offrons aux agriculteurs une gamme de produits hautement qualitatifs et innovants, bas\u00e9s sur des connaissances scientifiques de niveau international et des recherches approfondies.\" \/>\n<meta name=\"robots\" content=\"index, follow, max-snippet:-1, max-image-preview:large, max-video-preview:-1\" \/>\n<link rel=\"canonical\" href=\"https:\/\/www.roamtechnology.com\/fr\/agro-solutions-2\/\" \/>\n<meta property=\"og:locale\" content=\"fr_FR\" \/>\n<meta property=\"og:type\" content=\"article\" \/>\n<meta property=\"og:title\" content=\"Agro Solutions - Roam Technology\" \/>\n<meta property=\"og:description\" content=\"Chez Roam Technology, nous offrons aux agriculteurs une gamme de produits hautement qualitatifs et innovants, bas\u00e9s sur des connaissances scientifiques de niveau international et des recherches approfondies.\" \/>\n<meta property=\"og:url\" content=\"https:\/\/www.roamtechnology.com\/fr\/agro-solutions-2\/\" \/>\n<meta property=\"og:site_name\" content=\"Roam Technology\" \/>\n<meta property=\"article:modified_time\" content=\"2025-04-28T10:28:44+00:00\" \/>\n<meta property=\"og:image\" content=\"https:\/\/www.roamtechnology.com\/app\/uploads\/2021\/11\/DSC6111_web.jpg\" \/>\n\t<meta property=\"og:image:width\" content=\"6000\" \/>\n\t<meta property=\"og:image:height\" content=\"4002\" \/>\n\t<meta property=\"og:image:type\" content=\"image\/jpeg\" \/>\n<meta name=\"twitter:card\" content=\"summary_large_image\" \/>\n<meta name=\"twitter:label1\" content=\"Est. reading time\" \/>\n\t<meta name=\"twitter:data1\" content=\"3 minutes\" \/>\n<script type=\"application\/ld+json\" class=\"yoast-schema-graph\">{\"@context\":\"https:\/\/schema.org\",\"@graph\":[{\"@type\":\"WebPage\",\"@id\":\"https:\/\/www.roamtechnology.com\/fr\/agro-solutions-2\/\",\"url\":\"https:\/\/www.roamtechnology.com\/fr\/agro-solutions-2\/\",\"name\":\"Agro Solutions - Roam Technology\",\"isPartOf\":{\"@id\":\"https:\/\/www.roamtechnology.com\/fr\/#website\"},\"primaryImageOfPage\":{\"@id\":\"https:\/\/www.roamtechnology.com\/fr\/agro-solutions-2\/#primaryimage\"},\"image\":{\"@id\":\"https:\/\/www.roamtechnology.com\/fr\/agro-solutions-2\/#primaryimage\"},\"thumbnailUrl\":\"https:\/\/www.roamtechnology.com\/app\/uploads\/2021\/11\/DSC6111_web.jpg\",\"datePublished\":\"2023-12-13T09:38:38+00:00\",\"dateModified\":\"2025-04-28T10:28:44+00:00\",\"description\":\"Chez Roam Technology, nous offrons aux agriculteurs une gamme de produits hautement qualitatifs et innovants, bas\u00e9s sur des connaissances scientifiques de niveau international et des recherches approfondies.\",\"breadcrumb\":{\"@id\":\"https:\/\/www.roamtechnology.com\/fr\/agro-solutions-2\/#breadcrumb\"},\"inLanguage\":\"fr-FR\",\"potentialAction\":[{\"@type\":\"ReadAction\",\"target\":[\"https:\/\/www.roamtechnology.com\/fr\/agro-solutions-2\/\"]}]},{\"@type\":\"ImageObject\",\"inLanguage\":\"fr-FR\",\"@id\":\"https:\/\/www.roamtechnology.com\/fr\/agro-solutions-2\/#primaryimage\",\"url\":\"https:\/\/www.roamtechnology.com\/app\/uploads\/2021\/11\/DSC6111_web.jpg\",\"contentUrl\":\"https:\/\/www.roamtechnology.com\/app\/uploads\/2021\/11\/DSC6111_web.jpg\",\"width\":6000,\"height\":4002},{\"@type\":\"BreadcrumbList\",\"@id\":\"https:\/\/www.roamtechnology.com\/fr\/agro-solutions-2\/#breadcrumb\",\"itemListElement\":[{\"@type\":\"ListItem\",\"position\":1,\"name\":\"Home\",\"item\":\"https:\/\/www.roamtechnology.com\/fr\/\"},{\"@type\":\"ListItem\",\"position\":2,\"name\":\"Agro Solutions\"}]},{\"@type\":\"WebSite\",\"@id\":\"https:\/\/www.roamtechnology.com\/fr\/#website\",\"url\":\"https:\/\/www.roamtechnology.com\/fr\/\",\"name\":\"Roam Technology\",\"description\":\"Scientific By Nature\",\"potentialAction\":[{\"@type\":\"SearchAction\",\"target\":{\"@type\":\"EntryPoint\",\"urlTemplate\":\"https:\/\/www.roamtechnology.com\/fr\/?s={search_term_string}\"},\"query-input\":{\"@type\":\"PropertyValueSpecification\",\"valueRequired\":true,\"valueName\":\"search_term_string\"}}],\"inLanguage\":\"fr-FR\"}]}<\/script>\n<!-- \/ Yoast SEO plugin. -->","yoast_head_json":{"title":"Agro Solutions - Roam Technology","description":"Chez Roam Technology, nous offrons aux agriculteurs une gamme de produits hautement qualitatifs et innovants, bas\u00e9s sur des connaissances scientifiques de niveau international et des recherches approfondies.","robots":{"index":"index","follow":"follow","max-snippet":"max-snippet:-1","max-image-preview":"max-image-preview:large","max-video-preview":"max-video-preview:-1"},"canonical":"https:\/\/www.roamtechnology.com\/fr\/agro-solutions-2\/","og_locale":"fr_FR","og_type":"article","og_title":"Agro Solutions - Roam Technology","og_description":"Chez Roam Technology, nous offrons aux agriculteurs une gamme de produits hautement qualitatifs et innovants, bas\u00e9s sur des connaissances scientifiques de niveau international et des recherches approfondies.","og_url":"https:\/\/www.roamtechnology.com\/fr\/agro-solutions-2\/","og_site_name":"Roam Technology","article_modified_time":"2025-04-28T10:28:44+00:00","og_image":[{"width":6000,"height":4002,"url":"https:\/\/www.roamtechnology.com\/app\/uploads\/2021\/11\/DSC6111_web.jpg","type":"image\/jpeg"}],"twitter_card":"summary_large_image","twitter_misc":{"Est. reading time":"3 minutes"},"schema":{"@context":"https:\/\/schema.org","@graph":[{"@type":"WebPage","@id":"https:\/\/www.roamtechnology.com\/fr\/agro-solutions-2\/","url":"https:\/\/www.roamtechnology.com\/fr\/agro-solutions-2\/","name":"Agro Solutions - Roam Technology","isPartOf":{"@id":"https:\/\/www.roamtechnology.com\/fr\/#website"},"primaryImageOfPage":{"@id":"https:\/\/www.roamtechnology.com\/fr\/agro-solutions-2\/#primaryimage"},"image":{"@id":"https:\/\/www.roamtechnology.com\/fr\/agro-solutions-2\/#primaryimage"},"thumbnailUrl":"https:\/\/www.roamtechnology.com\/app\/uploads\/2021\/11\/DSC6111_web.jpg","datePublished":"2023-12-13T09:38:38+00:00","dateModified":"2025-04-28T10:28:44+00:00","description":"Chez Roam Technology, nous offrons aux agriculteurs une gamme de produits hautement qualitatifs et innovants, bas\u00e9s sur des connaissances scientifiques de niveau international et des recherches approfondies.","breadcrumb":{"@id":"https:\/\/www.roamtechnology.com\/fr\/agro-solutions-2\/#breadcrumb"},"inLanguage":"fr-FR","potentialAction":[{"@type":"ReadAction","target":["https:\/\/www.roamtechnology.com\/fr\/agro-solutions-2\/"]}]},{"@type":"ImageObject","inLanguage":"fr-FR","@id":"https:\/\/www.roamtechnology.com\/fr\/agro-solutions-2\/#primaryimage","url":"https:\/\/www.roamtechnology.com\/app\/uploads\/2021\/11\/DSC6111_web.jpg","contentUrl":"https:\/\/www.roamtechnology.com\/app\/uploads\/2021\/11\/DSC6111_web.jpg","width":6000,"height":4002},{"@type":"BreadcrumbList","@id":"https:\/\/www.roamtechnology.com\/fr\/agro-solutions-2\/#breadcrumb","itemListElement":[{"@type":"ListItem","position":1,"name":"Home","item":"https:\/\/www.roamtechnology.com\/fr\/"},{"@type":"ListItem","position":2,"name":"Agro Solutions"}]},{"@type":"WebSite","@id":"https:\/\/www.roamtechnology.com\/fr\/#website","url":"https:\/\/www.roamtechnology.com\/fr\/","name":"Roam Technology","description":"Scientific By Nature","potentialAction":[{"@type":"SearchAction","target":{"@type":"EntryPoint","urlTemplate":"https:\/\/www.roamtechnology.com\/fr\/?s={search_term_string}"},"query-input":{"@type":"PropertyValueSpecification","valueRequired":true,"valueName":"search_term_string"}}],"inLanguage":"fr-FR"}]}},"_links":{"self":[{"href":"https:\/\/www.roamtechnology.com\/fr\/wp-json\/wp\/v2\/pages\/6256","targetHints":{"allow":["GET"]}}],"collection":[{"href":"https:\/\/www.roamtechnology.com\/fr\/wp-json\/wp\/v2\/pages"}],"about":[{"href":"https:\/\/www.roamtechnology.com\/fr\/wp-json\/wp\/v2\/types\/page"}],"author":[{"embeddable":true,"href":"https:\/\/www.roamtechnology.com\/fr\/wp-json\/wp\/v2\/users\/1"}],"replies":[{"embeddable":true,"href":"https:\/\/www.roamtechnology.com\/fr\/wp-json\/wp\/v2\/comments?post=6256"}],"version-history":[{"count":5,"href":"https:\/\/www.roamtechnology.com\/fr\/wp-json\/wp\/v2\/pages\/6256\/revisions"}],"predecessor-version":[{"id":8898,"href":"https:\/\/www.roamtechnology.com\/fr\/wp-json\/wp\/v2\/pages\/6256\/revisions\/8898"}],"wp:featuredmedia":[{"embeddable":true,"href":"https:\/\/www.roamtechnology.com\/fr\/wp-json\/wp\/v2\/media\/2075"}],"wp:attachment":[{"href":"https:\/\/www.roamtechnology.com\/fr\/wp-json\/wp\/v2\/media?parent=6256"}],"curies":[{"name":"wp","href":"https:\/\/api.w.org\/{rel}","templated":true}]}}