{"id":6252,"date":"2023-12-13T10:30:16","date_gmt":"2023-12-13T09:30:16","guid":{"rendered":"https:\/\/www.roamtechnology.com\/horticulture\/"},"modified":"2024-03-19T11:19:08","modified_gmt":"2024-03-19T10:19:08","slug":"horticulture","status":"publish","type":"page","link":"https:\/\/www.roamtechnology.com\/fr\/agro-solutions-2\/horticulture\/","title":{"rendered":"Horticulture"},"content":{"rendered":"<p>L&#8217;horticulture comprend la production de cultures et de plantes ornementales de grande valeur, cultiv\u00e9es de mani\u00e8re intensive. Une bonne gestion et des conseils qualitatifs sur mesure sont essentiels. Gr\u00e2ce \u00e0 sa longue exp\u00e9rience dans le domaine de l&#8217;horticulture, Roam Technology est en mesure d&#8217;aider les producteurs \u00e0 relever les d\u00e9fis d&#8217;aujourd&#8217;hui et de demain.<\/p>\n<p>&nbsp;<\/p>\n","protected":false},"excerpt":{"rendered":"<p>L&#8217;horticulture comprend la production de cultures et de plantes ornementales de grande valeur, cultiv\u00e9es de mani\u00e8re intensive. Une bonne gestion et des conseils qualitatifs sur mesure sont essentiels. Gr\u00e2ce \u00e0 sa longue exp\u00e9rience dans le domaine de l&#8217;horticulture, Roam Technology est en mesure d&#8217;aider les producteurs \u00e0 relever les d\u00e9fis d&#8217;aujourd&#8217;hui et de demain. &nbsp;<\/p>\n","protected":false},"author":1,"featured_media":1089,"parent":6256,"menu_order":0,"comment_status":"closed","ping_status":"closed","template":"","meta":{"inline_featured_image":false,"footnotes":""},"class_list":["post-6252","page","type-page","status-publish","has-post-thumbnail","hentry"],"acf":[],"yoast_head":"<!-- This site is optimized with the Yoast SEO plugin v23.9 - https:\/\/yoast.com\/wordpress\/plugins\/seo\/ -->\n<title>Horticulture - Roam Technology<\/title>\n<meta name=\"robots\" content=\"index, follow, max-snippet:-1, max-image-preview:large, max-video-preview:-1\" \/>\n<link rel=\"canonical\" href=\"https:\/\/www.roamtechnology.com\/fr\/agro-solutions-2\/horticulture\/\" \/>\n<meta property=\"og:locale\" content=\"fr_FR\" \/>\n<meta property=\"og:type\" content=\"article\" \/>\n<meta property=\"og:title\" content=\"Horticulture - Roam Technology\" \/>\n<meta property=\"og:description\" content=\"L&#8217;horticulture comprend la production de cultures et de plantes ornementales de grande valeur, cultiv\u00e9es de mani\u00e8re intensive. Une bonne gestion et des conseils qualitatifs sur mesure sont essentiels. Gr\u00e2ce \u00e0 sa longue exp\u00e9rience dans le domaine de l&#8217;horticulture, Roam Technology est en mesure d&#8217;aider les producteurs \u00e0 relever les d\u00e9fis d&#8217;aujourd&#8217;hui et de demain. &nbsp;\" \/>\n<meta property=\"og:url\" content=\"https:\/\/www.roamtechnology.com\/fr\/agro-solutions-2\/horticulture\/\" \/>\n<meta property=\"og:site_name\" content=\"Roam Technology\" \/>\n<meta property=\"article:modified_time\" content=\"2024-03-19T10:19:08+00:00\" \/>\n<meta property=\"og:image\" content=\"https:\/\/www.roamtechnology.com\/app\/uploads\/2021\/10\/Roam_Horticulture_Service_SalesTeam_Huwa-San03-e1637176159541.jpg\" \/>\n\t<meta property=\"og:image:width\" content=\"1920\" \/>\n\t<meta property=\"og:image:height\" content=\"1080\" \/>\n\t<meta property=\"og:image:type\" content=\"image\/jpeg\" \/>\n<meta name=\"twitter:card\" content=\"summary_large_image\" \/>\n<meta name=\"twitter:label1\" content=\"Est. reading time\" \/>\n\t<meta name=\"twitter:data1\" content=\"1 minute\" \/>\n<script type=\"application\/ld+json\" class=\"yoast-schema-graph\">{\"@context\":\"https:\/\/schema.org\",\"@graph\":[{\"@type\":\"WebPage\",\"@id\":\"https:\/\/www.roamtechnology.com\/fr\/agro-solutions-2\/horticulture\/\",\"url\":\"https:\/\/www.roamtechnology.com\/fr\/agro-solutions-2\/horticulture\/\",\"name\":\"Horticulture - Roam Technology\",\"isPartOf\":{\"@id\":\"https:\/\/www.roamtechnology.com\/fr\/#website\"},\"primaryImageOfPage\":{\"@id\":\"https:\/\/www.roamtechnology.com\/fr\/agro-solutions-2\/horticulture\/#primaryimage\"},\"image\":{\"@id\":\"https:\/\/www.roamtechnology.com\/fr\/agro-solutions-2\/horticulture\/#primaryimage\"},\"thumbnailUrl\":\"https:\/\/www.roamtechnology.com\/app\/uploads\/2021\/10\/Roam_Horticulture_Service_SalesTeam_Huwa-San03-e1637176159541.jpg\",\"datePublished\":\"2023-12-13T09:30:16+00:00\",\"dateModified\":\"2024-03-19T10:19:08+00:00\",\"breadcrumb\":{\"@id\":\"https:\/\/www.roamtechnology.com\/fr\/agro-solutions-2\/horticulture\/#breadcrumb\"},\"inLanguage\":\"fr-FR\",\"potentialAction\":[{\"@type\":\"ReadAction\",\"target\":[\"https:\/\/www.roamtechnology.com\/fr\/agro-solutions-2\/horticulture\/\"]}]},{\"@type\":\"ImageObject\",\"inLanguage\":\"fr-FR\",\"@id\":\"https:\/\/www.roamtechnology.com\/fr\/agro-solutions-2\/horticulture\/#primaryimage\",\"url\":\"https:\/\/www.roamtechnology.com\/app\/uploads\/2021\/10\/Roam_Horticulture_Service_SalesTeam_Huwa-San03-e1637176159541.jpg\",\"contentUrl\":\"https:\/\/www.roamtechnology.com\/app\/uploads\/2021\/10\/Roam_Horticulture_Service_SalesTeam_Huwa-San03-e1637176159541.jpg\",\"width\":1920,\"height\":1080,\"caption\":\"Roam Technology Horti Sales team in Cucumber Greenhouse\"},{\"@type\":\"BreadcrumbList\",\"@id\":\"https:\/\/www.roamtechnology.com\/fr\/agro-solutions-2\/horticulture\/#breadcrumb\",\"itemListElement\":[{\"@type\":\"ListItem\",\"position\":1,\"name\":\"Home\",\"item\":\"https:\/\/www.roamtechnology.com\/fr\/\"},{\"@type\":\"ListItem\",\"position\":2,\"name\":\"Horticulture\"}]},{\"@type\":\"WebSite\",\"@id\":\"https:\/\/www.roamtechnology.com\/fr\/#website\",\"url\":\"https:\/\/www.roamtechnology.com\/fr\/\",\"name\":\"Roam Technology\",\"description\":\"Scientific By Nature\",\"potentialAction\":[{\"@type\":\"SearchAction\",\"target\":{\"@type\":\"EntryPoint\",\"urlTemplate\":\"https:\/\/www.roamtechnology.com\/fr\/?s={search_term_string}\"},\"query-input\":{\"@type\":\"PropertyValueSpecification\",\"valueRequired\":true,\"valueName\":\"search_term_string\"}}],\"inLanguage\":\"fr-FR\"}]}<\/script>\n<!-- \/ Yoast SEO plugin. -->","yoast_head_json":{"title":"Horticulture - Roam Technology","robots":{"index":"index","follow":"follow","max-snippet":"max-snippet:-1","max-image-preview":"max-image-preview:large","max-video-preview":"max-video-preview:-1"},"canonical":"https:\/\/www.roamtechnology.com\/fr\/agro-solutions-2\/horticulture\/","og_locale":"fr_FR","og_type":"article","og_title":"Horticulture - Roam Technology","og_description":"L&#8217;horticulture comprend la production de cultures et de plantes ornementales de grande valeur, cultiv\u00e9es de mani\u00e8re intensive. Une bonne gestion et des conseils qualitatifs sur mesure sont essentiels. Gr\u00e2ce \u00e0 sa longue exp\u00e9rience dans le domaine de l&#8217;horticulture, Roam Technology est en mesure d&#8217;aider les producteurs \u00e0 relever les d\u00e9fis d&#8217;aujourd&#8217;hui et de demain. &nbsp;","og_url":"https:\/\/www.roamtechnology.com\/fr\/agro-solutions-2\/horticulture\/","og_site_name":"Roam Technology","article_modified_time":"2024-03-19T10:19:08+00:00","og_image":[{"width":1920,"height":1080,"url":"https:\/\/www.roamtechnology.com\/app\/uploads\/2021\/10\/Roam_Horticulture_Service_SalesTeam_Huwa-San03-e1637176159541.jpg","type":"image\/jpeg"}],"twitter_card":"summary_large_image","twitter_misc":{"Est. reading time":"1 minute"},"schema":{"@context":"https:\/\/schema.org","@graph":[{"@type":"WebPage","@id":"https:\/\/www.roamtechnology.com\/fr\/agro-solutions-2\/horticulture\/","url":"https:\/\/www.roamtechnology.com\/fr\/agro-solutions-2\/horticulture\/","name":"Horticulture - Roam Technology","isPartOf":{"@id":"https:\/\/www.roamtechnology.com\/fr\/#website"},"primaryImageOfPage":{"@id":"https:\/\/www.roamtechnology.com\/fr\/agro-solutions-2\/horticulture\/#primaryimage"},"image":{"@id":"https:\/\/www.roamtechnology.com\/fr\/agro-solutions-2\/horticulture\/#primaryimage"},"thumbnailUrl":"https:\/\/www.roamtechnology.com\/app\/uploads\/2021\/10\/Roam_Horticulture_Service_SalesTeam_Huwa-San03-e1637176159541.jpg","datePublished":"2023-12-13T09:30:16+00:00","dateModified":"2024-03-19T10:19:08+00:00","breadcrumb":{"@id":"https:\/\/www.roamtechnology.com\/fr\/agro-solutions-2\/horticulture\/#breadcrumb"},"inLanguage":"fr-FR","potentialAction":[{"@type":"ReadAction","target":["https:\/\/www.roamtechnology.com\/fr\/agro-solutions-2\/horticulture\/"]}]},{"@type":"ImageObject","inLanguage":"fr-FR","@id":"https:\/\/www.roamtechnology.com\/fr\/agro-solutions-2\/horticulture\/#primaryimage","url":"https:\/\/www.roamtechnology.com\/app\/uploads\/2021\/10\/Roam_Horticulture_Service_SalesTeam_Huwa-San03-e1637176159541.jpg","contentUrl":"https:\/\/www.roamtechnology.com\/app\/uploads\/2021\/10\/Roam_Horticulture_Service_SalesTeam_Huwa-San03-e1637176159541.jpg","width":1920,"height":1080,"caption":"Roam Technology Horti Sales team in Cucumber Greenhouse"},{"@type":"BreadcrumbList","@id":"https:\/\/www.roamtechnology.com\/fr\/agro-solutions-2\/horticulture\/#breadcrumb","itemListElement":[{"@type":"ListItem","position":1,"name":"Home","item":"https:\/\/www.roamtechnology.com\/fr\/"},{"@type":"ListItem","position":2,"name":"Horticulture"}]},{"@type":"WebSite","@id":"https:\/\/www.roamtechnology.com\/fr\/#website","url":"https:\/\/www.roamtechnology.com\/fr\/","name":"Roam Technology","description":"Scientific By Nature","potentialAction":[{"@type":"SearchAction","target":{"@type":"EntryPoint","urlTemplate":"https:\/\/www.roamtechnology.com\/fr\/?s={search_term_string}"},"query-input":{"@type":"PropertyValueSpecification","valueRequired":true,"valueName":"search_term_string"}}],"inLanguage":"fr-FR"}]}},"_links":{"self":[{"href":"https:\/\/www.roamtechnology.com\/fr\/wp-json\/wp\/v2\/pages\/6252","targetHints":{"allow":["GET"]}}],"collection":[{"href":"https:\/\/www.roamtechnology.com\/fr\/wp-json\/wp\/v2\/pages"}],"about":[{"href":"https:\/\/www.roamtechnology.com\/fr\/wp-json\/wp\/v2\/types\/page"}],"author":[{"embeddable":true,"href":"https:\/\/www.roamtechnology.com\/fr\/wp-json\/wp\/v2\/users\/1"}],"replies":[{"embeddable":true,"href":"https:\/\/www.roamtechnology.com\/fr\/wp-json\/wp\/v2\/comments?post=6252"}],"version-history":[{"count":3,"href":"https:\/\/www.roamtechnology.com\/fr\/wp-json\/wp\/v2\/pages\/6252\/revisions"}],"predecessor-version":[{"id":6822,"href":"https:\/\/www.roamtechnology.com\/fr\/wp-json\/wp\/v2\/pages\/6252\/revisions\/6822"}],"up":[{"embeddable":true,"href":"https:\/\/www.roamtechnology.com\/fr\/wp-json\/wp\/v2\/pages\/6256"}],"wp:featuredmedia":[{"embeddable":true,"href":"https:\/\/www.roamtechnology.com\/fr\/wp-json\/wp\/v2\/media\/1089"}],"wp:attachment":[{"href":"https:\/\/www.roamtechnology.com\/fr\/wp-json\/wp\/v2\/media?parent=6252"}],"curies":[{"name":"wp","href":"https:\/\/api.w.org\/{rel}","templated":true}]}}