{"id":8780,"date":"2025-04-02T16:32:58","date_gmt":"2025-04-02T14:32:58","guid":{"rendered":"https:\/\/www.roamtechnology.com\/livestock-solutions\/"},"modified":"2025-04-09T15:32:11","modified_gmt":"2025-04-09T13:32:11","slug":"livestock-solutions","status":"publish","type":"page","link":"https:\/\/www.roamtechnology.com\/es\/livestock-solutions\/","title":{"rendered":"Livestock Solutions"},"content":{"rendered":"<p>El sector ganadero mundial se enfrenta a numerosos retos, como la propagaci\u00f3n de enfermedades altamente infecciosas (peste porcina africana, gripe aviar,<em> hepatitis E<\/em>, &#8230;), la resistencia a los antibi\u00f3ticos y el cambio clim\u00e1tico. A pesar de estos retos y de los prejuicios a los que se enfrentan, el sector ganadero es un sector din\u00e1mico y muy innovador que desempe\u00f1a un papel clave en una bioeconom\u00eda circular.<\/p>\n","protected":false},"excerpt":{"rendered":"<p>El sector ganadero mundial se enfrenta a numerosos retos, como la propagaci\u00f3n de enfermedades altamente infecciosas (peste porcina africana, gripe aviar, hepatitis E, &#8230;), la resistencia a los antibi\u00f3ticos y el cambio clim\u00e1tico. A pesar de estos retos y de los prejuicios a los que se enfrentan, el sector ganadero es un sector din\u00e1mico y [&hellip;]<\/p>\n","protected":false},"author":2,"featured_media":5537,"parent":0,"menu_order":0,"comment_status":"closed","ping_status":"closed","template":"","meta":{"inline_featured_image":false,"footnotes":""},"class_list":["post-8780","page","type-page","status-publish","has-post-thumbnail","hentry"],"acf":[],"yoast_head":"<!-- This site is optimized with the Yoast SEO plugin v23.9 - https:\/\/yoast.com\/wordpress\/plugins\/seo\/ -->\n<title>Livestock Solutions - Roam Technology<\/title>\n<meta name=\"description\" content=\"El sector ganadero es un sector din\u00e1mico y muy innovador que desempe\u00f1a un papel clave en una bioeconom\u00eda circular.\" \/>\n<meta name=\"robots\" content=\"index, follow, max-snippet:-1, max-image-preview:large, max-video-preview:-1\" \/>\n<link rel=\"canonical\" href=\"https:\/\/www.roamtechnology.com\/es\/livestock-solutions\/\" \/>\n<meta property=\"og:locale\" content=\"es_ES\" \/>\n<meta property=\"og:type\" content=\"article\" \/>\n<meta property=\"og:title\" content=\"Livestock Solutions - Roam Technology\" \/>\n<meta property=\"og:description\" content=\"El sector ganadero es un sector din\u00e1mico y muy innovador que desempe\u00f1a un papel clave en una bioeconom\u00eda circular.\" \/>\n<meta property=\"og:url\" content=\"https:\/\/www.roamtechnology.com\/es\/livestock-solutions\/\" \/>\n<meta property=\"og:site_name\" content=\"Roam Technology\" \/>\n<meta property=\"article:modified_time\" content=\"2025-04-09T13:32:11+00:00\" \/>\n<meta property=\"og:image\" content=\"https:\/\/www.roamtechnology.com\/app\/uploads\/2023\/04\/RT_Scientific_by_nature_poultry02.jpg\" \/>\n\t<meta property=\"og:image:width\" content=\"2325\" \/>\n\t<meta property=\"og:image:height\" content=\"1092\" \/>\n\t<meta property=\"og:image:type\" content=\"image\/jpeg\" \/>\n<meta name=\"twitter:card\" content=\"summary_large_image\" \/>\n<meta name=\"twitter:label1\" content=\"Est. reading time\" \/>\n\t<meta name=\"twitter:data1\" content=\"4 minutes\" \/>\n<script type=\"application\/ld+json\" class=\"yoast-schema-graph\">{\"@context\":\"https:\/\/schema.org\",\"@graph\":[{\"@type\":\"WebPage\",\"@id\":\"https:\/\/www.roamtechnology.com\/es\/livestock-solutions\/\",\"url\":\"https:\/\/www.roamtechnology.com\/es\/livestock-solutions\/\",\"name\":\"Livestock Solutions - Roam Technology\",\"isPartOf\":{\"@id\":\"https:\/\/www.roamtechnology.com\/es\/#website\"},\"primaryImageOfPage\":{\"@id\":\"https:\/\/www.roamtechnology.com\/es\/livestock-solutions\/#primaryimage\"},\"image\":{\"@id\":\"https:\/\/www.roamtechnology.com\/es\/livestock-solutions\/#primaryimage\"},\"thumbnailUrl\":\"https:\/\/www.roamtechnology.com\/app\/uploads\/2023\/04\/RT_Scientific_by_nature_poultry02.jpg\",\"datePublished\":\"2025-04-02T14:32:58+00:00\",\"dateModified\":\"2025-04-09T13:32:11+00:00\",\"description\":\"El sector ganadero es un sector din\u00e1mico y muy innovador que desempe\u00f1a un papel clave en una bioeconom\u00eda circular.\",\"breadcrumb\":{\"@id\":\"https:\/\/www.roamtechnology.com\/es\/livestock-solutions\/#breadcrumb\"},\"inLanguage\":\"es-ES\",\"potentialAction\":[{\"@type\":\"ReadAction\",\"target\":[\"https:\/\/www.roamtechnology.com\/es\/livestock-solutions\/\"]}]},{\"@type\":\"ImageObject\",\"inLanguage\":\"es-ES\",\"@id\":\"https:\/\/www.roamtechnology.com\/es\/livestock-solutions\/#primaryimage\",\"url\":\"https:\/\/www.roamtechnology.com\/app\/uploads\/2023\/04\/RT_Scientific_by_nature_poultry02.jpg\",\"contentUrl\":\"https:\/\/www.roamtechnology.com\/app\/uploads\/2023\/04\/RT_Scientific_by_nature_poultry02.jpg\",\"width\":2325,\"height\":1092},{\"@type\":\"BreadcrumbList\",\"@id\":\"https:\/\/www.roamtechnology.com\/es\/livestock-solutions\/#breadcrumb\",\"itemListElement\":[{\"@type\":\"ListItem\",\"position\":1,\"name\":\"Home\",\"item\":\"https:\/\/www.roamtechnology.com\/es\/\"},{\"@type\":\"ListItem\",\"position\":2,\"name\":\"Livestock Solutions\"}]},{\"@type\":\"WebSite\",\"@id\":\"https:\/\/www.roamtechnology.com\/es\/#website\",\"url\":\"https:\/\/www.roamtechnology.com\/es\/\",\"name\":\"Roam Technology\",\"description\":\"Scientific By Nature\",\"potentialAction\":[{\"@type\":\"SearchAction\",\"target\":{\"@type\":\"EntryPoint\",\"urlTemplate\":\"https:\/\/www.roamtechnology.com\/es\/?s={search_term_string}\"},\"query-input\":{\"@type\":\"PropertyValueSpecification\",\"valueRequired\":true,\"valueName\":\"search_term_string\"}}],\"inLanguage\":\"es-ES\"}]}<\/script>\n<!-- \/ Yoast SEO plugin. -->","yoast_head_json":{"title":"Livestock Solutions - Roam Technology","description":"El sector ganadero es un sector din\u00e1mico y muy innovador que desempe\u00f1a un papel clave en una bioeconom\u00eda circular.","robots":{"index":"index","follow":"follow","max-snippet":"max-snippet:-1","max-image-preview":"max-image-preview:large","max-video-preview":"max-video-preview:-1"},"canonical":"https:\/\/www.roamtechnology.com\/es\/livestock-solutions\/","og_locale":"es_ES","og_type":"article","og_title":"Livestock Solutions - Roam Technology","og_description":"El sector ganadero es un sector din\u00e1mico y muy innovador que desempe\u00f1a un papel clave en una bioeconom\u00eda circular.","og_url":"https:\/\/www.roamtechnology.com\/es\/livestock-solutions\/","og_site_name":"Roam Technology","article_modified_time":"2025-04-09T13:32:11+00:00","og_image":[{"width":2325,"height":1092,"url":"https:\/\/www.roamtechnology.com\/app\/uploads\/2023\/04\/RT_Scientific_by_nature_poultry02.jpg","type":"image\/jpeg"}],"twitter_card":"summary_large_image","twitter_misc":{"Est. reading time":"4 minutes"},"schema":{"@context":"https:\/\/schema.org","@graph":[{"@type":"WebPage","@id":"https:\/\/www.roamtechnology.com\/es\/livestock-solutions\/","url":"https:\/\/www.roamtechnology.com\/es\/livestock-solutions\/","name":"Livestock Solutions - Roam Technology","isPartOf":{"@id":"https:\/\/www.roamtechnology.com\/es\/#website"},"primaryImageOfPage":{"@id":"https:\/\/www.roamtechnology.com\/es\/livestock-solutions\/#primaryimage"},"image":{"@id":"https:\/\/www.roamtechnology.com\/es\/livestock-solutions\/#primaryimage"},"thumbnailUrl":"https:\/\/www.roamtechnology.com\/app\/uploads\/2023\/04\/RT_Scientific_by_nature_poultry02.jpg","datePublished":"2025-04-02T14:32:58+00:00","dateModified":"2025-04-09T13:32:11+00:00","description":"El sector ganadero es un sector din\u00e1mico y muy innovador que desempe\u00f1a un papel clave en una bioeconom\u00eda circular.","breadcrumb":{"@id":"https:\/\/www.roamtechnology.com\/es\/livestock-solutions\/#breadcrumb"},"inLanguage":"es-ES","potentialAction":[{"@type":"ReadAction","target":["https:\/\/www.roamtechnology.com\/es\/livestock-solutions\/"]}]},{"@type":"ImageObject","inLanguage":"es-ES","@id":"https:\/\/www.roamtechnology.com\/es\/livestock-solutions\/#primaryimage","url":"https:\/\/www.roamtechnology.com\/app\/uploads\/2023\/04\/RT_Scientific_by_nature_poultry02.jpg","contentUrl":"https:\/\/www.roamtechnology.com\/app\/uploads\/2023\/04\/RT_Scientific_by_nature_poultry02.jpg","width":2325,"height":1092},{"@type":"BreadcrumbList","@id":"https:\/\/www.roamtechnology.com\/es\/livestock-solutions\/#breadcrumb","itemListElement":[{"@type":"ListItem","position":1,"name":"Home","item":"https:\/\/www.roamtechnology.com\/es\/"},{"@type":"ListItem","position":2,"name":"Livestock Solutions"}]},{"@type":"WebSite","@id":"https:\/\/www.roamtechnology.com\/es\/#website","url":"https:\/\/www.roamtechnology.com\/es\/","name":"Roam Technology","description":"Scientific By Nature","potentialAction":[{"@type":"SearchAction","target":{"@type":"EntryPoint","urlTemplate":"https:\/\/www.roamtechnology.com\/es\/?s={search_term_string}"},"query-input":{"@type":"PropertyValueSpecification","valueRequired":true,"valueName":"search_term_string"}}],"inLanguage":"es-ES"}]}},"_links":{"self":[{"href":"https:\/\/www.roamtechnology.com\/es\/wp-json\/wp\/v2\/pages\/8780","targetHints":{"allow":["GET"]}}],"collection":[{"href":"https:\/\/www.roamtechnology.com\/es\/wp-json\/wp\/v2\/pages"}],"about":[{"href":"https:\/\/www.roamtechnology.com\/es\/wp-json\/wp\/v2\/types\/page"}],"author":[{"embeddable":true,"href":"https:\/\/www.roamtechnology.com\/es\/wp-json\/wp\/v2\/users\/2"}],"replies":[{"embeddable":true,"href":"https:\/\/www.roamtechnology.com\/es\/wp-json\/wp\/v2\/comments?post=8780"}],"version-history":[{"count":1,"href":"https:\/\/www.roamtechnology.com\/es\/wp-json\/wp\/v2\/pages\/8780\/revisions"}],"predecessor-version":[{"id":8856,"href":"https:\/\/www.roamtechnology.com\/es\/wp-json\/wp\/v2\/pages\/8780\/revisions\/8856"}],"wp:featuredmedia":[{"embeddable":true,"href":"https:\/\/www.roamtechnology.com\/es\/wp-json\/wp\/v2\/media\/5537"}],"wp:attachment":[{"href":"https:\/\/www.roamtechnology.com\/es\/wp-json\/wp\/v2\/media?parent=8780"}],"curies":[{"name":"wp","href":"https:\/\/api.w.org\/{rel}","templated":true}]}}