{"id":5138,"date":"2022-09-29T17:54:53","date_gmt":"2022-09-29T15:54:53","guid":{"rendered":"https:\/\/www.roamtechnology.com\/descubra-nuestra-tecnologia\/"},"modified":"2022-10-01T15:06:13","modified_gmt":"2022-10-01T13:06:13","slug":"descubra-nuestra-tecnologia","status":"publish","type":"page","link":"https:\/\/www.roamtechnology.com\/es\/descubra-nuestra-tecnologia\/","title":{"rendered":"Descubra nuestra tecnolog\u00eda"},"content":{"rendered":"<p>Nuestro procedimiento de combinar el per\u00f3xido de hidr\u00f3geno y el estabilizador de plata es \u00fanico en el mundo y se basa en la tecnolog\u00eda original de Huwa-San, que se ha seguido desarrollando en Roam Technology durante los \u00faltimos 20 a\u00f1os.<\/p>\n","protected":false},"excerpt":{"rendered":"<p>Nuestro procedimiento de combinar el per\u00f3xido de hidr\u00f3geno y el estabilizador de plata es \u00fanico en el mundo y se basa en la tecnolog\u00eda original de Huwa-San, que se ha seguido desarrollando en Roam Technology durante los \u00faltimos 20 a\u00f1os.<\/p>\n","protected":false},"author":1,"featured_media":1771,"parent":0,"menu_order":0,"comment_status":"closed","ping_status":"closed","template":"","meta":{"inline_featured_image":false,"footnotes":""},"class_list":["post-5138","page","type-page","status-publish","has-post-thumbnail","hentry"],"acf":[],"yoast_head":"<!-- This site is optimized with the Yoast SEO plugin v23.9 - https:\/\/yoast.com\/wordpress\/plugins\/seo\/ -->\n<title>Descubra nuestra tecnolog\u00eda - Roam Technology<\/title>\n<meta name=\"robots\" content=\"index, follow, max-snippet:-1, max-image-preview:large, max-video-preview:-1\" \/>\n<link rel=\"canonical\" href=\"https:\/\/www.roamtechnology.com\/es\/descubra-nuestra-tecnologia\/\" \/>\n<meta property=\"og:locale\" content=\"es_ES\" \/>\n<meta property=\"og:type\" content=\"article\" \/>\n<meta property=\"og:title\" content=\"Descubra nuestra tecnolog\u00eda - Roam Technology\" \/>\n<meta property=\"og:description\" content=\"Nuestro procedimiento de combinar el per\u00f3xido de hidr\u00f3geno y el estabilizador de plata es \u00fanico en el mundo y se basa en la tecnolog\u00eda original de Huwa-San, que se ha seguido desarrollando en Roam Technology durante los \u00faltimos 20 a\u00f1os.\" \/>\n<meta property=\"og:url\" content=\"https:\/\/www.roamtechnology.com\/es\/descubra-nuestra-tecnologia\/\" \/>\n<meta property=\"og:site_name\" content=\"Roam Technology\" \/>\n<meta property=\"article:modified_time\" content=\"2022-10-01T13:06:13+00:00\" \/>\n<meta property=\"og:image\" content=\"https:\/\/www.roamtechnology.com\/app\/uploads\/2021\/11\/discover-technology.png\" \/>\n\t<meta property=\"og:image:width\" content=\"1230\" \/>\n\t<meta property=\"og:image:height\" content=\"467\" \/>\n\t<meta property=\"og:image:type\" content=\"image\/png\" \/>\n<meta name=\"twitter:card\" content=\"summary_large_image\" \/>\n<script type=\"application\/ld+json\" class=\"yoast-schema-graph\">{\"@context\":\"https:\/\/schema.org\",\"@graph\":[{\"@type\":\"WebPage\",\"@id\":\"https:\/\/www.roamtechnology.com\/es\/descubra-nuestra-tecnologia\/\",\"url\":\"https:\/\/www.roamtechnology.com\/es\/descubra-nuestra-tecnologia\/\",\"name\":\"Descubra nuestra tecnolog\u00eda - Roam Technology\",\"isPartOf\":{\"@id\":\"https:\/\/www.roamtechnology.com\/es\/#website\"},\"primaryImageOfPage\":{\"@id\":\"https:\/\/www.roamtechnology.com\/es\/descubra-nuestra-tecnologia\/#primaryimage\"},\"image\":{\"@id\":\"https:\/\/www.roamtechnology.com\/es\/descubra-nuestra-tecnologia\/#primaryimage\"},\"thumbnailUrl\":\"https:\/\/www.roamtechnology.com\/app\/uploads\/2021\/11\/discover-technology.png\",\"datePublished\":\"2022-09-29T15:54:53+00:00\",\"dateModified\":\"2022-10-01T13:06:13+00:00\",\"breadcrumb\":{\"@id\":\"https:\/\/www.roamtechnology.com\/es\/descubra-nuestra-tecnologia\/#breadcrumb\"},\"inLanguage\":\"es-ES\",\"potentialAction\":[{\"@type\":\"ReadAction\",\"target\":[\"https:\/\/www.roamtechnology.com\/es\/descubra-nuestra-tecnologia\/\"]}]},{\"@type\":\"ImageObject\",\"inLanguage\":\"es-ES\",\"@id\":\"https:\/\/www.roamtechnology.com\/es\/descubra-nuestra-tecnologia\/#primaryimage\",\"url\":\"https:\/\/www.roamtechnology.com\/app\/uploads\/2021\/11\/discover-technology.png\",\"contentUrl\":\"https:\/\/www.roamtechnology.com\/app\/uploads\/2021\/11\/discover-technology.png\",\"width\":1230,\"height\":467},{\"@type\":\"BreadcrumbList\",\"@id\":\"https:\/\/www.roamtechnology.com\/es\/descubra-nuestra-tecnologia\/#breadcrumb\",\"itemListElement\":[{\"@type\":\"ListItem\",\"position\":1,\"name\":\"Home\",\"item\":\"https:\/\/www.roamtechnology.com\/es\/\"},{\"@type\":\"ListItem\",\"position\":2,\"name\":\"Descubra nuestra tecnolog\u00eda\"}]},{\"@type\":\"WebSite\",\"@id\":\"https:\/\/www.roamtechnology.com\/es\/#website\",\"url\":\"https:\/\/www.roamtechnology.com\/es\/\",\"name\":\"Roam Technology\",\"description\":\"Scientific By Nature\",\"potentialAction\":[{\"@type\":\"SearchAction\",\"target\":{\"@type\":\"EntryPoint\",\"urlTemplate\":\"https:\/\/www.roamtechnology.com\/es\/?s={search_term_string}\"},\"query-input\":{\"@type\":\"PropertyValueSpecification\",\"valueRequired\":true,\"valueName\":\"search_term_string\"}}],\"inLanguage\":\"es-ES\"}]}<\/script>\n<!-- \/ Yoast SEO plugin. -->","yoast_head_json":{"title":"Descubra nuestra tecnolog\u00eda - Roam Technology","robots":{"index":"index","follow":"follow","max-snippet":"max-snippet:-1","max-image-preview":"max-image-preview:large","max-video-preview":"max-video-preview:-1"},"canonical":"https:\/\/www.roamtechnology.com\/es\/descubra-nuestra-tecnologia\/","og_locale":"es_ES","og_type":"article","og_title":"Descubra nuestra tecnolog\u00eda - Roam Technology","og_description":"Nuestro procedimiento de combinar el per\u00f3xido de hidr\u00f3geno y el estabilizador de plata es \u00fanico en el mundo y se basa en la tecnolog\u00eda original de Huwa-San, que se ha seguido desarrollando en Roam Technology durante los \u00faltimos 20 a\u00f1os.","og_url":"https:\/\/www.roamtechnology.com\/es\/descubra-nuestra-tecnologia\/","og_site_name":"Roam Technology","article_modified_time":"2022-10-01T13:06:13+00:00","og_image":[{"width":1230,"height":467,"url":"https:\/\/www.roamtechnology.com\/app\/uploads\/2021\/11\/discover-technology.png","type":"image\/png"}],"twitter_card":"summary_large_image","schema":{"@context":"https:\/\/schema.org","@graph":[{"@type":"WebPage","@id":"https:\/\/www.roamtechnology.com\/es\/descubra-nuestra-tecnologia\/","url":"https:\/\/www.roamtechnology.com\/es\/descubra-nuestra-tecnologia\/","name":"Descubra nuestra tecnolog\u00eda - Roam Technology","isPartOf":{"@id":"https:\/\/www.roamtechnology.com\/es\/#website"},"primaryImageOfPage":{"@id":"https:\/\/www.roamtechnology.com\/es\/descubra-nuestra-tecnologia\/#primaryimage"},"image":{"@id":"https:\/\/www.roamtechnology.com\/es\/descubra-nuestra-tecnologia\/#primaryimage"},"thumbnailUrl":"https:\/\/www.roamtechnology.com\/app\/uploads\/2021\/11\/discover-technology.png","datePublished":"2022-09-29T15:54:53+00:00","dateModified":"2022-10-01T13:06:13+00:00","breadcrumb":{"@id":"https:\/\/www.roamtechnology.com\/es\/descubra-nuestra-tecnologia\/#breadcrumb"},"inLanguage":"es-ES","potentialAction":[{"@type":"ReadAction","target":["https:\/\/www.roamtechnology.com\/es\/descubra-nuestra-tecnologia\/"]}]},{"@type":"ImageObject","inLanguage":"es-ES","@id":"https:\/\/www.roamtechnology.com\/es\/descubra-nuestra-tecnologia\/#primaryimage","url":"https:\/\/www.roamtechnology.com\/app\/uploads\/2021\/11\/discover-technology.png","contentUrl":"https:\/\/www.roamtechnology.com\/app\/uploads\/2021\/11\/discover-technology.png","width":1230,"height":467},{"@type":"BreadcrumbList","@id":"https:\/\/www.roamtechnology.com\/es\/descubra-nuestra-tecnologia\/#breadcrumb","itemListElement":[{"@type":"ListItem","position":1,"name":"Home","item":"https:\/\/www.roamtechnology.com\/es\/"},{"@type":"ListItem","position":2,"name":"Descubra nuestra tecnolog\u00eda"}]},{"@type":"WebSite","@id":"https:\/\/www.roamtechnology.com\/es\/#website","url":"https:\/\/www.roamtechnology.com\/es\/","name":"Roam Technology","description":"Scientific By Nature","potentialAction":[{"@type":"SearchAction","target":{"@type":"EntryPoint","urlTemplate":"https:\/\/www.roamtechnology.com\/es\/?s={search_term_string}"},"query-input":{"@type":"PropertyValueSpecification","valueRequired":true,"valueName":"search_term_string"}}],"inLanguage":"es-ES"}]}},"_links":{"self":[{"href":"https:\/\/www.roamtechnology.com\/es\/wp-json\/wp\/v2\/pages\/5138","targetHints":{"allow":["GET"]}}],"collection":[{"href":"https:\/\/www.roamtechnology.com\/es\/wp-json\/wp\/v2\/pages"}],"about":[{"href":"https:\/\/www.roamtechnology.com\/es\/wp-json\/wp\/v2\/types\/page"}],"author":[{"embeddable":true,"href":"https:\/\/www.roamtechnology.com\/es\/wp-json\/wp\/v2\/users\/1"}],"replies":[{"embeddable":true,"href":"https:\/\/www.roamtechnology.com\/es\/wp-json\/wp\/v2\/comments?post=5138"}],"version-history":[{"count":3,"href":"https:\/\/www.roamtechnology.com\/es\/wp-json\/wp\/v2\/pages\/5138\/revisions"}],"predecessor-version":[{"id":5273,"href":"https:\/\/www.roamtechnology.com\/es\/wp-json\/wp\/v2\/pages\/5138\/revisions\/5273"}],"wp:featuredmedia":[{"embeddable":true,"href":"https:\/\/www.roamtechnology.com\/es\/wp-json\/wp\/v2\/media\/1771"}],"wp:attachment":[{"href":"https:\/\/www.roamtechnology.com\/es\/wp-json\/wp\/v2\/media?parent=5138"}],"curies":[{"name":"wp","href":"https:\/\/api.w.org\/{rel}","templated":true}]}}