{"id":5136,"date":"2022-09-29T17:54:51","date_gmt":"2022-09-29T15:54:51","guid":{"rendered":"https:\/\/www.roamtechnology.com\/post-cosecha\/"},"modified":"2022-10-02T09:05:41","modified_gmt":"2022-10-02T07:05:41","slug":"poscosecha","status":"publish","type":"page","link":"https:\/\/www.roamtechnology.com\/es\/agro-solutions\/poscosecha\/","title":{"rendered":"Postcosecha"},"content":{"rendered":"<p>Las empresas de postcosecha est\u00e1n especializadas en la clasificaci\u00f3n, el almacenamiento, la transformaci\u00f3n o el envasado de frutas y hortalizas. La gama de productos de Roam Technology ayudar\u00e1 a las empresas de postcosecha a optimizar sus procesos mediante soluciones de higiene sostenibles. La experiencia de nuestros expertos t\u00e9cnicos en limpieza y desinfecci\u00f3n los hace muy adecuados para apoyar al sector de la postcosecha en su esfuerzo continuo por minimizar la p\u00e9rdida de calidad y cantidad de alimentos.<\/p>\n","protected":false},"excerpt":{"rendered":"<p>Las empresas de postcosecha est\u00e1n especializadas en la clasificaci\u00f3n, el almacenamiento, la transformaci\u00f3n o el envasado de frutas y hortalizas. La gama de productos de Roam Technology ayudar\u00e1 a las empresas de postcosecha a optimizar sus procesos mediante soluciones de higiene sostenibles. La experiencia de nuestros expertos t\u00e9cnicos en limpieza y desinfecci\u00f3n los hace muy [&hellip;]<\/p>\n","protected":false},"author":1,"featured_media":1740,"parent":5139,"menu_order":0,"comment_status":"closed","ping_status":"closed","template":"","meta":{"inline_featured_image":false,"footnotes":""},"class_list":["post-5136","page","type-page","status-publish","has-post-thumbnail","hentry"],"acf":[],"yoast_head":"<!-- This site is optimized with the Yoast SEO plugin v23.9 - https:\/\/yoast.com\/wordpress\/plugins\/seo\/ -->\n<title>Postcosecha - Roam Technology<\/title>\n<meta name=\"robots\" content=\"index, follow, max-snippet:-1, max-image-preview:large, max-video-preview:-1\" \/>\n<link rel=\"canonical\" href=\"https:\/\/www.roamtechnology.com\/es\/agro-solutions\/poscosecha\/\" \/>\n<meta property=\"og:locale\" content=\"es_ES\" \/>\n<meta property=\"og:type\" content=\"article\" \/>\n<meta property=\"og:title\" content=\"Postcosecha - Roam Technology\" \/>\n<meta property=\"og:description\" content=\"Las empresas de postcosecha est\u00e1n especializadas en la clasificaci\u00f3n, el almacenamiento, la transformaci\u00f3n o el envasado de frutas y hortalizas. La gama de productos de Roam Technology ayudar\u00e1 a las empresas de postcosecha a optimizar sus procesos mediante soluciones de higiene sostenibles. La experiencia de nuestros expertos t\u00e9cnicos en limpieza y desinfecci\u00f3n los hace muy [&hellip;]\" \/>\n<meta property=\"og:url\" content=\"https:\/\/www.roamtechnology.com\/es\/agro-solutions\/poscosecha\/\" \/>\n<meta property=\"og:site_name\" content=\"Roam Technology\" \/>\n<meta property=\"article:modified_time\" content=\"2022-10-02T07:05:41+00:00\" \/>\n<meta property=\"og:image\" content=\"https:\/\/www.roamtechnology.com\/app\/uploads\/2021\/11\/Roam_Industrialapplications_01.jpg\" \/>\n\t<meta property=\"og:image:width\" content=\"4500\" \/>\n\t<meta property=\"og:image:height\" content=\"3002\" \/>\n\t<meta property=\"og:image:type\" content=\"image\/jpeg\" \/>\n<meta name=\"twitter:card\" content=\"summary_large_image\" \/>\n<script type=\"application\/ld+json\" class=\"yoast-schema-graph\">{\"@context\":\"https:\/\/schema.org\",\"@graph\":[{\"@type\":\"WebPage\",\"@id\":\"https:\/\/www.roamtechnology.com\/es\/agro-solutions\/poscosecha\/\",\"url\":\"https:\/\/www.roamtechnology.com\/es\/agro-solutions\/poscosecha\/\",\"name\":\"Postcosecha - Roam Technology\",\"isPartOf\":{\"@id\":\"https:\/\/www.roamtechnology.com\/es\/#website\"},\"primaryImageOfPage\":{\"@id\":\"https:\/\/www.roamtechnology.com\/es\/agro-solutions\/poscosecha\/#primaryimage\"},\"image\":{\"@id\":\"https:\/\/www.roamtechnology.com\/es\/agro-solutions\/poscosecha\/#primaryimage\"},\"thumbnailUrl\":\"https:\/\/www.roamtechnology.com\/app\/uploads\/2021\/11\/Roam_Industrialapplications_01.jpg\",\"datePublished\":\"2022-09-29T15:54:51+00:00\",\"dateModified\":\"2022-10-02T07:05:41+00:00\",\"breadcrumb\":{\"@id\":\"https:\/\/www.roamtechnology.com\/es\/agro-solutions\/poscosecha\/#breadcrumb\"},\"inLanguage\":\"es-ES\",\"potentialAction\":[{\"@type\":\"ReadAction\",\"target\":[\"https:\/\/www.roamtechnology.com\/es\/agro-solutions\/poscosecha\/\"]}]},{\"@type\":\"ImageObject\",\"inLanguage\":\"es-ES\",\"@id\":\"https:\/\/www.roamtechnology.com\/es\/agro-solutions\/poscosecha\/#primaryimage\",\"url\":\"https:\/\/www.roamtechnology.com\/app\/uploads\/2021\/11\/Roam_Industrialapplications_01.jpg\",\"contentUrl\":\"https:\/\/www.roamtechnology.com\/app\/uploads\/2021\/11\/Roam_Industrialapplications_01.jpg\",\"width\":4500,\"height\":3002,\"caption\":\"L\u00ednea de clasificaci\u00f3n de pimientos\"},{\"@type\":\"BreadcrumbList\",\"@id\":\"https:\/\/www.roamtechnology.com\/es\/agro-solutions\/poscosecha\/#breadcrumb\",\"itemListElement\":[{\"@type\":\"ListItem\",\"position\":1,\"name\":\"Home\",\"item\":\"https:\/\/www.roamtechnology.com\/es\/\"},{\"@type\":\"ListItem\",\"position\":2,\"name\":\"Postcosecha\"}]},{\"@type\":\"WebSite\",\"@id\":\"https:\/\/www.roamtechnology.com\/es\/#website\",\"url\":\"https:\/\/www.roamtechnology.com\/es\/\",\"name\":\"Roam Technology\",\"description\":\"Scientific By Nature\",\"potentialAction\":[{\"@type\":\"SearchAction\",\"target\":{\"@type\":\"EntryPoint\",\"urlTemplate\":\"https:\/\/www.roamtechnology.com\/es\/?s={search_term_string}\"},\"query-input\":{\"@type\":\"PropertyValueSpecification\",\"valueRequired\":true,\"valueName\":\"search_term_string\"}}],\"inLanguage\":\"es-ES\"}]}<\/script>\n<!-- \/ Yoast SEO plugin. -->","yoast_head_json":{"title":"Postcosecha - Roam Technology","robots":{"index":"index","follow":"follow","max-snippet":"max-snippet:-1","max-image-preview":"max-image-preview:large","max-video-preview":"max-video-preview:-1"},"canonical":"https:\/\/www.roamtechnology.com\/es\/agro-solutions\/poscosecha\/","og_locale":"es_ES","og_type":"article","og_title":"Postcosecha - Roam Technology","og_description":"Las empresas de postcosecha est\u00e1n especializadas en la clasificaci\u00f3n, el almacenamiento, la transformaci\u00f3n o el envasado de frutas y hortalizas. La gama de productos de Roam Technology ayudar\u00e1 a las empresas de postcosecha a optimizar sus procesos mediante soluciones de higiene sostenibles. La experiencia de nuestros expertos t\u00e9cnicos en limpieza y desinfecci\u00f3n los hace muy [&hellip;]","og_url":"https:\/\/www.roamtechnology.com\/es\/agro-solutions\/poscosecha\/","og_site_name":"Roam Technology","article_modified_time":"2022-10-02T07:05:41+00:00","og_image":[{"width":4500,"height":3002,"url":"https:\/\/www.roamtechnology.com\/app\/uploads\/2021\/11\/Roam_Industrialapplications_01.jpg","type":"image\/jpeg"}],"twitter_card":"summary_large_image","schema":{"@context":"https:\/\/schema.org","@graph":[{"@type":"WebPage","@id":"https:\/\/www.roamtechnology.com\/es\/agro-solutions\/poscosecha\/","url":"https:\/\/www.roamtechnology.com\/es\/agro-solutions\/poscosecha\/","name":"Postcosecha - Roam Technology","isPartOf":{"@id":"https:\/\/www.roamtechnology.com\/es\/#website"},"primaryImageOfPage":{"@id":"https:\/\/www.roamtechnology.com\/es\/agro-solutions\/poscosecha\/#primaryimage"},"image":{"@id":"https:\/\/www.roamtechnology.com\/es\/agro-solutions\/poscosecha\/#primaryimage"},"thumbnailUrl":"https:\/\/www.roamtechnology.com\/app\/uploads\/2021\/11\/Roam_Industrialapplications_01.jpg","datePublished":"2022-09-29T15:54:51+00:00","dateModified":"2022-10-02T07:05:41+00:00","breadcrumb":{"@id":"https:\/\/www.roamtechnology.com\/es\/agro-solutions\/poscosecha\/#breadcrumb"},"inLanguage":"es-ES","potentialAction":[{"@type":"ReadAction","target":["https:\/\/www.roamtechnology.com\/es\/agro-solutions\/poscosecha\/"]}]},{"@type":"ImageObject","inLanguage":"es-ES","@id":"https:\/\/www.roamtechnology.com\/es\/agro-solutions\/poscosecha\/#primaryimage","url":"https:\/\/www.roamtechnology.com\/app\/uploads\/2021\/11\/Roam_Industrialapplications_01.jpg","contentUrl":"https:\/\/www.roamtechnology.com\/app\/uploads\/2021\/11\/Roam_Industrialapplications_01.jpg","width":4500,"height":3002,"caption":"L\u00ednea de clasificaci\u00f3n de pimientos"},{"@type":"BreadcrumbList","@id":"https:\/\/www.roamtechnology.com\/es\/agro-solutions\/poscosecha\/#breadcrumb","itemListElement":[{"@type":"ListItem","position":1,"name":"Home","item":"https:\/\/www.roamtechnology.com\/es\/"},{"@type":"ListItem","position":2,"name":"Postcosecha"}]},{"@type":"WebSite","@id":"https:\/\/www.roamtechnology.com\/es\/#website","url":"https:\/\/www.roamtechnology.com\/es\/","name":"Roam Technology","description":"Scientific By Nature","potentialAction":[{"@type":"SearchAction","target":{"@type":"EntryPoint","urlTemplate":"https:\/\/www.roamtechnology.com\/es\/?s={search_term_string}"},"query-input":{"@type":"PropertyValueSpecification","valueRequired":true,"valueName":"search_term_string"}}],"inLanguage":"es-ES"}]}},"_links":{"self":[{"href":"https:\/\/www.roamtechnology.com\/es\/wp-json\/wp\/v2\/pages\/5136","targetHints":{"allow":["GET"]}}],"collection":[{"href":"https:\/\/www.roamtechnology.com\/es\/wp-json\/wp\/v2\/pages"}],"about":[{"href":"https:\/\/www.roamtechnology.com\/es\/wp-json\/wp\/v2\/types\/page"}],"author":[{"embeddable":true,"href":"https:\/\/www.roamtechnology.com\/es\/wp-json\/wp\/v2\/users\/1"}],"replies":[{"embeddable":true,"href":"https:\/\/www.roamtechnology.com\/es\/wp-json\/wp\/v2\/comments?post=5136"}],"version-history":[{"count":5,"href":"https:\/\/www.roamtechnology.com\/es\/wp-json\/wp\/v2\/pages\/5136\/revisions"}],"predecessor-version":[{"id":5297,"href":"https:\/\/www.roamtechnology.com\/es\/wp-json\/wp\/v2\/pages\/5136\/revisions\/5297"}],"up":[{"embeddable":true,"href":"https:\/\/www.roamtechnology.com\/es\/wp-json\/wp\/v2\/pages\/5139"}],"wp:featuredmedia":[{"embeddable":true,"href":"https:\/\/www.roamtechnology.com\/es\/wp-json\/wp\/v2\/media\/1740"}],"wp:attachment":[{"href":"https:\/\/www.roamtechnology.com\/es\/wp-json\/wp\/v2\/media?parent=5136"}],"curies":[{"name":"wp","href":"https:\/\/api.w.org\/{rel}","templated":true}]}}