{"id":5130,"date":"2022-09-29T17:54:49","date_gmt":"2022-09-29T15:54:49","guid":{"rendered":"https:\/\/www.roamtechnology.com\/bioseguridad\/"},"modified":"2022-10-01T14:35:34","modified_gmt":"2022-10-01T12:35:34","slug":"bioseguridad","status":"publish","type":"page","link":"https:\/\/www.roamtechnology.com\/es\/agro-solutions\/ganado\/bioseguridad\/","title":{"rendered":"Bioseguridad"},"content":{"rendered":"<p>La bioseguridad se refiere a las acciones de precauci\u00f3n y a las pr\u00e1cticas de gesti\u00f3n que reducen el riesgo de que las enfermedades de los animales se filtren en la granja y se propaguen dentro de ella. Un buen plan de bioseguridad comprende un conjunto de medidas pr\u00e1cticas que son r\u00e1pidas y f\u00e1ciles de emplear.<\/p>\n","protected":false},"excerpt":{"rendered":"<p>La bioseguridad se refiere a las acciones de precauci\u00f3n y a las pr\u00e1cticas de gesti\u00f3n que reducen el riesgo de que las enfermedades de los animales se filtren en la granja y se propaguen dentro de ella. Un buen plan de bioseguridad comprende un conjunto de medidas pr\u00e1cticas que son r\u00e1pidas y f\u00e1ciles de emplear.<\/p>\n","protected":false},"author":2,"featured_media":2723,"parent":5142,"menu_order":0,"comment_status":"closed","ping_status":"closed","template":"","meta":{"inline_featured_image":false,"footnotes":""},"class_list":["post-5130","page","type-page","status-publish","has-post-thumbnail","hentry"],"acf":[],"yoast_head":"<!-- This site is optimized with the Yoast SEO plugin v23.9 - https:\/\/yoast.com\/wordpress\/plugins\/seo\/ -->\n<title>Bioseguridad - Roam Technology<\/title>\n<meta name=\"robots\" content=\"index, follow, max-snippet:-1, max-image-preview:large, max-video-preview:-1\" \/>\n<link rel=\"canonical\" href=\"https:\/\/www.roamtechnology.com\/es\/agro-solutions\/ganado\/bioseguridad\/\" \/>\n<meta property=\"og:locale\" content=\"es_ES\" \/>\n<meta property=\"og:type\" content=\"article\" \/>\n<meta property=\"og:title\" content=\"Bioseguridad - Roam Technology\" \/>\n<meta property=\"og:description\" content=\"La bioseguridad se refiere a las acciones de precauci\u00f3n y a las pr\u00e1cticas de gesti\u00f3n que reducen el riesgo de que las enfermedades de los animales se filtren en la granja y se propaguen dentro de ella. Un buen plan de bioseguridad comprende un conjunto de medidas pr\u00e1cticas que son r\u00e1pidas y f\u00e1ciles de emplear.\" \/>\n<meta property=\"og:url\" content=\"https:\/\/www.roamtechnology.com\/es\/agro-solutions\/ganado\/bioseguridad\/\" \/>\n<meta property=\"og:site_name\" content=\"Roam Technology\" \/>\n<meta property=\"article:modified_time\" content=\"2022-10-01T12:35:34+00:00\" \/>\n<meta property=\"og:image\" content=\"https:\/\/www.roamtechnology.com\/app\/uploads\/2021\/11\/Farmlife_509308930.jpg\" \/>\n\t<meta property=\"og:image:width\" content=\"2234\" \/>\n\t<meta property=\"og:image:height\" content=\"1078\" \/>\n\t<meta property=\"og:image:type\" content=\"image\/jpeg\" \/>\n<meta name=\"twitter:card\" content=\"summary_large_image\" \/>\n<script type=\"application\/ld+json\" class=\"yoast-schema-graph\">{\"@context\":\"https:\/\/schema.org\",\"@graph\":[{\"@type\":\"WebPage\",\"@id\":\"https:\/\/www.roamtechnology.com\/es\/agro-solutions\/ganado\/bioseguridad\/\",\"url\":\"https:\/\/www.roamtechnology.com\/es\/agro-solutions\/ganado\/bioseguridad\/\",\"name\":\"Bioseguridad - Roam Technology\",\"isPartOf\":{\"@id\":\"https:\/\/www.roamtechnology.com\/es\/#website\"},\"primaryImageOfPage\":{\"@id\":\"https:\/\/www.roamtechnology.com\/es\/agro-solutions\/ganado\/bioseguridad\/#primaryimage\"},\"image\":{\"@id\":\"https:\/\/www.roamtechnology.com\/es\/agro-solutions\/ganado\/bioseguridad\/#primaryimage\"},\"thumbnailUrl\":\"https:\/\/www.roamtechnology.com\/app\/uploads\/2021\/11\/Farmlife_509308930.jpg\",\"datePublished\":\"2022-09-29T15:54:49+00:00\",\"dateModified\":\"2022-10-01T12:35:34+00:00\",\"breadcrumb\":{\"@id\":\"https:\/\/www.roamtechnology.com\/es\/agro-solutions\/ganado\/bioseguridad\/#breadcrumb\"},\"inLanguage\":\"es-ES\",\"potentialAction\":[{\"@type\":\"ReadAction\",\"target\":[\"https:\/\/www.roamtechnology.com\/es\/agro-solutions\/ganado\/bioseguridad\/\"]}]},{\"@type\":\"ImageObject\",\"inLanguage\":\"es-ES\",\"@id\":\"https:\/\/www.roamtechnology.com\/es\/agro-solutions\/ganado\/bioseguridad\/#primaryimage\",\"url\":\"https:\/\/www.roamtechnology.com\/app\/uploads\/2021\/11\/Farmlife_509308930.jpg\",\"contentUrl\":\"https:\/\/www.roamtechnology.com\/app\/uploads\/2021\/11\/Farmlife_509308930.jpg\",\"width\":2234,\"height\":1078,\"caption\":\"Bioseguridad_en_la_granja\"},{\"@type\":\"BreadcrumbList\",\"@id\":\"https:\/\/www.roamtechnology.com\/es\/agro-solutions\/ganado\/bioseguridad\/#breadcrumb\",\"itemListElement\":[{\"@type\":\"ListItem\",\"position\":1,\"name\":\"Home\",\"item\":\"https:\/\/www.roamtechnology.com\/es\/\"},{\"@type\":\"ListItem\",\"position\":2,\"name\":\"Ganado\",\"item\":\"https:\/\/www.roamtechnology.com\/es\/agro-solutions\/ganado\/\"},{\"@type\":\"ListItem\",\"position\":3,\"name\":\"Bioseguridad\"}]},{\"@type\":\"WebSite\",\"@id\":\"https:\/\/www.roamtechnology.com\/es\/#website\",\"url\":\"https:\/\/www.roamtechnology.com\/es\/\",\"name\":\"Roam Technology\",\"description\":\"Scientific By Nature\",\"potentialAction\":[{\"@type\":\"SearchAction\",\"target\":{\"@type\":\"EntryPoint\",\"urlTemplate\":\"https:\/\/www.roamtechnology.com\/es\/?s={search_term_string}\"},\"query-input\":{\"@type\":\"PropertyValueSpecification\",\"valueRequired\":true,\"valueName\":\"search_term_string\"}}],\"inLanguage\":\"es-ES\"}]}<\/script>\n<!-- \/ Yoast SEO plugin. -->","yoast_head_json":{"title":"Bioseguridad - Roam Technology","robots":{"index":"index","follow":"follow","max-snippet":"max-snippet:-1","max-image-preview":"max-image-preview:large","max-video-preview":"max-video-preview:-1"},"canonical":"https:\/\/www.roamtechnology.com\/es\/agro-solutions\/ganado\/bioseguridad\/","og_locale":"es_ES","og_type":"article","og_title":"Bioseguridad - Roam Technology","og_description":"La bioseguridad se refiere a las acciones de precauci\u00f3n y a las pr\u00e1cticas de gesti\u00f3n que reducen el riesgo de que las enfermedades de los animales se filtren en la granja y se propaguen dentro de ella. Un buen plan de bioseguridad comprende un conjunto de medidas pr\u00e1cticas que son r\u00e1pidas y f\u00e1ciles de emplear.","og_url":"https:\/\/www.roamtechnology.com\/es\/agro-solutions\/ganado\/bioseguridad\/","og_site_name":"Roam Technology","article_modified_time":"2022-10-01T12:35:34+00:00","og_image":[{"width":2234,"height":1078,"url":"https:\/\/www.roamtechnology.com\/app\/uploads\/2021\/11\/Farmlife_509308930.jpg","type":"image\/jpeg"}],"twitter_card":"summary_large_image","schema":{"@context":"https:\/\/schema.org","@graph":[{"@type":"WebPage","@id":"https:\/\/www.roamtechnology.com\/es\/agro-solutions\/ganado\/bioseguridad\/","url":"https:\/\/www.roamtechnology.com\/es\/agro-solutions\/ganado\/bioseguridad\/","name":"Bioseguridad - Roam Technology","isPartOf":{"@id":"https:\/\/www.roamtechnology.com\/es\/#website"},"primaryImageOfPage":{"@id":"https:\/\/www.roamtechnology.com\/es\/agro-solutions\/ganado\/bioseguridad\/#primaryimage"},"image":{"@id":"https:\/\/www.roamtechnology.com\/es\/agro-solutions\/ganado\/bioseguridad\/#primaryimage"},"thumbnailUrl":"https:\/\/www.roamtechnology.com\/app\/uploads\/2021\/11\/Farmlife_509308930.jpg","datePublished":"2022-09-29T15:54:49+00:00","dateModified":"2022-10-01T12:35:34+00:00","breadcrumb":{"@id":"https:\/\/www.roamtechnology.com\/es\/agro-solutions\/ganado\/bioseguridad\/#breadcrumb"},"inLanguage":"es-ES","potentialAction":[{"@type":"ReadAction","target":["https:\/\/www.roamtechnology.com\/es\/agro-solutions\/ganado\/bioseguridad\/"]}]},{"@type":"ImageObject","inLanguage":"es-ES","@id":"https:\/\/www.roamtechnology.com\/es\/agro-solutions\/ganado\/bioseguridad\/#primaryimage","url":"https:\/\/www.roamtechnology.com\/app\/uploads\/2021\/11\/Farmlife_509308930.jpg","contentUrl":"https:\/\/www.roamtechnology.com\/app\/uploads\/2021\/11\/Farmlife_509308930.jpg","width":2234,"height":1078,"caption":"Bioseguridad_en_la_granja"},{"@type":"BreadcrumbList","@id":"https:\/\/www.roamtechnology.com\/es\/agro-solutions\/ganado\/bioseguridad\/#breadcrumb","itemListElement":[{"@type":"ListItem","position":1,"name":"Home","item":"https:\/\/www.roamtechnology.com\/es\/"},{"@type":"ListItem","position":2,"name":"Ganado","item":"https:\/\/www.roamtechnology.com\/es\/agro-solutions\/ganado\/"},{"@type":"ListItem","position":3,"name":"Bioseguridad"}]},{"@type":"WebSite","@id":"https:\/\/www.roamtechnology.com\/es\/#website","url":"https:\/\/www.roamtechnology.com\/es\/","name":"Roam Technology","description":"Scientific By Nature","potentialAction":[{"@type":"SearchAction","target":{"@type":"EntryPoint","urlTemplate":"https:\/\/www.roamtechnology.com\/es\/?s={search_term_string}"},"query-input":{"@type":"PropertyValueSpecification","valueRequired":true,"valueName":"search_term_string"}}],"inLanguage":"es-ES"}]}},"_links":{"self":[{"href":"https:\/\/www.roamtechnology.com\/es\/wp-json\/wp\/v2\/pages\/5130","targetHints":{"allow":["GET"]}}],"collection":[{"href":"https:\/\/www.roamtechnology.com\/es\/wp-json\/wp\/v2\/pages"}],"about":[{"href":"https:\/\/www.roamtechnology.com\/es\/wp-json\/wp\/v2\/types\/page"}],"author":[{"embeddable":true,"href":"https:\/\/www.roamtechnology.com\/es\/wp-json\/wp\/v2\/users\/2"}],"replies":[{"embeddable":true,"href":"https:\/\/www.roamtechnology.com\/es\/wp-json\/wp\/v2\/comments?post=5130"}],"version-history":[{"count":2,"href":"https:\/\/www.roamtechnology.com\/es\/wp-json\/wp\/v2\/pages\/5130\/revisions"}],"predecessor-version":[{"id":5265,"href":"https:\/\/www.roamtechnology.com\/es\/wp-json\/wp\/v2\/pages\/5130\/revisions\/5265"}],"up":[{"embeddable":true,"href":"https:\/\/www.roamtechnology.com\/es\/wp-json\/wp\/v2\/pages\/5142"}],"wp:featuredmedia":[{"embeddable":true,"href":"https:\/\/www.roamtechnology.com\/es\/wp-json\/wp\/v2\/media\/2723"}],"wp:attachment":[{"href":"https:\/\/www.roamtechnology.com\/es\/wp-json\/wp\/v2\/media?parent=5130"}],"curies":[{"name":"wp","href":"https:\/\/api.w.org\/{rel}","templated":true}]}}