{"id":5127,"date":"2022-09-29T17:54:48","date_gmt":"2022-09-29T15:54:48","guid":{"rendered":"https:\/\/www.roamtechnology.com\/aplicaciones-industriales\/"},"modified":"2022-10-03T15:22:58","modified_gmt":"2022-10-03T13:22:58","slug":"industrial-applications","status":"publish","type":"page","link":"https:\/\/www.roamtechnology.com\/es\/industrial-applications\/","title":{"rendered":"Industrial Applications"},"content":{"rendered":"<p>Aplicaciones Industriales es una unidad de negocio global, impulsada por proyectos. Adaptada a sus necesidades, ofrecemos una gama de productos de alta calidad, basada en conocimientos cient\u00edficos de primer orden y en una amplia investigaci\u00f3n, que le permitir\u00e1 superar los numerosos retos que plantea el tratamiento del agua o el saneamiento de superficies. Tanto si tiene un proceso que requiere grandes cantidades de agua limpia como si necesita encontrar una soluci\u00f3n ambientalmente responsable para la desinfecci\u00f3n de superficies, nuestro equipo de especialistas t\u00e9cnicos puede ayudarle.<\/p>\n","protected":false},"excerpt":{"rendered":"<p>Aplicaciones Industriales es una unidad de negocio global, impulsada por proyectos. Adaptada a sus necesidades, ofrecemos una gama de productos de alta calidad, basada en conocimientos cient\u00edficos de primer orden y en una amplia investigaci\u00f3n, que le permitir\u00e1 superar los numerosos retos que plantea el tratamiento del agua o el saneamiento de superficies. Tanto si [&hellip;]<\/p>\n","protected":false},"author":1,"featured_media":3503,"parent":0,"menu_order":0,"comment_status":"closed","ping_status":"closed","template":"","meta":{"inline_featured_image":false,"footnotes":""},"class_list":["post-5127","page","type-page","status-publish","has-post-thumbnail","hentry"],"acf":[],"yoast_head":"<!-- This site is optimized with the Yoast SEO plugin v23.9 - https:\/\/yoast.com\/wordpress\/plugins\/seo\/ -->\n<title>Industrial Applications - Roam Technology<\/title>\n<meta name=\"robots\" content=\"index, follow, max-snippet:-1, max-image-preview:large, max-video-preview:-1\" \/>\n<link rel=\"canonical\" href=\"https:\/\/www.roamtechnology.com\/es\/industrial-applications\/\" \/>\n<meta property=\"og:locale\" content=\"es_ES\" \/>\n<meta property=\"og:type\" content=\"article\" \/>\n<meta property=\"og:title\" content=\"Industrial Applications - Roam Technology\" \/>\n<meta property=\"og:description\" content=\"Aplicaciones Industriales es una unidad de negocio global, impulsada por proyectos. Adaptada a sus necesidades, ofrecemos una gama de productos de alta calidad, basada en conocimientos cient\u00edficos de primer orden y en una amplia investigaci\u00f3n, que le permitir\u00e1 superar los numerosos retos que plantea el tratamiento del agua o el saneamiento de superficies. Tanto si [&hellip;]\" \/>\n<meta property=\"og:url\" content=\"https:\/\/www.roamtechnology.com\/es\/industrial-applications\/\" \/>\n<meta property=\"og:site_name\" content=\"Roam Technology\" \/>\n<meta property=\"article:modified_time\" content=\"2022-10-03T13:22:58+00:00\" \/>\n<meta property=\"og:image\" content=\"https:\/\/www.roamtechnology.com\/app\/uploads\/2021\/11\/shutterstock_1553656739-1440x853.jpg\" \/>\n\t<meta property=\"og:image:width\" content=\"1440\" \/>\n\t<meta property=\"og:image:height\" content=\"853\" \/>\n\t<meta property=\"og:image:type\" content=\"image\/jpeg\" \/>\n<meta name=\"twitter:card\" content=\"summary_large_image\" \/>\n<script type=\"application\/ld+json\" class=\"yoast-schema-graph\">{\"@context\":\"https:\/\/schema.org\",\"@graph\":[{\"@type\":\"WebPage\",\"@id\":\"https:\/\/www.roamtechnology.com\/es\/industrial-applications\/\",\"url\":\"https:\/\/www.roamtechnology.com\/es\/industrial-applications\/\",\"name\":\"Industrial Applications - Roam Technology\",\"isPartOf\":{\"@id\":\"https:\/\/www.roamtechnology.com\/es\/#website\"},\"primaryImageOfPage\":{\"@id\":\"https:\/\/www.roamtechnology.com\/es\/industrial-applications\/#primaryimage\"},\"image\":{\"@id\":\"https:\/\/www.roamtechnology.com\/es\/industrial-applications\/#primaryimage\"},\"thumbnailUrl\":\"https:\/\/www.roamtechnology.com\/app\/uploads\/2021\/11\/shutterstock_1553656739-e1762267057856.jpg\",\"datePublished\":\"2022-09-29T15:54:48+00:00\",\"dateModified\":\"2022-10-03T13:22:58+00:00\",\"breadcrumb\":{\"@id\":\"https:\/\/www.roamtechnology.com\/es\/industrial-applications\/#breadcrumb\"},\"inLanguage\":\"es-ES\",\"potentialAction\":[{\"@type\":\"ReadAction\",\"target\":[\"https:\/\/www.roamtechnology.com\/es\/industrial-applications\/\"]}]},{\"@type\":\"ImageObject\",\"inLanguage\":\"es-ES\",\"@id\":\"https:\/\/www.roamtechnology.com\/es\/industrial-applications\/#primaryimage\",\"url\":\"https:\/\/www.roamtechnology.com\/app\/uploads\/2021\/11\/shutterstock_1553656739-e1762267057856.jpg\",\"contentUrl\":\"https:\/\/www.roamtechnology.com\/app\/uploads\/2021\/11\/shutterstock_1553656739-e1762267057856.jpg\",\"width\":5806,\"height\":3438},{\"@type\":\"BreadcrumbList\",\"@id\":\"https:\/\/www.roamtechnology.com\/es\/industrial-applications\/#breadcrumb\",\"itemListElement\":[{\"@type\":\"ListItem\",\"position\":1,\"name\":\"Home\",\"item\":\"https:\/\/www.roamtechnology.com\/es\/\"},{\"@type\":\"ListItem\",\"position\":2,\"name\":\"Industrial Applications\"}]},{\"@type\":\"WebSite\",\"@id\":\"https:\/\/www.roamtechnology.com\/es\/#website\",\"url\":\"https:\/\/www.roamtechnology.com\/es\/\",\"name\":\"Roam Technology\",\"description\":\"Scientific By Nature\",\"potentialAction\":[{\"@type\":\"SearchAction\",\"target\":{\"@type\":\"EntryPoint\",\"urlTemplate\":\"https:\/\/www.roamtechnology.com\/es\/?s={search_term_string}\"},\"query-input\":{\"@type\":\"PropertyValueSpecification\",\"valueRequired\":true,\"valueName\":\"search_term_string\"}}],\"inLanguage\":\"es-ES\"}]}<\/script>\n<!-- \/ Yoast SEO plugin. -->","yoast_head_json":{"title":"Industrial Applications - Roam Technology","robots":{"index":"index","follow":"follow","max-snippet":"max-snippet:-1","max-image-preview":"max-image-preview:large","max-video-preview":"max-video-preview:-1"},"canonical":"https:\/\/www.roamtechnology.com\/es\/industrial-applications\/","og_locale":"es_ES","og_type":"article","og_title":"Industrial Applications - Roam Technology","og_description":"Aplicaciones Industriales es una unidad de negocio global, impulsada por proyectos. Adaptada a sus necesidades, ofrecemos una gama de productos de alta calidad, basada en conocimientos cient\u00edficos de primer orden y en una amplia investigaci\u00f3n, que le permitir\u00e1 superar los numerosos retos que plantea el tratamiento del agua o el saneamiento de superficies. Tanto si [&hellip;]","og_url":"https:\/\/www.roamtechnology.com\/es\/industrial-applications\/","og_site_name":"Roam Technology","article_modified_time":"2022-10-03T13:22:58+00:00","og_image":[{"width":1440,"height":853,"url":"https:\/\/www.roamtechnology.com\/app\/uploads\/2021\/11\/shutterstock_1553656739-1440x853.jpg","type":"image\/jpeg"}],"twitter_card":"summary_large_image","schema":{"@context":"https:\/\/schema.org","@graph":[{"@type":"WebPage","@id":"https:\/\/www.roamtechnology.com\/es\/industrial-applications\/","url":"https:\/\/www.roamtechnology.com\/es\/industrial-applications\/","name":"Industrial Applications - Roam Technology","isPartOf":{"@id":"https:\/\/www.roamtechnology.com\/es\/#website"},"primaryImageOfPage":{"@id":"https:\/\/www.roamtechnology.com\/es\/industrial-applications\/#primaryimage"},"image":{"@id":"https:\/\/www.roamtechnology.com\/es\/industrial-applications\/#primaryimage"},"thumbnailUrl":"https:\/\/www.roamtechnology.com\/app\/uploads\/2021\/11\/shutterstock_1553656739-e1762267057856.jpg","datePublished":"2022-09-29T15:54:48+00:00","dateModified":"2022-10-03T13:22:58+00:00","breadcrumb":{"@id":"https:\/\/www.roamtechnology.com\/es\/industrial-applications\/#breadcrumb"},"inLanguage":"es-ES","potentialAction":[{"@type":"ReadAction","target":["https:\/\/www.roamtechnology.com\/es\/industrial-applications\/"]}]},{"@type":"ImageObject","inLanguage":"es-ES","@id":"https:\/\/www.roamtechnology.com\/es\/industrial-applications\/#primaryimage","url":"https:\/\/www.roamtechnology.com\/app\/uploads\/2021\/11\/shutterstock_1553656739-e1762267057856.jpg","contentUrl":"https:\/\/www.roamtechnology.com\/app\/uploads\/2021\/11\/shutterstock_1553656739-e1762267057856.jpg","width":5806,"height":3438},{"@type":"BreadcrumbList","@id":"https:\/\/www.roamtechnology.com\/es\/industrial-applications\/#breadcrumb","itemListElement":[{"@type":"ListItem","position":1,"name":"Home","item":"https:\/\/www.roamtechnology.com\/es\/"},{"@type":"ListItem","position":2,"name":"Industrial Applications"}]},{"@type":"WebSite","@id":"https:\/\/www.roamtechnology.com\/es\/#website","url":"https:\/\/www.roamtechnology.com\/es\/","name":"Roam Technology","description":"Scientific By Nature","potentialAction":[{"@type":"SearchAction","target":{"@type":"EntryPoint","urlTemplate":"https:\/\/www.roamtechnology.com\/es\/?s={search_term_string}"},"query-input":{"@type":"PropertyValueSpecification","valueRequired":true,"valueName":"search_term_string"}}],"inLanguage":"es-ES"}]}},"_links":{"self":[{"href":"https:\/\/www.roamtechnology.com\/es\/wp-json\/wp\/v2\/pages\/5127","targetHints":{"allow":["GET"]}}],"collection":[{"href":"https:\/\/www.roamtechnology.com\/es\/wp-json\/wp\/v2\/pages"}],"about":[{"href":"https:\/\/www.roamtechnology.com\/es\/wp-json\/wp\/v2\/types\/page"}],"author":[{"embeddable":true,"href":"https:\/\/www.roamtechnology.com\/es\/wp-json\/wp\/v2\/users\/1"}],"replies":[{"embeddable":true,"href":"https:\/\/www.roamtechnology.com\/es\/wp-json\/wp\/v2\/comments?post=5127"}],"version-history":[{"count":4,"href":"https:\/\/www.roamtechnology.com\/es\/wp-json\/wp\/v2\/pages\/5127\/revisions"}],"predecessor-version":[{"id":5357,"href":"https:\/\/www.roamtechnology.com\/es\/wp-json\/wp\/v2\/pages\/5127\/revisions\/5357"}],"wp:featuredmedia":[{"embeddable":true,"href":"https:\/\/www.roamtechnology.com\/es\/wp-json\/wp\/v2\/media\/3503"}],"wp:attachment":[{"href":"https:\/\/www.roamtechnology.com\/es\/wp-json\/wp\/v2\/media?parent=5127"}],"curies":[{"name":"wp","href":"https:\/\/api.w.org\/{rel}","templated":true}]}}