{"id":6983,"date":"2024-04-23T14:53:16","date_gmt":"2024-04-23T12:53:16","guid":{"rendered":"https:\/\/www.roamtechnology.com\/industrial-applications\/desinfektion-der-oberflaeche\/"},"modified":"2024-04-23T14:53:16","modified_gmt":"2024-04-23T12:53:16","slug":"desinfektion-der-oberflaeche","status":"publish","type":"page","link":"https:\/\/www.roamtechnology.com\/de\/industrial-applications\/desinfektion-der-oberflaeche\/","title":{"rendered":"Desinfektion der Oberfl\u00e4che"},"content":{"rendered":"<p>Die Schaffung einer sicheren und gesunden Produktionsumgebung mit nachhaltigen L\u00f6sungen wird immer wichtiger. Produktionsst\u00e4tten m\u00fcssen einen sauberen und hygienischen Produktionsbereich aufrechterhalten, einschlie\u00dflich Labors und Lager. Die \u00dcberwachung dieser sauberen Umgebung ist von \u00e4u\u00dferster Wichtigkeit.<\/p>\n<p>&nbsp;<\/p>\n<p>&nbsp;<\/p>\n","protected":false},"excerpt":{"rendered":"<p>Die Schaffung einer sicheren und gesunden Produktionsumgebung mit nachhaltigen L\u00f6sungen wird immer wichtiger. Produktionsst\u00e4tten m\u00fcssen einen sauberen und hygienischen Produktionsbereich aufrechterhalten, einschlie\u00dflich Labors und Lager. Die \u00dcberwachung dieser sauberen Umgebung ist von \u00e4u\u00dferster Wichtigkeit. &nbsp; &nbsp;<\/p>\n","protected":false},"author":2,"featured_media":3772,"parent":6973,"menu_order":0,"comment_status":"closed","ping_status":"closed","template":"","meta":{"inline_featured_image":false,"footnotes":""},"class_list":["post-6983","page","type-page","status-publish","has-post-thumbnail","hentry"],"acf":[],"yoast_head":"<!-- This site is optimized with the Yoast SEO plugin v23.9 - https:\/\/yoast.com\/wordpress\/plugins\/seo\/ -->\n<title>Desinfektion der Oberfl\u00e4che - Roam Technology<\/title>\n<meta name=\"robots\" content=\"index, follow, max-snippet:-1, max-image-preview:large, max-video-preview:-1\" \/>\n<link rel=\"canonical\" href=\"https:\/\/www.roamtechnology.com\/de\/industrial-applications\/desinfektion-der-oberflaeche\/\" \/>\n<meta property=\"og:locale\" content=\"de_DE\" \/>\n<meta property=\"og:type\" content=\"article\" \/>\n<meta property=\"og:title\" content=\"Desinfektion der Oberfl\u00e4che - Roam Technology\" \/>\n<meta property=\"og:description\" content=\"Die Schaffung einer sicheren und gesunden Produktionsumgebung mit nachhaltigen L\u00f6sungen wird immer wichtiger. Produktionsst\u00e4tten m\u00fcssen einen sauberen und hygienischen Produktionsbereich aufrechterhalten, einschlie\u00dflich Labors und Lager. Die \u00dcberwachung dieser sauberen Umgebung ist von \u00e4u\u00dferster Wichtigkeit. &nbsp; &nbsp;\" \/>\n<meta property=\"og:url\" content=\"https:\/\/www.roamtechnology.com\/de\/industrial-applications\/desinfektion-der-oberflaeche\/\" \/>\n<meta property=\"og:site_name\" content=\"Roam Technology\" \/>\n<meta name=\"twitter:card\" content=\"summary_large_image\" \/>\n<script type=\"application\/ld+json\" class=\"yoast-schema-graph\">{\"@context\":\"https:\/\/schema.org\",\"@graph\":[{\"@type\":\"WebPage\",\"@id\":\"https:\/\/www.roamtechnology.com\/de\/industrial-applications\/desinfektion-der-oberflaeche\/\",\"url\":\"https:\/\/www.roamtechnology.com\/de\/industrial-applications\/desinfektion-der-oberflaeche\/\",\"name\":\"Desinfektion der Oberfl\u00e4che - Roam Technology\",\"isPartOf\":{\"@id\":\"https:\/\/www.roamtechnology.com\/de\/#website\"},\"primaryImageOfPage\":{\"@id\":\"https:\/\/www.roamtechnology.com\/de\/industrial-applications\/desinfektion-der-oberflaeche\/#primaryimage\"},\"image\":{\"@id\":\"https:\/\/www.roamtechnology.com\/de\/industrial-applications\/desinfektion-der-oberflaeche\/#primaryimage\"},\"thumbnailUrl\":\"https:\/\/www.roamtechnology.com\/app\/uploads\/2021\/11\/shutterstock_674397079.jpg\",\"datePublished\":\"2024-04-23T12:53:16+00:00\",\"dateModified\":\"2024-04-23T12:53:16+00:00\",\"breadcrumb\":{\"@id\":\"https:\/\/www.roamtechnology.com\/de\/industrial-applications\/desinfektion-der-oberflaeche\/#breadcrumb\"},\"inLanguage\":\"de-DE\",\"potentialAction\":[{\"@type\":\"ReadAction\",\"target\":[\"https:\/\/www.roamtechnology.com\/de\/industrial-applications\/desinfektion-der-oberflaeche\/\"]}]},{\"@type\":\"ImageObject\",\"inLanguage\":\"de-DE\",\"@id\":\"https:\/\/www.roamtechnology.com\/de\/industrial-applications\/desinfektion-der-oberflaeche\/#primaryimage\",\"url\":\"https:\/\/www.roamtechnology.com\/app\/uploads\/2021\/11\/shutterstock_674397079.jpg\",\"contentUrl\":\"https:\/\/www.roamtechnology.com\/app\/uploads\/2021\/11\/shutterstock_674397079.jpg\",\"width\":5000,\"height\":3333},{\"@type\":\"BreadcrumbList\",\"@id\":\"https:\/\/www.roamtechnology.com\/de\/industrial-applications\/desinfektion-der-oberflaeche\/#breadcrumb\",\"itemListElement\":[{\"@type\":\"ListItem\",\"position\":1,\"name\":\"Home\",\"item\":\"https:\/\/www.roamtechnology.com\/de\/\"},{\"@type\":\"ListItem\",\"position\":2,\"name\":\"Industrial Applications\",\"item\":\"https:\/\/www.roamtechnology.com\/de\/industrial-applications\/\"},{\"@type\":\"ListItem\",\"position\":3,\"name\":\"Desinfektion der Oberfl\u00e4che\"}]},{\"@type\":\"WebSite\",\"@id\":\"https:\/\/www.roamtechnology.com\/de\/#website\",\"url\":\"https:\/\/www.roamtechnology.com\/de\/\",\"name\":\"Roam Technology\",\"description\":\"Scientific By Nature\",\"potentialAction\":[{\"@type\":\"SearchAction\",\"target\":{\"@type\":\"EntryPoint\",\"urlTemplate\":\"https:\/\/www.roamtechnology.com\/de\/?s={search_term_string}\"},\"query-input\":{\"@type\":\"PropertyValueSpecification\",\"valueRequired\":true,\"valueName\":\"search_term_string\"}}],\"inLanguage\":\"de-DE\"}]}<\/script>\n<!-- \/ Yoast SEO plugin. -->","yoast_head_json":{"title":"Desinfektion der Oberfl\u00e4che - Roam Technology","robots":{"index":"index","follow":"follow","max-snippet":"max-snippet:-1","max-image-preview":"max-image-preview:large","max-video-preview":"max-video-preview:-1"},"canonical":"https:\/\/www.roamtechnology.com\/de\/industrial-applications\/desinfektion-der-oberflaeche\/","og_locale":"de_DE","og_type":"article","og_title":"Desinfektion der Oberfl\u00e4che - Roam Technology","og_description":"Die Schaffung einer sicheren und gesunden Produktionsumgebung mit nachhaltigen L\u00f6sungen wird immer wichtiger. Produktionsst\u00e4tten m\u00fcssen einen sauberen und hygienischen Produktionsbereich aufrechterhalten, einschlie\u00dflich Labors und Lager. Die \u00dcberwachung dieser sauberen Umgebung ist von \u00e4u\u00dferster Wichtigkeit. &nbsp; &nbsp;","og_url":"https:\/\/www.roamtechnology.com\/de\/industrial-applications\/desinfektion-der-oberflaeche\/","og_site_name":"Roam Technology","twitter_card":"summary_large_image","schema":{"@context":"https:\/\/schema.org","@graph":[{"@type":"WebPage","@id":"https:\/\/www.roamtechnology.com\/de\/industrial-applications\/desinfektion-der-oberflaeche\/","url":"https:\/\/www.roamtechnology.com\/de\/industrial-applications\/desinfektion-der-oberflaeche\/","name":"Desinfektion der Oberfl\u00e4che - Roam Technology","isPartOf":{"@id":"https:\/\/www.roamtechnology.com\/de\/#website"},"primaryImageOfPage":{"@id":"https:\/\/www.roamtechnology.com\/de\/industrial-applications\/desinfektion-der-oberflaeche\/#primaryimage"},"image":{"@id":"https:\/\/www.roamtechnology.com\/de\/industrial-applications\/desinfektion-der-oberflaeche\/#primaryimage"},"thumbnailUrl":"https:\/\/www.roamtechnology.com\/app\/uploads\/2021\/11\/shutterstock_674397079.jpg","datePublished":"2024-04-23T12:53:16+00:00","dateModified":"2024-04-23T12:53:16+00:00","breadcrumb":{"@id":"https:\/\/www.roamtechnology.com\/de\/industrial-applications\/desinfektion-der-oberflaeche\/#breadcrumb"},"inLanguage":"de-DE","potentialAction":[{"@type":"ReadAction","target":["https:\/\/www.roamtechnology.com\/de\/industrial-applications\/desinfektion-der-oberflaeche\/"]}]},{"@type":"ImageObject","inLanguage":"de-DE","@id":"https:\/\/www.roamtechnology.com\/de\/industrial-applications\/desinfektion-der-oberflaeche\/#primaryimage","url":"https:\/\/www.roamtechnology.com\/app\/uploads\/2021\/11\/shutterstock_674397079.jpg","contentUrl":"https:\/\/www.roamtechnology.com\/app\/uploads\/2021\/11\/shutterstock_674397079.jpg","width":5000,"height":3333},{"@type":"BreadcrumbList","@id":"https:\/\/www.roamtechnology.com\/de\/industrial-applications\/desinfektion-der-oberflaeche\/#breadcrumb","itemListElement":[{"@type":"ListItem","position":1,"name":"Home","item":"https:\/\/www.roamtechnology.com\/de\/"},{"@type":"ListItem","position":2,"name":"Industrial Applications","item":"https:\/\/www.roamtechnology.com\/de\/industrial-applications\/"},{"@type":"ListItem","position":3,"name":"Desinfektion der Oberfl\u00e4che"}]},{"@type":"WebSite","@id":"https:\/\/www.roamtechnology.com\/de\/#website","url":"https:\/\/www.roamtechnology.com\/de\/","name":"Roam Technology","description":"Scientific By Nature","potentialAction":[{"@type":"SearchAction","target":{"@type":"EntryPoint","urlTemplate":"https:\/\/www.roamtechnology.com\/de\/?s={search_term_string}"},"query-input":{"@type":"PropertyValueSpecification","valueRequired":true,"valueName":"search_term_string"}}],"inLanguage":"de-DE"}]}},"_links":{"self":[{"href":"https:\/\/www.roamtechnology.com\/de\/wp-json\/wp\/v2\/pages\/6983","targetHints":{"allow":["GET"]}}],"collection":[{"href":"https:\/\/www.roamtechnology.com\/de\/wp-json\/wp\/v2\/pages"}],"about":[{"href":"https:\/\/www.roamtechnology.com\/de\/wp-json\/wp\/v2\/types\/page"}],"author":[{"embeddable":true,"href":"https:\/\/www.roamtechnology.com\/de\/wp-json\/wp\/v2\/users\/2"}],"replies":[{"embeddable":true,"href":"https:\/\/www.roamtechnology.com\/de\/wp-json\/wp\/v2\/comments?post=6983"}],"version-history":[{"count":0,"href":"https:\/\/www.roamtechnology.com\/de\/wp-json\/wp\/v2\/pages\/6983\/revisions"}],"up":[{"embeddable":true,"href":"https:\/\/www.roamtechnology.com\/de\/wp-json\/wp\/v2\/pages\/6973"}],"wp:featuredmedia":[{"embeddable":true,"href":"https:\/\/www.roamtechnology.com\/de\/wp-json\/wp\/v2\/media\/3772"}],"wp:attachment":[{"href":"https:\/\/www.roamtechnology.com\/de\/wp-json\/wp\/v2\/media?parent=6983"}],"curies":[{"name":"wp","href":"https:\/\/api.w.org\/{rel}","templated":true}]}}