{"id":6982,"date":"2024-04-23T14:51:57","date_gmt":"2024-04-23T12:51:57","guid":{"rendered":"https:\/\/www.roamtechnology.com\/industrial-applications\/wasseraufbereitung\/"},"modified":"2024-04-23T14:51:57","modified_gmt":"2024-04-23T12:51:57","slug":"wasseraufbereitung","status":"publish","type":"page","link":"https:\/\/www.roamtechnology.com\/de\/industrial-applications\/wasseraufbereitung\/","title":{"rendered":"Wasseraufbereitung"},"content":{"rendered":"<p>Wenn wir unser t\u00e4gliches Leben betrachten, k\u00f6nnen wir sehen, dass Wasser \u00fcberall ist. Sie ist jedoch eine wertvolle Ressource. Wussten Sie, dass weniger als 3 % des Wassers auf der Welt frisch sind und 2,5 % davon gefroren sind? Die Nachhaltigkeit von Wasser ist daher entscheidend.<\/p>\n<p>&nbsp;<\/p>\n","protected":false},"excerpt":{"rendered":"<p>Wenn wir unser t\u00e4gliches Leben betrachten, k\u00f6nnen wir sehen, dass Wasser \u00fcberall ist. Sie ist jedoch eine wertvolle Ressource. Wussten Sie, dass weniger als 3 % des Wassers auf der Welt frisch sind und 2,5 % davon gefroren sind? Die Nachhaltigkeit von Wasser ist daher entscheidend. &nbsp;<\/p>\n","protected":false},"author":1,"featured_media":3360,"parent":6973,"menu_order":0,"comment_status":"closed","ping_status":"closed","template":"","meta":{"inline_featured_image":false,"footnotes":""},"class_list":["post-6982","page","type-page","status-publish","has-post-thumbnail","hentry"],"acf":[],"yoast_head":"<!-- This site is optimized with the Yoast SEO plugin v23.9 - https:\/\/yoast.com\/wordpress\/plugins\/seo\/ -->\n<title>Wasseraufbereitung - Roam Technology<\/title>\n<meta name=\"robots\" content=\"index, follow, max-snippet:-1, max-image-preview:large, max-video-preview:-1\" \/>\n<link rel=\"canonical\" href=\"https:\/\/www.roamtechnology.com\/de\/industrial-applications\/wasseraufbereitung\/\" \/>\n<meta property=\"og:locale\" content=\"de_DE\" \/>\n<meta property=\"og:type\" content=\"article\" \/>\n<meta property=\"og:title\" content=\"Wasseraufbereitung - Roam Technology\" \/>\n<meta property=\"og:description\" content=\"Wenn wir unser t\u00e4gliches Leben betrachten, k\u00f6nnen wir sehen, dass Wasser \u00fcberall ist. Sie ist jedoch eine wertvolle Ressource. Wussten Sie, dass weniger als 3 % des Wassers auf der Welt frisch sind und 2,5 % davon gefroren sind? Die Nachhaltigkeit von Wasser ist daher entscheidend. &nbsp;\" \/>\n<meta property=\"og:url\" content=\"https:\/\/www.roamtechnology.com\/de\/industrial-applications\/wasseraufbereitung\/\" \/>\n<meta property=\"og:site_name\" content=\"Roam Technology\" \/>\n<meta name=\"twitter:card\" content=\"summary_large_image\" \/>\n<script type=\"application\/ld+json\" class=\"yoast-schema-graph\">{\"@context\":\"https:\/\/schema.org\",\"@graph\":[{\"@type\":\"WebPage\",\"@id\":\"https:\/\/www.roamtechnology.com\/de\/industrial-applications\/wasseraufbereitung\/\",\"url\":\"https:\/\/www.roamtechnology.com\/de\/industrial-applications\/wasseraufbereitung\/\",\"name\":\"Wasseraufbereitung - Roam Technology\",\"isPartOf\":{\"@id\":\"https:\/\/www.roamtechnology.com\/de\/#website\"},\"primaryImageOfPage\":{\"@id\":\"https:\/\/www.roamtechnology.com\/de\/industrial-applications\/wasseraufbereitung\/#primaryimage\"},\"image\":{\"@id\":\"https:\/\/www.roamtechnology.com\/de\/industrial-applications\/wasseraufbereitung\/#primaryimage\"},\"thumbnailUrl\":\"https:\/\/www.roamtechnology.com\/app\/uploads\/2021\/11\/shutterstock_561262645.jpg\",\"datePublished\":\"2024-04-23T12:51:57+00:00\",\"dateModified\":\"2024-04-23T12:51:57+00:00\",\"breadcrumb\":{\"@id\":\"https:\/\/www.roamtechnology.com\/de\/industrial-applications\/wasseraufbereitung\/#breadcrumb\"},\"inLanguage\":\"de-DE\",\"potentialAction\":[{\"@type\":\"ReadAction\",\"target\":[\"https:\/\/www.roamtechnology.com\/de\/industrial-applications\/wasseraufbereitung\/\"]}]},{\"@type\":\"ImageObject\",\"inLanguage\":\"de-DE\",\"@id\":\"https:\/\/www.roamtechnology.com\/de\/industrial-applications\/wasseraufbereitung\/#primaryimage\",\"url\":\"https:\/\/www.roamtechnology.com\/app\/uploads\/2021\/11\/shutterstock_561262645.jpg\",\"contentUrl\":\"https:\/\/www.roamtechnology.com\/app\/uploads\/2021\/11\/shutterstock_561262645.jpg\",\"width\":4752,\"height\":2410,\"caption\":\"water_treatment_roam\"},{\"@type\":\"BreadcrumbList\",\"@id\":\"https:\/\/www.roamtechnology.com\/de\/industrial-applications\/wasseraufbereitung\/#breadcrumb\",\"itemListElement\":[{\"@type\":\"ListItem\",\"position\":1,\"name\":\"Home\",\"item\":\"https:\/\/www.roamtechnology.com\/de\/\"},{\"@type\":\"ListItem\",\"position\":2,\"name\":\"Industrial Applications\",\"item\":\"https:\/\/www.roamtechnology.com\/de\/industrial-applications\/\"},{\"@type\":\"ListItem\",\"position\":3,\"name\":\"Wasseraufbereitung\"}]},{\"@type\":\"WebSite\",\"@id\":\"https:\/\/www.roamtechnology.com\/de\/#website\",\"url\":\"https:\/\/www.roamtechnology.com\/de\/\",\"name\":\"Roam Technology\",\"description\":\"Scientific By Nature\",\"potentialAction\":[{\"@type\":\"SearchAction\",\"target\":{\"@type\":\"EntryPoint\",\"urlTemplate\":\"https:\/\/www.roamtechnology.com\/de\/?s={search_term_string}\"},\"query-input\":{\"@type\":\"PropertyValueSpecification\",\"valueRequired\":true,\"valueName\":\"search_term_string\"}}],\"inLanguage\":\"de-DE\"}]}<\/script>\n<!-- \/ Yoast SEO plugin. -->","yoast_head_json":{"title":"Wasseraufbereitung - Roam Technology","robots":{"index":"index","follow":"follow","max-snippet":"max-snippet:-1","max-image-preview":"max-image-preview:large","max-video-preview":"max-video-preview:-1"},"canonical":"https:\/\/www.roamtechnology.com\/de\/industrial-applications\/wasseraufbereitung\/","og_locale":"de_DE","og_type":"article","og_title":"Wasseraufbereitung - Roam Technology","og_description":"Wenn wir unser t\u00e4gliches Leben betrachten, k\u00f6nnen wir sehen, dass Wasser \u00fcberall ist. Sie ist jedoch eine wertvolle Ressource. Wussten Sie, dass weniger als 3 % des Wassers auf der Welt frisch sind und 2,5 % davon gefroren sind? Die Nachhaltigkeit von Wasser ist daher entscheidend. &nbsp;","og_url":"https:\/\/www.roamtechnology.com\/de\/industrial-applications\/wasseraufbereitung\/","og_site_name":"Roam Technology","twitter_card":"summary_large_image","schema":{"@context":"https:\/\/schema.org","@graph":[{"@type":"WebPage","@id":"https:\/\/www.roamtechnology.com\/de\/industrial-applications\/wasseraufbereitung\/","url":"https:\/\/www.roamtechnology.com\/de\/industrial-applications\/wasseraufbereitung\/","name":"Wasseraufbereitung - Roam Technology","isPartOf":{"@id":"https:\/\/www.roamtechnology.com\/de\/#website"},"primaryImageOfPage":{"@id":"https:\/\/www.roamtechnology.com\/de\/industrial-applications\/wasseraufbereitung\/#primaryimage"},"image":{"@id":"https:\/\/www.roamtechnology.com\/de\/industrial-applications\/wasseraufbereitung\/#primaryimage"},"thumbnailUrl":"https:\/\/www.roamtechnology.com\/app\/uploads\/2021\/11\/shutterstock_561262645.jpg","datePublished":"2024-04-23T12:51:57+00:00","dateModified":"2024-04-23T12:51:57+00:00","breadcrumb":{"@id":"https:\/\/www.roamtechnology.com\/de\/industrial-applications\/wasseraufbereitung\/#breadcrumb"},"inLanguage":"de-DE","potentialAction":[{"@type":"ReadAction","target":["https:\/\/www.roamtechnology.com\/de\/industrial-applications\/wasseraufbereitung\/"]}]},{"@type":"ImageObject","inLanguage":"de-DE","@id":"https:\/\/www.roamtechnology.com\/de\/industrial-applications\/wasseraufbereitung\/#primaryimage","url":"https:\/\/www.roamtechnology.com\/app\/uploads\/2021\/11\/shutterstock_561262645.jpg","contentUrl":"https:\/\/www.roamtechnology.com\/app\/uploads\/2021\/11\/shutterstock_561262645.jpg","width":4752,"height":2410,"caption":"water_treatment_roam"},{"@type":"BreadcrumbList","@id":"https:\/\/www.roamtechnology.com\/de\/industrial-applications\/wasseraufbereitung\/#breadcrumb","itemListElement":[{"@type":"ListItem","position":1,"name":"Home","item":"https:\/\/www.roamtechnology.com\/de\/"},{"@type":"ListItem","position":2,"name":"Industrial Applications","item":"https:\/\/www.roamtechnology.com\/de\/industrial-applications\/"},{"@type":"ListItem","position":3,"name":"Wasseraufbereitung"}]},{"@type":"WebSite","@id":"https:\/\/www.roamtechnology.com\/de\/#website","url":"https:\/\/www.roamtechnology.com\/de\/","name":"Roam Technology","description":"Scientific By Nature","potentialAction":[{"@type":"SearchAction","target":{"@type":"EntryPoint","urlTemplate":"https:\/\/www.roamtechnology.com\/de\/?s={search_term_string}"},"query-input":{"@type":"PropertyValueSpecification","valueRequired":true,"valueName":"search_term_string"}}],"inLanguage":"de-DE"}]}},"_links":{"self":[{"href":"https:\/\/www.roamtechnology.com\/de\/wp-json\/wp\/v2\/pages\/6982","targetHints":{"allow":["GET"]}}],"collection":[{"href":"https:\/\/www.roamtechnology.com\/de\/wp-json\/wp\/v2\/pages"}],"about":[{"href":"https:\/\/www.roamtechnology.com\/de\/wp-json\/wp\/v2\/types\/page"}],"author":[{"embeddable":true,"href":"https:\/\/www.roamtechnology.com\/de\/wp-json\/wp\/v2\/users\/1"}],"replies":[{"embeddable":true,"href":"https:\/\/www.roamtechnology.com\/de\/wp-json\/wp\/v2\/comments?post=6982"}],"version-history":[{"count":0,"href":"https:\/\/www.roamtechnology.com\/de\/wp-json\/wp\/v2\/pages\/6982\/revisions"}],"up":[{"embeddable":true,"href":"https:\/\/www.roamtechnology.com\/de\/wp-json\/wp\/v2\/pages\/6973"}],"wp:featuredmedia":[{"embeddable":true,"href":"https:\/\/www.roamtechnology.com\/de\/wp-json\/wp\/v2\/media\/3360"}],"wp:attachment":[{"href":"https:\/\/www.roamtechnology.com\/de\/wp-json\/wp\/v2\/media?parent=6982"}],"curies":[{"name":"wp","href":"https:\/\/api.w.org\/{rel}","templated":true}]}}