{"id":6974,"date":"2024-04-23T14:34:41","date_gmt":"2024-04-23T12:34:41","guid":{"rendered":"https:\/\/www.roamtechnology.com\/medical-support\/"},"modified":"2024-04-23T14:34:41","modified_gmt":"2024-04-23T12:34:41","slug":"medical-support","status":"publish","type":"page","link":"https:\/\/www.roamtechnology.com\/de\/medical-support\/","title":{"rendered":"Medical Support"},"content":{"rendered":"<p>Wir von Roam Technology bieten eine hochqualitative und innovative medizinische Produktpalette an, die auf wissenschaftlichen Erkenntnissen von Weltrang und umfassender Forschung basiert. Wir verpflichten uns, die strengsten Normen und Vorschriften einzuhalten, um unsere Mission zu erf\u00fcllen, sichere und nachhaltige L\u00f6sungen f\u00fcr den Gesundheitssektor zu liefern.<\/p>\n","protected":false},"excerpt":{"rendered":"<p>Wir von Roam Technology bieten eine hochqualitative und innovative medizinische Produktpalette an, die auf wissenschaftlichen Erkenntnissen von Weltrang und umfassender Forschung basiert. Wir verpflichten uns, die strengsten Normen und Vorschriften einzuhalten, um unsere Mission zu erf\u00fcllen, sichere und nachhaltige L\u00f6sungen f\u00fcr den Gesundheitssektor zu liefern.<\/p>\n","protected":false},"author":1,"featured_media":2501,"parent":0,"menu_order":0,"comment_status":"closed","ping_status":"closed","template":"","meta":{"inline_featured_image":false,"footnotes":""},"class_list":["post-6974","page","type-page","status-publish","has-post-thumbnail","hentry"],"acf":[],"yoast_head":"<!-- This site is optimized with the Yoast SEO plugin v23.9 - https:\/\/yoast.com\/wordpress\/plugins\/seo\/ -->\n<title>Medical Support - Roam Technology<\/title>\n<meta name=\"robots\" content=\"index, follow, max-snippet:-1, max-image-preview:large, max-video-preview:-1\" \/>\n<link rel=\"canonical\" href=\"https:\/\/www.roamtechnology.com\/de\/medical-support\/\" \/>\n<meta property=\"og:locale\" content=\"de_DE\" \/>\n<meta property=\"og:type\" content=\"article\" \/>\n<meta property=\"og:title\" content=\"Medical Support - Roam Technology\" \/>\n<meta property=\"og:description\" content=\"Wir von Roam Technology bieten eine hochqualitative und innovative medizinische Produktpalette an, die auf wissenschaftlichen Erkenntnissen von Weltrang und umfassender Forschung basiert. Wir verpflichten uns, die strengsten Normen und Vorschriften einzuhalten, um unsere Mission zu erf\u00fcllen, sichere und nachhaltige L\u00f6sungen f\u00fcr den Gesundheitssektor zu liefern.\" \/>\n<meta property=\"og:url\" content=\"https:\/\/www.roamtechnology.com\/de\/medical-support\/\" \/>\n<meta property=\"og:site_name\" content=\"Roam Technology\" \/>\n<meta name=\"twitter:card\" content=\"summary_large_image\" \/>\n<script type=\"application\/ld+json\" class=\"yoast-schema-graph\">{\"@context\":\"https:\/\/schema.org\",\"@graph\":[{\"@type\":\"WebPage\",\"@id\":\"https:\/\/www.roamtechnology.com\/de\/medical-support\/\",\"url\":\"https:\/\/www.roamtechnology.com\/de\/medical-support\/\",\"name\":\"Medical Support - Roam Technology\",\"isPartOf\":{\"@id\":\"https:\/\/www.roamtechnology.com\/de\/#website\"},\"primaryImageOfPage\":{\"@id\":\"https:\/\/www.roamtechnology.com\/de\/medical-support\/#primaryimage\"},\"image\":{\"@id\":\"https:\/\/www.roamtechnology.com\/de\/medical-support\/#primaryimage\"},\"thumbnailUrl\":\"https:\/\/www.roamtechnology.com\/app\/uploads\/2021\/11\/Huwa-SanFogger_brochure2.jpg\",\"datePublished\":\"2024-04-23T12:34:41+00:00\",\"dateModified\":\"2024-04-23T12:34:41+00:00\",\"breadcrumb\":{\"@id\":\"https:\/\/www.roamtechnology.com\/de\/medical-support\/#breadcrumb\"},\"inLanguage\":\"de-DE\",\"potentialAction\":[{\"@type\":\"ReadAction\",\"target\":[\"https:\/\/www.roamtechnology.com\/de\/medical-support\/\"]}]},{\"@type\":\"ImageObject\",\"inLanguage\":\"de-DE\",\"@id\":\"https:\/\/www.roamtechnology.com\/de\/medical-support\/#primaryimage\",\"url\":\"https:\/\/www.roamtechnology.com\/app\/uploads\/2021\/11\/Huwa-SanFogger_brochure2.jpg\",\"contentUrl\":\"https:\/\/www.roamtechnology.com\/app\/uploads\/2021\/11\/Huwa-SanFogger_brochure2.jpg\",\"width\":5428,\"height\":3836,\"caption\":\"Huwa-San Fogger visual\"},{\"@type\":\"BreadcrumbList\",\"@id\":\"https:\/\/www.roamtechnology.com\/de\/medical-support\/#breadcrumb\",\"itemListElement\":[{\"@type\":\"ListItem\",\"position\":1,\"name\":\"Home\",\"item\":\"https:\/\/www.roamtechnology.com\/de\/\"},{\"@type\":\"ListItem\",\"position\":2,\"name\":\"Medical Support\"}]},{\"@type\":\"WebSite\",\"@id\":\"https:\/\/www.roamtechnology.com\/de\/#website\",\"url\":\"https:\/\/www.roamtechnology.com\/de\/\",\"name\":\"Roam Technology\",\"description\":\"Scientific By Nature\",\"potentialAction\":[{\"@type\":\"SearchAction\",\"target\":{\"@type\":\"EntryPoint\",\"urlTemplate\":\"https:\/\/www.roamtechnology.com\/de\/?s={search_term_string}\"},\"query-input\":{\"@type\":\"PropertyValueSpecification\",\"valueRequired\":true,\"valueName\":\"search_term_string\"}}],\"inLanguage\":\"de-DE\"}]}<\/script>\n<!-- \/ Yoast SEO plugin. -->","yoast_head_json":{"title":"Medical Support - Roam Technology","robots":{"index":"index","follow":"follow","max-snippet":"max-snippet:-1","max-image-preview":"max-image-preview:large","max-video-preview":"max-video-preview:-1"},"canonical":"https:\/\/www.roamtechnology.com\/de\/medical-support\/","og_locale":"de_DE","og_type":"article","og_title":"Medical Support - Roam Technology","og_description":"Wir von Roam Technology bieten eine hochqualitative und innovative medizinische Produktpalette an, die auf wissenschaftlichen Erkenntnissen von Weltrang und umfassender Forschung basiert. Wir verpflichten uns, die strengsten Normen und Vorschriften einzuhalten, um unsere Mission zu erf\u00fcllen, sichere und nachhaltige L\u00f6sungen f\u00fcr den Gesundheitssektor zu liefern.","og_url":"https:\/\/www.roamtechnology.com\/de\/medical-support\/","og_site_name":"Roam Technology","twitter_card":"summary_large_image","schema":{"@context":"https:\/\/schema.org","@graph":[{"@type":"WebPage","@id":"https:\/\/www.roamtechnology.com\/de\/medical-support\/","url":"https:\/\/www.roamtechnology.com\/de\/medical-support\/","name":"Medical Support - Roam Technology","isPartOf":{"@id":"https:\/\/www.roamtechnology.com\/de\/#website"},"primaryImageOfPage":{"@id":"https:\/\/www.roamtechnology.com\/de\/medical-support\/#primaryimage"},"image":{"@id":"https:\/\/www.roamtechnology.com\/de\/medical-support\/#primaryimage"},"thumbnailUrl":"https:\/\/www.roamtechnology.com\/app\/uploads\/2021\/11\/Huwa-SanFogger_brochure2.jpg","datePublished":"2024-04-23T12:34:41+00:00","dateModified":"2024-04-23T12:34:41+00:00","breadcrumb":{"@id":"https:\/\/www.roamtechnology.com\/de\/medical-support\/#breadcrumb"},"inLanguage":"de-DE","potentialAction":[{"@type":"ReadAction","target":["https:\/\/www.roamtechnology.com\/de\/medical-support\/"]}]},{"@type":"ImageObject","inLanguage":"de-DE","@id":"https:\/\/www.roamtechnology.com\/de\/medical-support\/#primaryimage","url":"https:\/\/www.roamtechnology.com\/app\/uploads\/2021\/11\/Huwa-SanFogger_brochure2.jpg","contentUrl":"https:\/\/www.roamtechnology.com\/app\/uploads\/2021\/11\/Huwa-SanFogger_brochure2.jpg","width":5428,"height":3836,"caption":"Huwa-San Fogger visual"},{"@type":"BreadcrumbList","@id":"https:\/\/www.roamtechnology.com\/de\/medical-support\/#breadcrumb","itemListElement":[{"@type":"ListItem","position":1,"name":"Home","item":"https:\/\/www.roamtechnology.com\/de\/"},{"@type":"ListItem","position":2,"name":"Medical Support"}]},{"@type":"WebSite","@id":"https:\/\/www.roamtechnology.com\/de\/#website","url":"https:\/\/www.roamtechnology.com\/de\/","name":"Roam Technology","description":"Scientific By Nature","potentialAction":[{"@type":"SearchAction","target":{"@type":"EntryPoint","urlTemplate":"https:\/\/www.roamtechnology.com\/de\/?s={search_term_string}"},"query-input":{"@type":"PropertyValueSpecification","valueRequired":true,"valueName":"search_term_string"}}],"inLanguage":"de-DE"}]}},"_links":{"self":[{"href":"https:\/\/www.roamtechnology.com\/de\/wp-json\/wp\/v2\/pages\/6974","targetHints":{"allow":["GET"]}}],"collection":[{"href":"https:\/\/www.roamtechnology.com\/de\/wp-json\/wp\/v2\/pages"}],"about":[{"href":"https:\/\/www.roamtechnology.com\/de\/wp-json\/wp\/v2\/types\/page"}],"author":[{"embeddable":true,"href":"https:\/\/www.roamtechnology.com\/de\/wp-json\/wp\/v2\/users\/1"}],"replies":[{"embeddable":true,"href":"https:\/\/www.roamtechnology.com\/de\/wp-json\/wp\/v2\/comments?post=6974"}],"version-history":[{"count":0,"href":"https:\/\/www.roamtechnology.com\/de\/wp-json\/wp\/v2\/pages\/6974\/revisions"}],"wp:featuredmedia":[{"embeddable":true,"href":"https:\/\/www.roamtechnology.com\/de\/wp-json\/wp\/v2\/media\/2501"}],"wp:attachment":[{"href":"https:\/\/www.roamtechnology.com\/de\/wp-json\/wp\/v2\/media?parent=6974"}],"curies":[{"name":"wp","href":"https:\/\/api.w.org\/{rel}","templated":true}]}}