{"id":6973,"date":"2024-04-23T14:33:09","date_gmt":"2024-04-23T12:33:09","guid":{"rendered":"https:\/\/www.roamtechnology.com\/industrial-applications\/"},"modified":"2024-04-25T11:09:44","modified_gmt":"2024-04-25T09:09:44","slug":"industrial-applications","status":"publish","type":"page","link":"https:\/\/www.roamtechnology.com\/de\/industrial-applications\/","title":{"rendered":"Industrial Applications"},"content":{"rendered":"<p>Industrial Applications ist eine globale, projektorientierte Gesch\u00e4ftseinheit. Abgestimmt auf Ihre Anforderungen bieten wir Ihnen eine qualitativ hochwertige Produktpalette, die auf wissenschaftlichen Erkenntnissen von Weltrang und umfassender Forschung basiert. Damit k\u00f6nnen Sie die vielen Herausforderungen bei der Wasseraufbereitung oder Oberfl\u00e4chenreinigung meistern. Ganz gleich, ob Sie einen Prozess haben, der gro\u00dfe Mengen an sauberem Wasser erfordert, oder ob Sie eine umweltfreundliche L\u00f6sung f\u00fcr die Oberfl\u00e4chendesinfektion suchen, unser Team von technischen Spezialisten kann Ihnen helfen!<\/p>\n","protected":false},"excerpt":{"rendered":"<p>Industrial Applications ist eine globale, projektorientierte Gesch\u00e4ftseinheit. Abgestimmt auf Ihre Anforderungen bieten wir Ihnen eine qualitativ hochwertige Produktpalette, die auf wissenschaftlichen Erkenntnissen von Weltrang und umfassender Forschung basiert. Damit k\u00f6nnen Sie die vielen Herausforderungen bei der Wasseraufbereitung oder Oberfl\u00e4chenreinigung meistern. Ganz gleich, ob Sie einen Prozess haben, der gro\u00dfe Mengen an sauberem Wasser erfordert, oder [&hellip;]<\/p>\n","protected":false},"author":1,"featured_media":3502,"parent":0,"menu_order":0,"comment_status":"closed","ping_status":"closed","template":"","meta":{"inline_featured_image":false,"footnotes":""},"class_list":["post-6973","page","type-page","status-publish","has-post-thumbnail","hentry"],"acf":[],"yoast_head":"<!-- This site is optimized with the Yoast SEO plugin v23.9 - https:\/\/yoast.com\/wordpress\/plugins\/seo\/ -->\n<title>Industrial Applications - Roam Technology<\/title>\n<meta name=\"robots\" content=\"index, follow, max-snippet:-1, max-image-preview:large, max-video-preview:-1\" \/>\n<link rel=\"canonical\" href=\"https:\/\/www.roamtechnology.com\/de\/industrial-applications\/\" \/>\n<meta property=\"og:locale\" content=\"de_DE\" \/>\n<meta property=\"og:type\" content=\"article\" \/>\n<meta property=\"og:title\" content=\"Industrial Applications - Roam Technology\" \/>\n<meta property=\"og:description\" content=\"Industrial Applications ist eine globale, projektorientierte Gesch\u00e4ftseinheit. Abgestimmt auf Ihre Anforderungen bieten wir Ihnen eine qualitativ hochwertige Produktpalette, die auf wissenschaftlichen Erkenntnissen von Weltrang und umfassender Forschung basiert. Damit k\u00f6nnen Sie die vielen Herausforderungen bei der Wasseraufbereitung oder Oberfl\u00e4chenreinigung meistern. Ganz gleich, ob Sie einen Prozess haben, der gro\u00dfe Mengen an sauberem Wasser erfordert, oder [&hellip;]\" \/>\n<meta property=\"og:url\" content=\"https:\/\/www.roamtechnology.com\/de\/industrial-applications\/\" \/>\n<meta property=\"og:site_name\" content=\"Roam Technology\" \/>\n<meta property=\"article:modified_time\" content=\"2024-04-25T09:09:44+00:00\" \/>\n<meta property=\"og:image\" content=\"https:\/\/www.roamtechnology.com\/app\/uploads\/2021\/11\/shutterstock_1553656739-1440x853.jpg\" \/>\n\t<meta property=\"og:image:width\" content=\"1440\" \/>\n\t<meta property=\"og:image:height\" content=\"853\" \/>\n\t<meta property=\"og:image:type\" content=\"image\/jpeg\" \/>\n<meta name=\"twitter:card\" content=\"summary_large_image\" \/>\n<meta name=\"twitter:label1\" content=\"Est. reading time\" \/>\n\t<meta name=\"twitter:data1\" content=\"1 minute\" \/>\n<script type=\"application\/ld+json\" class=\"yoast-schema-graph\">{\"@context\":\"https:\/\/schema.org\",\"@graph\":[{\"@type\":\"WebPage\",\"@id\":\"https:\/\/www.roamtechnology.com\/de\/industrial-applications\/\",\"url\":\"https:\/\/www.roamtechnology.com\/de\/industrial-applications\/\",\"name\":\"Industrial Applications - Roam Technology\",\"isPartOf\":{\"@id\":\"https:\/\/www.roamtechnology.com\/de\/#website\"},\"primaryImageOfPage\":{\"@id\":\"https:\/\/www.roamtechnology.com\/de\/industrial-applications\/#primaryimage\"},\"image\":{\"@id\":\"https:\/\/www.roamtechnology.com\/de\/industrial-applications\/#primaryimage\"},\"thumbnailUrl\":\"https:\/\/www.roamtechnology.com\/app\/uploads\/2021\/11\/shutterstock_1553656739-e1762267057856.jpg\",\"datePublished\":\"2024-04-23T12:33:09+00:00\",\"dateModified\":\"2024-04-25T09:09:44+00:00\",\"breadcrumb\":{\"@id\":\"https:\/\/www.roamtechnology.com\/de\/industrial-applications\/#breadcrumb\"},\"inLanguage\":\"de-DE\",\"potentialAction\":[{\"@type\":\"ReadAction\",\"target\":[\"https:\/\/www.roamtechnology.com\/de\/industrial-applications\/\"]}]},{\"@type\":\"ImageObject\",\"inLanguage\":\"de-DE\",\"@id\":\"https:\/\/www.roamtechnology.com\/de\/industrial-applications\/#primaryimage\",\"url\":\"https:\/\/www.roamtechnology.com\/app\/uploads\/2021\/11\/shutterstock_1553656739-e1762267057856.jpg\",\"contentUrl\":\"https:\/\/www.roamtechnology.com\/app\/uploads\/2021\/11\/shutterstock_1553656739-e1762267057856.jpg\",\"width\":5806,\"height\":3438},{\"@type\":\"BreadcrumbList\",\"@id\":\"https:\/\/www.roamtechnology.com\/de\/industrial-applications\/#breadcrumb\",\"itemListElement\":[{\"@type\":\"ListItem\",\"position\":1,\"name\":\"Home\",\"item\":\"https:\/\/www.roamtechnology.com\/de\/\"},{\"@type\":\"ListItem\",\"position\":2,\"name\":\"Industrial Applications\"}]},{\"@type\":\"WebSite\",\"@id\":\"https:\/\/www.roamtechnology.com\/de\/#website\",\"url\":\"https:\/\/www.roamtechnology.com\/de\/\",\"name\":\"Roam Technology\",\"description\":\"Scientific By Nature\",\"potentialAction\":[{\"@type\":\"SearchAction\",\"target\":{\"@type\":\"EntryPoint\",\"urlTemplate\":\"https:\/\/www.roamtechnology.com\/de\/?s={search_term_string}\"},\"query-input\":{\"@type\":\"PropertyValueSpecification\",\"valueRequired\":true,\"valueName\":\"search_term_string\"}}],\"inLanguage\":\"de-DE\"}]}<\/script>\n<!-- \/ Yoast SEO plugin. -->","yoast_head_json":{"title":"Industrial Applications - Roam Technology","robots":{"index":"index","follow":"follow","max-snippet":"max-snippet:-1","max-image-preview":"max-image-preview:large","max-video-preview":"max-video-preview:-1"},"canonical":"https:\/\/www.roamtechnology.com\/de\/industrial-applications\/","og_locale":"de_DE","og_type":"article","og_title":"Industrial Applications - Roam Technology","og_description":"Industrial Applications ist eine globale, projektorientierte Gesch\u00e4ftseinheit. Abgestimmt auf Ihre Anforderungen bieten wir Ihnen eine qualitativ hochwertige Produktpalette, die auf wissenschaftlichen Erkenntnissen von Weltrang und umfassender Forschung basiert. Damit k\u00f6nnen Sie die vielen Herausforderungen bei der Wasseraufbereitung oder Oberfl\u00e4chenreinigung meistern. Ganz gleich, ob Sie einen Prozess haben, der gro\u00dfe Mengen an sauberem Wasser erfordert, oder [&hellip;]","og_url":"https:\/\/www.roamtechnology.com\/de\/industrial-applications\/","og_site_name":"Roam Technology","article_modified_time":"2024-04-25T09:09:44+00:00","og_image":[{"width":1440,"height":853,"url":"https:\/\/www.roamtechnology.com\/app\/uploads\/2021\/11\/shutterstock_1553656739-1440x853.jpg","type":"image\/jpeg"}],"twitter_card":"summary_large_image","twitter_misc":{"Est. reading time":"1 minute"},"schema":{"@context":"https:\/\/schema.org","@graph":[{"@type":"WebPage","@id":"https:\/\/www.roamtechnology.com\/de\/industrial-applications\/","url":"https:\/\/www.roamtechnology.com\/de\/industrial-applications\/","name":"Industrial Applications - Roam Technology","isPartOf":{"@id":"https:\/\/www.roamtechnology.com\/de\/#website"},"primaryImageOfPage":{"@id":"https:\/\/www.roamtechnology.com\/de\/industrial-applications\/#primaryimage"},"image":{"@id":"https:\/\/www.roamtechnology.com\/de\/industrial-applications\/#primaryimage"},"thumbnailUrl":"https:\/\/www.roamtechnology.com\/app\/uploads\/2021\/11\/shutterstock_1553656739-e1762267057856.jpg","datePublished":"2024-04-23T12:33:09+00:00","dateModified":"2024-04-25T09:09:44+00:00","breadcrumb":{"@id":"https:\/\/www.roamtechnology.com\/de\/industrial-applications\/#breadcrumb"},"inLanguage":"de-DE","potentialAction":[{"@type":"ReadAction","target":["https:\/\/www.roamtechnology.com\/de\/industrial-applications\/"]}]},{"@type":"ImageObject","inLanguage":"de-DE","@id":"https:\/\/www.roamtechnology.com\/de\/industrial-applications\/#primaryimage","url":"https:\/\/www.roamtechnology.com\/app\/uploads\/2021\/11\/shutterstock_1553656739-e1762267057856.jpg","contentUrl":"https:\/\/www.roamtechnology.com\/app\/uploads\/2021\/11\/shutterstock_1553656739-e1762267057856.jpg","width":5806,"height":3438},{"@type":"BreadcrumbList","@id":"https:\/\/www.roamtechnology.com\/de\/industrial-applications\/#breadcrumb","itemListElement":[{"@type":"ListItem","position":1,"name":"Home","item":"https:\/\/www.roamtechnology.com\/de\/"},{"@type":"ListItem","position":2,"name":"Industrial Applications"}]},{"@type":"WebSite","@id":"https:\/\/www.roamtechnology.com\/de\/#website","url":"https:\/\/www.roamtechnology.com\/de\/","name":"Roam Technology","description":"Scientific By Nature","potentialAction":[{"@type":"SearchAction","target":{"@type":"EntryPoint","urlTemplate":"https:\/\/www.roamtechnology.com\/de\/?s={search_term_string}"},"query-input":{"@type":"PropertyValueSpecification","valueRequired":true,"valueName":"search_term_string"}}],"inLanguage":"de-DE"}]}},"_links":{"self":[{"href":"https:\/\/www.roamtechnology.com\/de\/wp-json\/wp\/v2\/pages\/6973","targetHints":{"allow":["GET"]}}],"collection":[{"href":"https:\/\/www.roamtechnology.com\/de\/wp-json\/wp\/v2\/pages"}],"about":[{"href":"https:\/\/www.roamtechnology.com\/de\/wp-json\/wp\/v2\/types\/page"}],"author":[{"embeddable":true,"href":"https:\/\/www.roamtechnology.com\/de\/wp-json\/wp\/v2\/users\/1"}],"replies":[{"embeddable":true,"href":"https:\/\/www.roamtechnology.com\/de\/wp-json\/wp\/v2\/comments?post=6973"}],"version-history":[{"count":1,"href":"https:\/\/www.roamtechnology.com\/de\/wp-json\/wp\/v2\/pages\/6973\/revisions"}],"predecessor-version":[{"id":7056,"href":"https:\/\/www.roamtechnology.com\/de\/wp-json\/wp\/v2\/pages\/6973\/revisions\/7056"}],"wp:featuredmedia":[{"embeddable":true,"href":"https:\/\/www.roamtechnology.com\/de\/wp-json\/wp\/v2\/media\/3502"}],"wp:attachment":[{"href":"https:\/\/www.roamtechnology.com\/de\/wp-json\/wp\/v2\/media?parent=6973"}],"curies":[{"name":"wp","href":"https:\/\/api.w.org\/{rel}","templated":true}]}}