{"id":6972,"date":"2024-04-23T14:32:19","date_gmt":"2024-04-23T12:32:19","guid":{"rendered":"https:\/\/www.roamtechnology.com\/agro-solutions\/"},"modified":"2025-04-28T12:20:22","modified_gmt":"2025-04-28T10:20:22","slug":"agro-solutions","status":"publish","type":"page","link":"https:\/\/www.roamtechnology.com\/de\/agro-solutions\/","title":{"rendered":"Agro Solutions"},"content":{"rendered":"<p>Wir von Roam Technology bieten G\u00e4rtnern ein hochqualitatives und innovatives Produktsortiment, das auf wissenschaftlichen Erkenntnissen von Weltrang und umfassender Forschung basiert. Wir verpflichten uns, die strengsten Standards und Vorschriften einzuhalten, um unsere Mission zu erf\u00fcllen, sichere und nachhaltige Agro-L\u00f6sungen anzubieten.<\/p>\n<p>Wir helfen Landwirten bei der Abwehr von Bedrohungen f\u00fcr ihre Produktion und bieten L\u00f6sungen in der Viehzucht, im Agrar- und Gartenbau sowie im Post-Havest-Sektor. Unsere Produktpalette wird durch umfassende Beratung, modernste \u00dcberwachungstechniken und detaillierte Anleitungen zur Verbesserung der Biosicherheit in landwirtschaftlichen Betrieben erg\u00e4nzt.<\/p>\n","protected":false},"excerpt":{"rendered":"<p>Wir von Roam Technology bieten G\u00e4rtnern ein hochqualitatives und innovatives Produktsortiment, das auf wissenschaftlichen Erkenntnissen von Weltrang und umfassender Forschung basiert. Wir verpflichten uns, die strengsten Standards und Vorschriften einzuhalten, um unsere Mission zu erf\u00fcllen, sichere und nachhaltige Agro-L\u00f6sungen anzubieten. Wir helfen Landwirten bei der Abwehr von Bedrohungen f\u00fcr ihre Produktion und bieten L\u00f6sungen in [&hellip;]<\/p>\n","protected":false},"author":1,"featured_media":2076,"parent":0,"menu_order":0,"comment_status":"closed","ping_status":"closed","template":"","meta":{"inline_featured_image":false,"footnotes":""},"class_list":["post-6972","page","type-page","status-publish","has-post-thumbnail","hentry"],"acf":[],"yoast_head":"<!-- This site is optimized with the Yoast SEO plugin v23.9 - https:\/\/yoast.com\/wordpress\/plugins\/seo\/ -->\n<title>Agro Solutions - Roam Technology<\/title>\n<meta name=\"description\" content=\"Wir von Roam Technology bieten G\u00e4rtnern ein hochqualitatives und innovatives Produktsortiment, das auf wissenschaftlichen Erkenntnissen von Weltrang und umfassender Forschung basiert.\" \/>\n<meta name=\"robots\" content=\"index, follow, max-snippet:-1, max-image-preview:large, max-video-preview:-1\" \/>\n<link rel=\"canonical\" href=\"https:\/\/www.roamtechnology.com\/de\/agro-solutions\/\" \/>\n<meta property=\"og:locale\" content=\"de_DE\" \/>\n<meta property=\"og:type\" content=\"article\" \/>\n<meta property=\"og:title\" content=\"Agro Solutions - Roam Technology\" \/>\n<meta property=\"og:description\" content=\"Wir von Roam Technology bieten G\u00e4rtnern ein hochqualitatives und innovatives Produktsortiment, das auf wissenschaftlichen Erkenntnissen von Weltrang und umfassender Forschung basiert.\" \/>\n<meta property=\"og:url\" content=\"https:\/\/www.roamtechnology.com\/de\/agro-solutions\/\" \/>\n<meta property=\"og:site_name\" content=\"Roam Technology\" \/>\n<meta property=\"article:modified_time\" content=\"2025-04-28T10:20:22+00:00\" \/>\n<meta property=\"og:image\" content=\"https:\/\/www.roamtechnology.com\/app\/uploads\/2021\/11\/DSC6111_web.jpg\" \/>\n\t<meta property=\"og:image:width\" content=\"6000\" \/>\n\t<meta property=\"og:image:height\" content=\"4002\" \/>\n\t<meta property=\"og:image:type\" content=\"image\/jpeg\" \/>\n<meta name=\"twitter:card\" content=\"summary_large_image\" \/>\n<meta name=\"twitter:label1\" content=\"Est. reading time\" \/>\n\t<meta name=\"twitter:data1\" content=\"2 minutes\" \/>\n<script type=\"application\/ld+json\" class=\"yoast-schema-graph\">{\"@context\":\"https:\/\/schema.org\",\"@graph\":[{\"@type\":\"WebPage\",\"@id\":\"https:\/\/www.roamtechnology.com\/de\/agro-solutions\/\",\"url\":\"https:\/\/www.roamtechnology.com\/de\/agro-solutions\/\",\"name\":\"Agro Solutions - Roam Technology\",\"isPartOf\":{\"@id\":\"https:\/\/www.roamtechnology.com\/de\/#website\"},\"primaryImageOfPage\":{\"@id\":\"https:\/\/www.roamtechnology.com\/de\/agro-solutions\/#primaryimage\"},\"image\":{\"@id\":\"https:\/\/www.roamtechnology.com\/de\/agro-solutions\/#primaryimage\"},\"thumbnailUrl\":\"https:\/\/www.roamtechnology.com\/app\/uploads\/2021\/11\/DSC6111_web.jpg\",\"datePublished\":\"2024-04-23T12:32:19+00:00\",\"dateModified\":\"2025-04-28T10:20:22+00:00\",\"description\":\"Wir von Roam Technology bieten G\u00e4rtnern ein hochqualitatives und innovatives Produktsortiment, das auf wissenschaftlichen Erkenntnissen von Weltrang und umfassender Forschung basiert.\",\"breadcrumb\":{\"@id\":\"https:\/\/www.roamtechnology.com\/de\/agro-solutions\/#breadcrumb\"},\"inLanguage\":\"de-DE\",\"potentialAction\":[{\"@type\":\"ReadAction\",\"target\":[\"https:\/\/www.roamtechnology.com\/de\/agro-solutions\/\"]}]},{\"@type\":\"ImageObject\",\"inLanguage\":\"de-DE\",\"@id\":\"https:\/\/www.roamtechnology.com\/de\/agro-solutions\/#primaryimage\",\"url\":\"https:\/\/www.roamtechnology.com\/app\/uploads\/2021\/11\/DSC6111_web.jpg\",\"contentUrl\":\"https:\/\/www.roamtechnology.com\/app\/uploads\/2021\/11\/DSC6111_web.jpg\",\"width\":6000,\"height\":4002},{\"@type\":\"BreadcrumbList\",\"@id\":\"https:\/\/www.roamtechnology.com\/de\/agro-solutions\/#breadcrumb\",\"itemListElement\":[{\"@type\":\"ListItem\",\"position\":1,\"name\":\"Home\",\"item\":\"https:\/\/www.roamtechnology.com\/de\/\"},{\"@type\":\"ListItem\",\"position\":2,\"name\":\"Agro Solutions\"}]},{\"@type\":\"WebSite\",\"@id\":\"https:\/\/www.roamtechnology.com\/de\/#website\",\"url\":\"https:\/\/www.roamtechnology.com\/de\/\",\"name\":\"Roam Technology\",\"description\":\"Scientific By Nature\",\"potentialAction\":[{\"@type\":\"SearchAction\",\"target\":{\"@type\":\"EntryPoint\",\"urlTemplate\":\"https:\/\/www.roamtechnology.com\/de\/?s={search_term_string}\"},\"query-input\":{\"@type\":\"PropertyValueSpecification\",\"valueRequired\":true,\"valueName\":\"search_term_string\"}}],\"inLanguage\":\"de-DE\"}]}<\/script>\n<!-- \/ Yoast SEO plugin. -->","yoast_head_json":{"title":"Agro Solutions - Roam Technology","description":"Wir von Roam Technology bieten G\u00e4rtnern ein hochqualitatives und innovatives Produktsortiment, das auf wissenschaftlichen Erkenntnissen von Weltrang und umfassender Forschung basiert.","robots":{"index":"index","follow":"follow","max-snippet":"max-snippet:-1","max-image-preview":"max-image-preview:large","max-video-preview":"max-video-preview:-1"},"canonical":"https:\/\/www.roamtechnology.com\/de\/agro-solutions\/","og_locale":"de_DE","og_type":"article","og_title":"Agro Solutions - Roam Technology","og_description":"Wir von Roam Technology bieten G\u00e4rtnern ein hochqualitatives und innovatives Produktsortiment, das auf wissenschaftlichen Erkenntnissen von Weltrang und umfassender Forschung basiert.","og_url":"https:\/\/www.roamtechnology.com\/de\/agro-solutions\/","og_site_name":"Roam Technology","article_modified_time":"2025-04-28T10:20:22+00:00","og_image":[{"width":6000,"height":4002,"url":"https:\/\/www.roamtechnology.com\/app\/uploads\/2021\/11\/DSC6111_web.jpg","type":"image\/jpeg"}],"twitter_card":"summary_large_image","twitter_misc":{"Est. reading time":"2 minutes"},"schema":{"@context":"https:\/\/schema.org","@graph":[{"@type":"WebPage","@id":"https:\/\/www.roamtechnology.com\/de\/agro-solutions\/","url":"https:\/\/www.roamtechnology.com\/de\/agro-solutions\/","name":"Agro Solutions - Roam Technology","isPartOf":{"@id":"https:\/\/www.roamtechnology.com\/de\/#website"},"primaryImageOfPage":{"@id":"https:\/\/www.roamtechnology.com\/de\/agro-solutions\/#primaryimage"},"image":{"@id":"https:\/\/www.roamtechnology.com\/de\/agro-solutions\/#primaryimage"},"thumbnailUrl":"https:\/\/www.roamtechnology.com\/app\/uploads\/2021\/11\/DSC6111_web.jpg","datePublished":"2024-04-23T12:32:19+00:00","dateModified":"2025-04-28T10:20:22+00:00","description":"Wir von Roam Technology bieten G\u00e4rtnern ein hochqualitatives und innovatives Produktsortiment, das auf wissenschaftlichen Erkenntnissen von Weltrang und umfassender Forschung basiert.","breadcrumb":{"@id":"https:\/\/www.roamtechnology.com\/de\/agro-solutions\/#breadcrumb"},"inLanguage":"de-DE","potentialAction":[{"@type":"ReadAction","target":["https:\/\/www.roamtechnology.com\/de\/agro-solutions\/"]}]},{"@type":"ImageObject","inLanguage":"de-DE","@id":"https:\/\/www.roamtechnology.com\/de\/agro-solutions\/#primaryimage","url":"https:\/\/www.roamtechnology.com\/app\/uploads\/2021\/11\/DSC6111_web.jpg","contentUrl":"https:\/\/www.roamtechnology.com\/app\/uploads\/2021\/11\/DSC6111_web.jpg","width":6000,"height":4002},{"@type":"BreadcrumbList","@id":"https:\/\/www.roamtechnology.com\/de\/agro-solutions\/#breadcrumb","itemListElement":[{"@type":"ListItem","position":1,"name":"Home","item":"https:\/\/www.roamtechnology.com\/de\/"},{"@type":"ListItem","position":2,"name":"Agro Solutions"}]},{"@type":"WebSite","@id":"https:\/\/www.roamtechnology.com\/de\/#website","url":"https:\/\/www.roamtechnology.com\/de\/","name":"Roam Technology","description":"Scientific By Nature","potentialAction":[{"@type":"SearchAction","target":{"@type":"EntryPoint","urlTemplate":"https:\/\/www.roamtechnology.com\/de\/?s={search_term_string}"},"query-input":{"@type":"PropertyValueSpecification","valueRequired":true,"valueName":"search_term_string"}}],"inLanguage":"de-DE"}]}},"_links":{"self":[{"href":"https:\/\/www.roamtechnology.com\/de\/wp-json\/wp\/v2\/pages\/6972","targetHints":{"allow":["GET"]}}],"collection":[{"href":"https:\/\/www.roamtechnology.com\/de\/wp-json\/wp\/v2\/pages"}],"about":[{"href":"https:\/\/www.roamtechnology.com\/de\/wp-json\/wp\/v2\/types\/page"}],"author":[{"embeddable":true,"href":"https:\/\/www.roamtechnology.com\/de\/wp-json\/wp\/v2\/users\/1"}],"replies":[{"embeddable":true,"href":"https:\/\/www.roamtechnology.com\/de\/wp-json\/wp\/v2\/comments?post=6972"}],"version-history":[{"count":5,"href":"https:\/\/www.roamtechnology.com\/de\/wp-json\/wp\/v2\/pages\/6972\/revisions"}],"predecessor-version":[{"id":8895,"href":"https:\/\/www.roamtechnology.com\/de\/wp-json\/wp\/v2\/pages\/6972\/revisions\/8895"}],"wp:featuredmedia":[{"embeddable":true,"href":"https:\/\/www.roamtechnology.com\/de\/wp-json\/wp\/v2\/media\/2076"}],"wp:attachment":[{"href":"https:\/\/www.roamtechnology.com\/de\/wp-json\/wp\/v2\/media?parent=6972"}],"curies":[{"name":"wp","href":"https:\/\/api.w.org\/{rel}","templated":true}]}}