{"id":6971,"date":"2024-04-23T14:30:53","date_gmt":"2024-04-23T12:30:53","guid":{"rendered":"https:\/\/www.roamtechnology.com\/nach-der-ernte\/"},"modified":"2024-04-25T16:43:03","modified_gmt":"2024-04-25T14:43:03","slug":"nach-der-ernte","status":"publish","type":"page","link":"https:\/\/www.roamtechnology.com\/de\/agro-solutions\/nach-der-ernte\/","title":{"rendered":"Nach der Ernte"},"content":{"rendered":"<p>Nacherntebetriebe sind auf das Sortieren, Lagern, Verarbeiten oder Verpacken von Obst und Gem\u00fcse spezialisiert. Die Produktpalette von Roam Technology wird Nachernteunternehmen dabei helfen, ihre Prozesse durch nachhaltige Hygienel\u00f6sungen zu optimieren. Die Erfahrung unserer technischen Experten auf dem Gebiet der Reinigung und Desinfektion macht sie zum idealen Partner f\u00fcr die Nacherntebranche in ihrem st\u00e4ndigen Bestreben, den Verlust von Qualit\u00e4t und Quantit\u00e4t der Lebensmittel zu minimieren.<\/p>\n","protected":false},"excerpt":{"rendered":"<p>Nacherntebetriebe sind auf das Sortieren, Lagern, Verarbeiten oder Verpacken von Obst und Gem\u00fcse spezialisiert. Die Produktpalette von Roam Technology wird Nachernteunternehmen dabei helfen, ihre Prozesse durch nachhaltige Hygienel\u00f6sungen zu optimieren. Die Erfahrung unserer technischen Experten auf dem Gebiet der Reinigung und Desinfektion macht sie zum idealen Partner f\u00fcr die Nacherntebranche in ihrem st\u00e4ndigen Bestreben, den [&hellip;]<\/p>\n","protected":false},"author":1,"featured_media":1739,"parent":6972,"menu_order":0,"comment_status":"closed","ping_status":"closed","template":"","meta":{"inline_featured_image":false,"footnotes":""},"class_list":["post-6971","page","type-page","status-publish","has-post-thumbnail","hentry"],"acf":[],"yoast_head":"<!-- This site is optimized with the Yoast SEO plugin v23.9 - https:\/\/yoast.com\/wordpress\/plugins\/seo\/ -->\n<title>Nach der Ernte - Roam Technology<\/title>\n<meta name=\"robots\" content=\"index, follow, max-snippet:-1, max-image-preview:large, max-video-preview:-1\" \/>\n<link rel=\"canonical\" href=\"https:\/\/www.roamtechnology.com\/de\/agro-solutions\/nach-der-ernte\/\" \/>\n<meta property=\"og:locale\" content=\"de_DE\" \/>\n<meta property=\"og:type\" content=\"article\" \/>\n<meta property=\"og:title\" content=\"Nach der Ernte - Roam Technology\" \/>\n<meta property=\"og:description\" content=\"Nacherntebetriebe sind auf das Sortieren, Lagern, Verarbeiten oder Verpacken von Obst und Gem\u00fcse spezialisiert. Die Produktpalette von Roam Technology wird Nachernteunternehmen dabei helfen, ihre Prozesse durch nachhaltige Hygienel\u00f6sungen zu optimieren. Die Erfahrung unserer technischen Experten auf dem Gebiet der Reinigung und Desinfektion macht sie zum idealen Partner f\u00fcr die Nacherntebranche in ihrem st\u00e4ndigen Bestreben, den [&hellip;]\" \/>\n<meta property=\"og:url\" content=\"https:\/\/www.roamtechnology.com\/de\/agro-solutions\/nach-der-ernte\/\" \/>\n<meta property=\"og:site_name\" content=\"Roam Technology\" \/>\n<meta property=\"article:modified_time\" content=\"2024-04-25T14:43:03+00:00\" \/>\n<meta property=\"og:image\" content=\"https:\/\/www.roamtechnology.com\/app\/uploads\/2021\/11\/Roam_Industrialapplications_01.jpg\" \/>\n\t<meta property=\"og:image:width\" content=\"4500\" \/>\n\t<meta property=\"og:image:height\" content=\"3002\" \/>\n\t<meta property=\"og:image:type\" content=\"image\/jpeg\" \/>\n<meta name=\"twitter:card\" content=\"summary_large_image\" \/>\n<meta name=\"twitter:label1\" content=\"Est. reading time\" \/>\n\t<meta name=\"twitter:data1\" content=\"1 minute\" \/>\n<script type=\"application\/ld+json\" class=\"yoast-schema-graph\">{\"@context\":\"https:\/\/schema.org\",\"@graph\":[{\"@type\":\"WebPage\",\"@id\":\"https:\/\/www.roamtechnology.com\/de\/agro-solutions\/nach-der-ernte\/\",\"url\":\"https:\/\/www.roamtechnology.com\/de\/agro-solutions\/nach-der-ernte\/\",\"name\":\"Nach der Ernte - Roam Technology\",\"isPartOf\":{\"@id\":\"https:\/\/www.roamtechnology.com\/de\/#website\"},\"primaryImageOfPage\":{\"@id\":\"https:\/\/www.roamtechnology.com\/de\/agro-solutions\/nach-der-ernte\/#primaryimage\"},\"image\":{\"@id\":\"https:\/\/www.roamtechnology.com\/de\/agro-solutions\/nach-der-ernte\/#primaryimage\"},\"thumbnailUrl\":\"https:\/\/www.roamtechnology.com\/app\/uploads\/2021\/11\/Roam_Industrialapplications_01.jpg\",\"datePublished\":\"2024-04-23T12:30:53+00:00\",\"dateModified\":\"2024-04-25T14:43:03+00:00\",\"breadcrumb\":{\"@id\":\"https:\/\/www.roamtechnology.com\/de\/agro-solutions\/nach-der-ernte\/#breadcrumb\"},\"inLanguage\":\"de-DE\",\"potentialAction\":[{\"@type\":\"ReadAction\",\"target\":[\"https:\/\/www.roamtechnology.com\/de\/agro-solutions\/nach-der-ernte\/\"]}]},{\"@type\":\"ImageObject\",\"inLanguage\":\"de-DE\",\"@id\":\"https:\/\/www.roamtechnology.com\/de\/agro-solutions\/nach-der-ernte\/#primaryimage\",\"url\":\"https:\/\/www.roamtechnology.com\/app\/uploads\/2021\/11\/Roam_Industrialapplications_01.jpg\",\"contentUrl\":\"https:\/\/www.roamtechnology.com\/app\/uploads\/2021\/11\/Roam_Industrialapplications_01.jpg\",\"width\":4500,\"height\":3002,\"caption\":\"Sorting line bell pepper\"},{\"@type\":\"BreadcrumbList\",\"@id\":\"https:\/\/www.roamtechnology.com\/de\/agro-solutions\/nach-der-ernte\/#breadcrumb\",\"itemListElement\":[{\"@type\":\"ListItem\",\"position\":1,\"name\":\"Home\",\"item\":\"https:\/\/www.roamtechnology.com\/de\/\"},{\"@type\":\"ListItem\",\"position\":2,\"name\":\"Nach der Ernte\"}]},{\"@type\":\"WebSite\",\"@id\":\"https:\/\/www.roamtechnology.com\/de\/#website\",\"url\":\"https:\/\/www.roamtechnology.com\/de\/\",\"name\":\"Roam Technology\",\"description\":\"Scientific By Nature\",\"potentialAction\":[{\"@type\":\"SearchAction\",\"target\":{\"@type\":\"EntryPoint\",\"urlTemplate\":\"https:\/\/www.roamtechnology.com\/de\/?s={search_term_string}\"},\"query-input\":{\"@type\":\"PropertyValueSpecification\",\"valueRequired\":true,\"valueName\":\"search_term_string\"}}],\"inLanguage\":\"de-DE\"}]}<\/script>\n<!-- \/ Yoast SEO plugin. -->","yoast_head_json":{"title":"Nach der Ernte - Roam Technology","robots":{"index":"index","follow":"follow","max-snippet":"max-snippet:-1","max-image-preview":"max-image-preview:large","max-video-preview":"max-video-preview:-1"},"canonical":"https:\/\/www.roamtechnology.com\/de\/agro-solutions\/nach-der-ernte\/","og_locale":"de_DE","og_type":"article","og_title":"Nach der Ernte - Roam Technology","og_description":"Nacherntebetriebe sind auf das Sortieren, Lagern, Verarbeiten oder Verpacken von Obst und Gem\u00fcse spezialisiert. Die Produktpalette von Roam Technology wird Nachernteunternehmen dabei helfen, ihre Prozesse durch nachhaltige Hygienel\u00f6sungen zu optimieren. Die Erfahrung unserer technischen Experten auf dem Gebiet der Reinigung und Desinfektion macht sie zum idealen Partner f\u00fcr die Nacherntebranche in ihrem st\u00e4ndigen Bestreben, den [&hellip;]","og_url":"https:\/\/www.roamtechnology.com\/de\/agro-solutions\/nach-der-ernte\/","og_site_name":"Roam Technology","article_modified_time":"2024-04-25T14:43:03+00:00","og_image":[{"width":4500,"height":3002,"url":"https:\/\/www.roamtechnology.com\/app\/uploads\/2021\/11\/Roam_Industrialapplications_01.jpg","type":"image\/jpeg"}],"twitter_card":"summary_large_image","twitter_misc":{"Est. reading time":"1 minute"},"schema":{"@context":"https:\/\/schema.org","@graph":[{"@type":"WebPage","@id":"https:\/\/www.roamtechnology.com\/de\/agro-solutions\/nach-der-ernte\/","url":"https:\/\/www.roamtechnology.com\/de\/agro-solutions\/nach-der-ernte\/","name":"Nach der Ernte - Roam Technology","isPartOf":{"@id":"https:\/\/www.roamtechnology.com\/de\/#website"},"primaryImageOfPage":{"@id":"https:\/\/www.roamtechnology.com\/de\/agro-solutions\/nach-der-ernte\/#primaryimage"},"image":{"@id":"https:\/\/www.roamtechnology.com\/de\/agro-solutions\/nach-der-ernte\/#primaryimage"},"thumbnailUrl":"https:\/\/www.roamtechnology.com\/app\/uploads\/2021\/11\/Roam_Industrialapplications_01.jpg","datePublished":"2024-04-23T12:30:53+00:00","dateModified":"2024-04-25T14:43:03+00:00","breadcrumb":{"@id":"https:\/\/www.roamtechnology.com\/de\/agro-solutions\/nach-der-ernte\/#breadcrumb"},"inLanguage":"de-DE","potentialAction":[{"@type":"ReadAction","target":["https:\/\/www.roamtechnology.com\/de\/agro-solutions\/nach-der-ernte\/"]}]},{"@type":"ImageObject","inLanguage":"de-DE","@id":"https:\/\/www.roamtechnology.com\/de\/agro-solutions\/nach-der-ernte\/#primaryimage","url":"https:\/\/www.roamtechnology.com\/app\/uploads\/2021\/11\/Roam_Industrialapplications_01.jpg","contentUrl":"https:\/\/www.roamtechnology.com\/app\/uploads\/2021\/11\/Roam_Industrialapplications_01.jpg","width":4500,"height":3002,"caption":"Sorting line bell pepper"},{"@type":"BreadcrumbList","@id":"https:\/\/www.roamtechnology.com\/de\/agro-solutions\/nach-der-ernte\/#breadcrumb","itemListElement":[{"@type":"ListItem","position":1,"name":"Home","item":"https:\/\/www.roamtechnology.com\/de\/"},{"@type":"ListItem","position":2,"name":"Nach der Ernte"}]},{"@type":"WebSite","@id":"https:\/\/www.roamtechnology.com\/de\/#website","url":"https:\/\/www.roamtechnology.com\/de\/","name":"Roam Technology","description":"Scientific By Nature","potentialAction":[{"@type":"SearchAction","target":{"@type":"EntryPoint","urlTemplate":"https:\/\/www.roamtechnology.com\/de\/?s={search_term_string}"},"query-input":{"@type":"PropertyValueSpecification","valueRequired":true,"valueName":"search_term_string"}}],"inLanguage":"de-DE"}]}},"_links":{"self":[{"href":"https:\/\/www.roamtechnology.com\/de\/wp-json\/wp\/v2\/pages\/6971","targetHints":{"allow":["GET"]}}],"collection":[{"href":"https:\/\/www.roamtechnology.com\/de\/wp-json\/wp\/v2\/pages"}],"about":[{"href":"https:\/\/www.roamtechnology.com\/de\/wp-json\/wp\/v2\/types\/page"}],"author":[{"embeddable":true,"href":"https:\/\/www.roamtechnology.com\/de\/wp-json\/wp\/v2\/users\/1"}],"replies":[{"embeddable":true,"href":"https:\/\/www.roamtechnology.com\/de\/wp-json\/wp\/v2\/comments?post=6971"}],"version-history":[{"count":1,"href":"https:\/\/www.roamtechnology.com\/de\/wp-json\/wp\/v2\/pages\/6971\/revisions"}],"predecessor-version":[{"id":7070,"href":"https:\/\/www.roamtechnology.com\/de\/wp-json\/wp\/v2\/pages\/6971\/revisions\/7070"}],"up":[{"embeddable":true,"href":"https:\/\/www.roamtechnology.com\/de\/wp-json\/wp\/v2\/pages\/6972"}],"wp:featuredmedia":[{"embeddable":true,"href":"https:\/\/www.roamtechnology.com\/de\/wp-json\/wp\/v2\/media\/1739"}],"wp:attachment":[{"href":"https:\/\/www.roamtechnology.com\/de\/wp-json\/wp\/v2\/media?parent=6971"}],"curies":[{"name":"wp","href":"https:\/\/api.w.org\/{rel}","templated":true}]}}