{"id":6970,"date":"2024-04-23T14:30:01","date_gmt":"2024-04-23T12:30:01","guid":{"rendered":"https:\/\/www.roamtechnology.com\/gartenbau\/"},"modified":"2024-04-25T16:39:32","modified_gmt":"2024-04-25T14:39:32","slug":"gartenbau","status":"publish","type":"page","link":"https:\/\/www.roamtechnology.com\/de\/agro-solutions\/gartenbau\/","title":{"rendered":"Gartenbau"},"content":{"rendered":"<p>Der Gartenbau umfasst die Produktion hochwertiger, intensiv kultivierter Pflanzen und Zierpflanzen. Gutes Management und qualitativ hochwertige, ma\u00dfgeschneiderte Beratung sind der Schl\u00fcssel. Aufgrund unserer langj\u00e4hrigen Erfahrung im Gartenbau ist Roam Technology in der Lage, G\u00e4rtner bei der Bew\u00e4ltigung der Herausforderungen von heute und morgen zu unterst\u00fctzen.<\/p>\n<p>&nbsp;<\/p>\n","protected":false},"excerpt":{"rendered":"<p>Der Gartenbau umfasst die Produktion hochwertiger, intensiv kultivierter Pflanzen und Zierpflanzen. Gutes Management und qualitativ hochwertige, ma\u00dfgeschneiderte Beratung sind der Schl\u00fcssel. Aufgrund unserer langj\u00e4hrigen Erfahrung im Gartenbau ist Roam Technology in der Lage, G\u00e4rtner bei der Bew\u00e4ltigung der Herausforderungen von heute und morgen zu unterst\u00fctzen. &nbsp;<\/p>\n","protected":false},"author":1,"featured_media":1090,"parent":6972,"menu_order":0,"comment_status":"closed","ping_status":"closed","template":"","meta":{"inline_featured_image":false,"footnotes":""},"class_list":["post-6970","page","type-page","status-publish","has-post-thumbnail","hentry"],"acf":[],"yoast_head":"<!-- This site is optimized with the Yoast SEO plugin v23.9 - https:\/\/yoast.com\/wordpress\/plugins\/seo\/ -->\n<title>Gartenbau - Roam Technology<\/title>\n<meta name=\"robots\" content=\"index, follow, max-snippet:-1, max-image-preview:large, max-video-preview:-1\" \/>\n<link rel=\"canonical\" href=\"https:\/\/www.roamtechnology.com\/de\/agro-solutions\/gartenbau\/\" \/>\n<meta property=\"og:locale\" content=\"de_DE\" \/>\n<meta property=\"og:type\" content=\"article\" \/>\n<meta property=\"og:title\" content=\"Gartenbau - Roam Technology\" \/>\n<meta property=\"og:description\" content=\"Der Gartenbau umfasst die Produktion hochwertiger, intensiv kultivierter Pflanzen und Zierpflanzen. Gutes Management und qualitativ hochwertige, ma\u00dfgeschneiderte Beratung sind der Schl\u00fcssel. Aufgrund unserer langj\u00e4hrigen Erfahrung im Gartenbau ist Roam Technology in der Lage, G\u00e4rtner bei der Bew\u00e4ltigung der Herausforderungen von heute und morgen zu unterst\u00fctzen. &nbsp;\" \/>\n<meta property=\"og:url\" content=\"https:\/\/www.roamtechnology.com\/de\/agro-solutions\/gartenbau\/\" \/>\n<meta property=\"og:site_name\" content=\"Roam Technology\" \/>\n<meta property=\"article:modified_time\" content=\"2024-04-25T14:39:32+00:00\" \/>\n<meta property=\"og:image\" content=\"https:\/\/www.roamtechnology.com\/app\/uploads\/2021\/10\/Roam_Horticulture_Service_SalesTeam_Huwa-San03-e1637176159541.jpg\" \/>\n\t<meta property=\"og:image:width\" content=\"1920\" \/>\n\t<meta property=\"og:image:height\" content=\"1080\" \/>\n\t<meta property=\"og:image:type\" content=\"image\/jpeg\" \/>\n<meta name=\"twitter:card\" content=\"summary_large_image\" \/>\n<meta name=\"twitter:label1\" content=\"Est. reading time\" \/>\n\t<meta name=\"twitter:data1\" content=\"1 minute\" \/>\n<script type=\"application\/ld+json\" class=\"yoast-schema-graph\">{\"@context\":\"https:\/\/schema.org\",\"@graph\":[{\"@type\":\"WebPage\",\"@id\":\"https:\/\/www.roamtechnology.com\/de\/agro-solutions\/gartenbau\/\",\"url\":\"https:\/\/www.roamtechnology.com\/de\/agro-solutions\/gartenbau\/\",\"name\":\"Gartenbau - Roam Technology\",\"isPartOf\":{\"@id\":\"https:\/\/www.roamtechnology.com\/de\/#website\"},\"primaryImageOfPage\":{\"@id\":\"https:\/\/www.roamtechnology.com\/de\/agro-solutions\/gartenbau\/#primaryimage\"},\"image\":{\"@id\":\"https:\/\/www.roamtechnology.com\/de\/agro-solutions\/gartenbau\/#primaryimage\"},\"thumbnailUrl\":\"https:\/\/www.roamtechnology.com\/app\/uploads\/2021\/10\/Roam_Horticulture_Service_SalesTeam_Huwa-San03-e1637176159541.jpg\",\"datePublished\":\"2024-04-23T12:30:01+00:00\",\"dateModified\":\"2024-04-25T14:39:32+00:00\",\"breadcrumb\":{\"@id\":\"https:\/\/www.roamtechnology.com\/de\/agro-solutions\/gartenbau\/#breadcrumb\"},\"inLanguage\":\"de-DE\",\"potentialAction\":[{\"@type\":\"ReadAction\",\"target\":[\"https:\/\/www.roamtechnology.com\/de\/agro-solutions\/gartenbau\/\"]}]},{\"@type\":\"ImageObject\",\"inLanguage\":\"de-DE\",\"@id\":\"https:\/\/www.roamtechnology.com\/de\/agro-solutions\/gartenbau\/#primaryimage\",\"url\":\"https:\/\/www.roamtechnology.com\/app\/uploads\/2021\/10\/Roam_Horticulture_Service_SalesTeam_Huwa-San03-e1637176159541.jpg\",\"contentUrl\":\"https:\/\/www.roamtechnology.com\/app\/uploads\/2021\/10\/Roam_Horticulture_Service_SalesTeam_Huwa-San03-e1637176159541.jpg\",\"width\":1920,\"height\":1080,\"caption\":\"Roam Technology Horti Sales team in Cucumber Greenhouse\"},{\"@type\":\"BreadcrumbList\",\"@id\":\"https:\/\/www.roamtechnology.com\/de\/agro-solutions\/gartenbau\/#breadcrumb\",\"itemListElement\":[{\"@type\":\"ListItem\",\"position\":1,\"name\":\"Home\",\"item\":\"https:\/\/www.roamtechnology.com\/de\/\"},{\"@type\":\"ListItem\",\"position\":2,\"name\":\"Gartenbau\"}]},{\"@type\":\"WebSite\",\"@id\":\"https:\/\/www.roamtechnology.com\/de\/#website\",\"url\":\"https:\/\/www.roamtechnology.com\/de\/\",\"name\":\"Roam Technology\",\"description\":\"Scientific By Nature\",\"potentialAction\":[{\"@type\":\"SearchAction\",\"target\":{\"@type\":\"EntryPoint\",\"urlTemplate\":\"https:\/\/www.roamtechnology.com\/de\/?s={search_term_string}\"},\"query-input\":{\"@type\":\"PropertyValueSpecification\",\"valueRequired\":true,\"valueName\":\"search_term_string\"}}],\"inLanguage\":\"de-DE\"}]}<\/script>\n<!-- \/ Yoast SEO plugin. -->","yoast_head_json":{"title":"Gartenbau - Roam Technology","robots":{"index":"index","follow":"follow","max-snippet":"max-snippet:-1","max-image-preview":"max-image-preview:large","max-video-preview":"max-video-preview:-1"},"canonical":"https:\/\/www.roamtechnology.com\/de\/agro-solutions\/gartenbau\/","og_locale":"de_DE","og_type":"article","og_title":"Gartenbau - Roam Technology","og_description":"Der Gartenbau umfasst die Produktion hochwertiger, intensiv kultivierter Pflanzen und Zierpflanzen. Gutes Management und qualitativ hochwertige, ma\u00dfgeschneiderte Beratung sind der Schl\u00fcssel. Aufgrund unserer langj\u00e4hrigen Erfahrung im Gartenbau ist Roam Technology in der Lage, G\u00e4rtner bei der Bew\u00e4ltigung der Herausforderungen von heute und morgen zu unterst\u00fctzen. &nbsp;","og_url":"https:\/\/www.roamtechnology.com\/de\/agro-solutions\/gartenbau\/","og_site_name":"Roam Technology","article_modified_time":"2024-04-25T14:39:32+00:00","og_image":[{"width":1920,"height":1080,"url":"https:\/\/www.roamtechnology.com\/app\/uploads\/2021\/10\/Roam_Horticulture_Service_SalesTeam_Huwa-San03-e1637176159541.jpg","type":"image\/jpeg"}],"twitter_card":"summary_large_image","twitter_misc":{"Est. reading time":"1 minute"},"schema":{"@context":"https:\/\/schema.org","@graph":[{"@type":"WebPage","@id":"https:\/\/www.roamtechnology.com\/de\/agro-solutions\/gartenbau\/","url":"https:\/\/www.roamtechnology.com\/de\/agro-solutions\/gartenbau\/","name":"Gartenbau - Roam Technology","isPartOf":{"@id":"https:\/\/www.roamtechnology.com\/de\/#website"},"primaryImageOfPage":{"@id":"https:\/\/www.roamtechnology.com\/de\/agro-solutions\/gartenbau\/#primaryimage"},"image":{"@id":"https:\/\/www.roamtechnology.com\/de\/agro-solutions\/gartenbau\/#primaryimage"},"thumbnailUrl":"https:\/\/www.roamtechnology.com\/app\/uploads\/2021\/10\/Roam_Horticulture_Service_SalesTeam_Huwa-San03-e1637176159541.jpg","datePublished":"2024-04-23T12:30:01+00:00","dateModified":"2024-04-25T14:39:32+00:00","breadcrumb":{"@id":"https:\/\/www.roamtechnology.com\/de\/agro-solutions\/gartenbau\/#breadcrumb"},"inLanguage":"de-DE","potentialAction":[{"@type":"ReadAction","target":["https:\/\/www.roamtechnology.com\/de\/agro-solutions\/gartenbau\/"]}]},{"@type":"ImageObject","inLanguage":"de-DE","@id":"https:\/\/www.roamtechnology.com\/de\/agro-solutions\/gartenbau\/#primaryimage","url":"https:\/\/www.roamtechnology.com\/app\/uploads\/2021\/10\/Roam_Horticulture_Service_SalesTeam_Huwa-San03-e1637176159541.jpg","contentUrl":"https:\/\/www.roamtechnology.com\/app\/uploads\/2021\/10\/Roam_Horticulture_Service_SalesTeam_Huwa-San03-e1637176159541.jpg","width":1920,"height":1080,"caption":"Roam Technology Horti Sales team in Cucumber Greenhouse"},{"@type":"BreadcrumbList","@id":"https:\/\/www.roamtechnology.com\/de\/agro-solutions\/gartenbau\/#breadcrumb","itemListElement":[{"@type":"ListItem","position":1,"name":"Home","item":"https:\/\/www.roamtechnology.com\/de\/"},{"@type":"ListItem","position":2,"name":"Gartenbau"}]},{"@type":"WebSite","@id":"https:\/\/www.roamtechnology.com\/de\/#website","url":"https:\/\/www.roamtechnology.com\/de\/","name":"Roam Technology","description":"Scientific By Nature","potentialAction":[{"@type":"SearchAction","target":{"@type":"EntryPoint","urlTemplate":"https:\/\/www.roamtechnology.com\/de\/?s={search_term_string}"},"query-input":{"@type":"PropertyValueSpecification","valueRequired":true,"valueName":"search_term_string"}}],"inLanguage":"de-DE"}]}},"_links":{"self":[{"href":"https:\/\/www.roamtechnology.com\/de\/wp-json\/wp\/v2\/pages\/6970","targetHints":{"allow":["GET"]}}],"collection":[{"href":"https:\/\/www.roamtechnology.com\/de\/wp-json\/wp\/v2\/pages"}],"about":[{"href":"https:\/\/www.roamtechnology.com\/de\/wp-json\/wp\/v2\/types\/page"}],"author":[{"embeddable":true,"href":"https:\/\/www.roamtechnology.com\/de\/wp-json\/wp\/v2\/users\/1"}],"replies":[{"embeddable":true,"href":"https:\/\/www.roamtechnology.com\/de\/wp-json\/wp\/v2\/comments?post=6970"}],"version-history":[{"count":2,"href":"https:\/\/www.roamtechnology.com\/de\/wp-json\/wp\/v2\/pages\/6970\/revisions"}],"predecessor-version":[{"id":7067,"href":"https:\/\/www.roamtechnology.com\/de\/wp-json\/wp\/v2\/pages\/6970\/revisions\/7067"}],"up":[{"embeddable":true,"href":"https:\/\/www.roamtechnology.com\/de\/wp-json\/wp\/v2\/pages\/6972"}],"wp:featuredmedia":[{"embeddable":true,"href":"https:\/\/www.roamtechnology.com\/de\/wp-json\/wp\/v2\/media\/1090"}],"wp:attachment":[{"href":"https:\/\/www.roamtechnology.com\/de\/wp-json\/wp\/v2\/media?parent=6970"}],"curies":[{"name":"wp","href":"https:\/\/api.w.org\/{rel}","templated":true}]}}