{"id":6848,"date":"2024-04-18T12:35:22","date_gmt":"2024-04-18T10:35:22","guid":{"rendered":"https:\/\/www.roamtechnology.com\/kontaktieren-sie-uns\/"},"modified":"2024-05-24T15:36:23","modified_gmt":"2024-05-24T13:36:23","slug":"kontaktieren-sie-uns","status":"publish","type":"page","link":"https:\/\/www.roamtechnology.com\/de\/kontaktieren-sie-uns\/","title":{"rendered":"Kontaktieren Sie uns"},"content":{"rendered":"<p>Wenn Sie Fragen zu einem unserer Produkte haben oder eine ma\u00dfgeschneiderte Beratung w\u00fcnschen, w\u00fcrden wir uns freuen, von Ihnen zu h\u00f6ren.<\/p>\n<p>Bitte geben Sie Ihre Frage in das Kontaktformular ein. Nach Erhalt Ihrer E-Mail werden wir uns so schnell wie m\u00f6glich mit Ihnen in Verbindung setzen. Vielen Dank!<\/p>\n","protected":false},"excerpt":{"rendered":"<p>Wenn Sie Fragen zu einem unserer Produkte haben oder eine ma\u00dfgeschneiderte Beratung w\u00fcnschen, w\u00fcrden wir uns freuen, von Ihnen zu h\u00f6ren. Bitte geben Sie Ihre Frage in das Kontaktformular ein. Nach Erhalt Ihrer E-Mail werden wir uns so schnell wie m\u00f6glich mit Ihnen in Verbindung setzen. Vielen Dank!<\/p>\n","protected":false},"author":1,"featured_media":781,"parent":0,"menu_order":0,"comment_status":"closed","ping_status":"closed","template":"page-contact.php","meta":{"inline_featured_image":false,"footnotes":""},"class_list":["post-6848","page","type-page","status-publish","has-post-thumbnail","hentry"],"acf":[],"yoast_head":"<!-- This site is optimized with the Yoast SEO plugin v23.9 - https:\/\/yoast.com\/wordpress\/plugins\/seo\/ -->\n<title>Kontaktieren Sie uns - Roam Technology<\/title>\n<meta name=\"robots\" content=\"index, follow, max-snippet:-1, max-image-preview:large, max-video-preview:-1\" \/>\n<link rel=\"canonical\" href=\"https:\/\/www.roamtechnology.com\/de\/kontaktieren-sie-uns\/\" \/>\n<meta property=\"og:locale\" content=\"de_DE\" \/>\n<meta property=\"og:type\" content=\"article\" \/>\n<meta property=\"og:title\" content=\"Kontaktieren Sie uns - Roam Technology\" \/>\n<meta property=\"og:description\" content=\"Wenn Sie Fragen zu einem unserer Produkte haben oder eine ma\u00dfgeschneiderte Beratung w\u00fcnschen, w\u00fcrden wir uns freuen, von Ihnen zu h\u00f6ren. Bitte geben Sie Ihre Frage in das Kontaktformular ein. Nach Erhalt Ihrer E-Mail werden wir uns so schnell wie m\u00f6glich mit Ihnen in Verbindung setzen. Vielen Dank!\" \/>\n<meta property=\"og:url\" content=\"https:\/\/www.roamtechnology.com\/de\/kontaktieren-sie-uns\/\" \/>\n<meta property=\"og:site_name\" content=\"Roam Technology\" \/>\n<meta property=\"article:modified_time\" content=\"2024-05-24T13:36:23+00:00\" \/>\n<meta property=\"og:image\" content=\"https:\/\/www.roamtechnology.com\/app\/uploads\/2021\/09\/contact-header.jpg\" \/>\n\t<meta property=\"og:image:width\" content=\"1440\" \/>\n\t<meta property=\"og:image:height\" content=\"578\" \/>\n\t<meta property=\"og:image:type\" content=\"image\/jpeg\" \/>\n<meta name=\"twitter:card\" content=\"summary_large_image\" \/>\n<meta name=\"twitter:label1\" content=\"Est. reading time\" \/>\n\t<meta name=\"twitter:data1\" content=\"1 minute\" \/>\n<script type=\"application\/ld+json\" class=\"yoast-schema-graph\">{\"@context\":\"https:\/\/schema.org\",\"@graph\":[{\"@type\":\"WebPage\",\"@id\":\"https:\/\/www.roamtechnology.com\/de\/kontaktieren-sie-uns\/\",\"url\":\"https:\/\/www.roamtechnology.com\/de\/kontaktieren-sie-uns\/\",\"name\":\"Kontaktieren Sie uns - Roam Technology\",\"isPartOf\":{\"@id\":\"https:\/\/www.roamtechnology.com\/de\/#website\"},\"primaryImageOfPage\":{\"@id\":\"https:\/\/www.roamtechnology.com\/de\/kontaktieren-sie-uns\/#primaryimage\"},\"image\":{\"@id\":\"https:\/\/www.roamtechnology.com\/de\/kontaktieren-sie-uns\/#primaryimage\"},\"thumbnailUrl\":\"https:\/\/www.roamtechnology.com\/app\/uploads\/2021\/09\/contact-header.jpg\",\"datePublished\":\"2024-04-18T10:35:22+00:00\",\"dateModified\":\"2024-05-24T13:36:23+00:00\",\"breadcrumb\":{\"@id\":\"https:\/\/www.roamtechnology.com\/de\/kontaktieren-sie-uns\/#breadcrumb\"},\"inLanguage\":\"de-DE\",\"potentialAction\":[{\"@type\":\"ReadAction\",\"target\":[\"https:\/\/www.roamtechnology.com\/de\/kontaktieren-sie-uns\/\"]}]},{\"@type\":\"ImageObject\",\"inLanguage\":\"de-DE\",\"@id\":\"https:\/\/www.roamtechnology.com\/de\/kontaktieren-sie-uns\/#primaryimage\",\"url\":\"https:\/\/www.roamtechnology.com\/app\/uploads\/2021\/09\/contact-header.jpg\",\"contentUrl\":\"https:\/\/www.roamtechnology.com\/app\/uploads\/2021\/09\/contact-header.jpg\",\"width\":1440,\"height\":578},{\"@type\":\"BreadcrumbList\",\"@id\":\"https:\/\/www.roamtechnology.com\/de\/kontaktieren-sie-uns\/#breadcrumb\",\"itemListElement\":[{\"@type\":\"ListItem\",\"position\":1,\"name\":\"Home\",\"item\":\"https:\/\/www.roamtechnology.com\/de\/\"},{\"@type\":\"ListItem\",\"position\":2,\"name\":\"Kontaktieren Sie uns\"}]},{\"@type\":\"WebSite\",\"@id\":\"https:\/\/www.roamtechnology.com\/de\/#website\",\"url\":\"https:\/\/www.roamtechnology.com\/de\/\",\"name\":\"Roam Technology\",\"description\":\"Scientific By Nature\",\"potentialAction\":[{\"@type\":\"SearchAction\",\"target\":{\"@type\":\"EntryPoint\",\"urlTemplate\":\"https:\/\/www.roamtechnology.com\/de\/?s={search_term_string}\"},\"query-input\":{\"@type\":\"PropertyValueSpecification\",\"valueRequired\":true,\"valueName\":\"search_term_string\"}}],\"inLanguage\":\"de-DE\"}]}<\/script>\n<!-- \/ Yoast SEO plugin. -->","yoast_head_json":{"title":"Kontaktieren Sie uns - Roam Technology","robots":{"index":"index","follow":"follow","max-snippet":"max-snippet:-1","max-image-preview":"max-image-preview:large","max-video-preview":"max-video-preview:-1"},"canonical":"https:\/\/www.roamtechnology.com\/de\/kontaktieren-sie-uns\/","og_locale":"de_DE","og_type":"article","og_title":"Kontaktieren Sie uns - Roam Technology","og_description":"Wenn Sie Fragen zu einem unserer Produkte haben oder eine ma\u00dfgeschneiderte Beratung w\u00fcnschen, w\u00fcrden wir uns freuen, von Ihnen zu h\u00f6ren. Bitte geben Sie Ihre Frage in das Kontaktformular ein. Nach Erhalt Ihrer E-Mail werden wir uns so schnell wie m\u00f6glich mit Ihnen in Verbindung setzen. Vielen Dank!","og_url":"https:\/\/www.roamtechnology.com\/de\/kontaktieren-sie-uns\/","og_site_name":"Roam Technology","article_modified_time":"2024-05-24T13:36:23+00:00","og_image":[{"width":1440,"height":578,"url":"https:\/\/www.roamtechnology.com\/app\/uploads\/2021\/09\/contact-header.jpg","type":"image\/jpeg"}],"twitter_card":"summary_large_image","twitter_misc":{"Est. reading time":"1 minute"},"schema":{"@context":"https:\/\/schema.org","@graph":[{"@type":"WebPage","@id":"https:\/\/www.roamtechnology.com\/de\/kontaktieren-sie-uns\/","url":"https:\/\/www.roamtechnology.com\/de\/kontaktieren-sie-uns\/","name":"Kontaktieren Sie uns - Roam Technology","isPartOf":{"@id":"https:\/\/www.roamtechnology.com\/de\/#website"},"primaryImageOfPage":{"@id":"https:\/\/www.roamtechnology.com\/de\/kontaktieren-sie-uns\/#primaryimage"},"image":{"@id":"https:\/\/www.roamtechnology.com\/de\/kontaktieren-sie-uns\/#primaryimage"},"thumbnailUrl":"https:\/\/www.roamtechnology.com\/app\/uploads\/2021\/09\/contact-header.jpg","datePublished":"2024-04-18T10:35:22+00:00","dateModified":"2024-05-24T13:36:23+00:00","breadcrumb":{"@id":"https:\/\/www.roamtechnology.com\/de\/kontaktieren-sie-uns\/#breadcrumb"},"inLanguage":"de-DE","potentialAction":[{"@type":"ReadAction","target":["https:\/\/www.roamtechnology.com\/de\/kontaktieren-sie-uns\/"]}]},{"@type":"ImageObject","inLanguage":"de-DE","@id":"https:\/\/www.roamtechnology.com\/de\/kontaktieren-sie-uns\/#primaryimage","url":"https:\/\/www.roamtechnology.com\/app\/uploads\/2021\/09\/contact-header.jpg","contentUrl":"https:\/\/www.roamtechnology.com\/app\/uploads\/2021\/09\/contact-header.jpg","width":1440,"height":578},{"@type":"BreadcrumbList","@id":"https:\/\/www.roamtechnology.com\/de\/kontaktieren-sie-uns\/#breadcrumb","itemListElement":[{"@type":"ListItem","position":1,"name":"Home","item":"https:\/\/www.roamtechnology.com\/de\/"},{"@type":"ListItem","position":2,"name":"Kontaktieren Sie uns"}]},{"@type":"WebSite","@id":"https:\/\/www.roamtechnology.com\/de\/#website","url":"https:\/\/www.roamtechnology.com\/de\/","name":"Roam Technology","description":"Scientific By Nature","potentialAction":[{"@type":"SearchAction","target":{"@type":"EntryPoint","urlTemplate":"https:\/\/www.roamtechnology.com\/de\/?s={search_term_string}"},"query-input":{"@type":"PropertyValueSpecification","valueRequired":true,"valueName":"search_term_string"}}],"inLanguage":"de-DE"}]}},"_links":{"self":[{"href":"https:\/\/www.roamtechnology.com\/de\/wp-json\/wp\/v2\/pages\/6848","targetHints":{"allow":["GET"]}}],"collection":[{"href":"https:\/\/www.roamtechnology.com\/de\/wp-json\/wp\/v2\/pages"}],"about":[{"href":"https:\/\/www.roamtechnology.com\/de\/wp-json\/wp\/v2\/types\/page"}],"author":[{"embeddable":true,"href":"https:\/\/www.roamtechnology.com\/de\/wp-json\/wp\/v2\/users\/1"}],"replies":[{"embeddable":true,"href":"https:\/\/www.roamtechnology.com\/de\/wp-json\/wp\/v2\/comments?post=6848"}],"version-history":[{"count":4,"href":"https:\/\/www.roamtechnology.com\/de\/wp-json\/wp\/v2\/pages\/6848\/revisions"}],"predecessor-version":[{"id":7160,"href":"https:\/\/www.roamtechnology.com\/de\/wp-json\/wp\/v2\/pages\/6848\/revisions\/7160"}],"wp:featuredmedia":[{"embeddable":true,"href":"https:\/\/www.roamtechnology.com\/de\/wp-json\/wp\/v2\/media\/781"}],"wp:attachment":[{"href":"https:\/\/www.roamtechnology.com\/de\/wp-json\/wp\/v2\/media?parent=6848"}],"curies":[{"name":"wp","href":"https:\/\/api.w.org\/{rel}","templated":true}]}}